{"id":9849,"date":"2024-02-28T19:50:54","date_gmt":"2024-02-29T01:50:54","guid":{"rendered":"https:\/\/shininglightbaby.com\/lgbtq\/"},"modified":"2026-03-04T09:08:58","modified_gmt":"2026-03-04T15:08:58","slug":"lgbtq","status":"publish","type":"page","link":"https:\/\/shininglightbaby.com\/es\/padres-potenciales\/lgbtq\/","title":{"rendered":"LGBTQ"},"content":{"rendered":"<p>[et_pb_section fb_built=&#8221;1&#8243; custom_padding_last_edited=&#8221;on|desktop&#8221; admin_label=&#8221;Header&#8221; _builder_version=&#8221;4.27.0&#8243; background_image=&#8221;https:\/\/shininglightbaby.com\/wp-content\/uploads\/2024\/07\/fathers-gentle-embrace-as-he-carries-his-sleepy-baby-scaled.jpg&#8221; custom_margin=&#8221;0px|0px|0px|0px|false|true&#8221; custom_margin_tablet=&#8221;&#8221; custom_margin_phone=&#8221;0px|0px|0px|0px|false|true&#8221; custom_margin_last_edited=&#8221;on|desktop&#8221; custom_padding=&#8221;40px|0px|40px||false|false&#8221; custom_padding_tablet=&#8221;40px||||false|false&#8221; custom_padding_phone=&#8221;&#8221; hover_enabled=&#8221;0&#8243; border_radii_phone=&#8221;on|20px|20px|20px|20px&#8221; border_radii_last_edited=&#8221;off|desktop&#8221; locked=&#8221;off&#8221; global_colors_info=&#8221;{}&#8221; title_text=&#8221;fathers-gentle-embrace-as-he-carries-his-sleepy-baby&#8221; sticky_enabled=&#8221;0&#8243;][et_pb_row _builder_version=&#8221;4.26.0&#8243; _module_preset=&#8221;default&#8221; background_color=&#8221;rgba(247,247,247,0.72)&#8221; background_enable_image=&#8221;off&#8221; parallax=&#8221;on&#8221; max_width=&#8221;1200px&#8221; custom_padding=&#8221;80px|20px|80px|20px|false|false&#8221; box_shadow_style=&#8221;preset5&#8243; box_shadow_vertical=&#8221;40px&#8221; box_shadow_blur=&#8221;110px&#8221; box_shadow_spread=&#8221;0px&#8221; global_colors_info=&#8221;{}&#8221;][et_pb_column type=&#8221;4_4&#8243; _builder_version=&#8221;4.25.2&#8243; _module_preset=&#8221;default&#8221; global_colors_info=&#8221;{}&#8221;][et_pb_text _builder_version=&#8221;4.26.0&#8243; _module_preset=&#8221;default&#8221; text_font_size=&#8221;32px&#8221; header_font=&#8221;||||||||&#8221; header_font_size=&#8221;65px&#8221; header_line_height=&#8221;1.2em&#8221; max_width=&#8221;800px&#8221; module_alignment=&#8221;center&#8221; custom_margin=&#8221;||||false|false&#8221; custom_padding=&#8221;0px|0px|0px|0px|false|false&#8221; header_font_size_tablet=&#8221;65px&#8221; header_font_size_phone=&#8221;42px&#8221; header_font_size_last_edited=&#8221;on|phone&#8221; global_colors_info=&#8221;{}&#8221;]<\/p>\n<h1 style=\"text-align: center;\">Gestaci\u00f3n Subrogada LGBTQ<\/h1>\n<p>[\/et_pb_text][\/et_pb_column][\/et_pb_row][\/et_pb_section][et_pb_section fb_built=&#8221;1&#8243; _builder_version=&#8221;4.26.0&#8243; _module_preset=&#8221;default&#8221; min_height=&#8221;500px&#8221; custom_padding=&#8221;||0px|||&#8221; locked=&#8221;off&#8221; global_colors_info=&#8221;{}&#8221;][et_pb_row column_structure=&#8221;1_2,1_2&#8243; _builder_version=&#8221;4.26.0&#8243; _module_preset=&#8221;default&#8221; global_colors_info=&#8221;{}&#8221;][et_pb_column type=&#8221;1_2&#8243; _builder_version=&#8221;4.26.0&#8243; _module_preset=&#8221;default&#8221; global_colors_info=&#8221;{}&#8221;][et_pb_image src=&#8221;https:\/\/shininglightbaby.com\/wp-content\/uploads\/2024\/07\/Early-Education-Child-Care.jpg&#8221; title_text=&#8221;Educaci\u00f3n Infantil-Cuidados Tempranos&#8221; _builder_version=&#8221;4.27.0&#8243; _module_preset=&#8221;default&#8221; global_colors_info=&#8221;{}&#8221;][\/et_pb_image][\/et_pb_column][et_pb_column type=&#8221;1_2&#8243; _builder_version=&#8221;4.26.0&#8243; _module_preset=&#8221;default&#8221; global_colors_info=&#8221;{}&#8221;][et_pb_heading title=&#8221;Gestaci\u00f3n Subrogada para Parejas del Mismo Sexo y Padres LGBTQ+&#8221; _builder_version=&#8221;4.26.0&#8243; _module_preset=&#8221;default&#8221; title_level=&#8221;h2&#8243; title_font_size=&#8221;32px&#8221; title_line_height=&#8221;1.2em&#8221; global_colors_info=&#8221;{}&#8221;][\/et_pb_heading][et_pb_text _builder_version=&#8221;4.26.0&#8243; _module_preset=&#8221;default&#8221; global_colors_info=&#8221;{}&#8221;]<\/p>\n<p>En Shining Light Baby nos dedicamos a apoyar a las personas y parejas LGBTQ+ en su camino hacia la paternidad.<br \/>\nNuestros servicios integrales est\u00e1n dise\u00f1ados para garantizar una experiencia de gestaci\u00f3n subrogada fluida, informada y feliz, centr\u00e1ndonos en proteger tus derechos y proporcionando una atenci\u00f3n personalizada en cada paso del camino. <\/p>\n<p>[\/et_pb_text][et_pb_button button_url=&#8221;@ET-DC@eyJkeW5hbWljIjp0cnVlLCJjb250ZW50IjoicG9zdF9saW5rX3VybF9wYWdlIiwic2V0dGluZ3MiOnsicG9zdF9pZCI6IjE4ODgifX0=@&#8221; button_text=&#8221;Solicitar una consulta&#8221; button_alignment_phone=&#8221;center&#8221; _builder_version=&#8221;4.27.0&#8243; _dynamic_attributes=&#8221;button_url&#8221; custom_button=&#8221;off&#8221; custom_padding=&#8221;0.3em|2em|0.3em|2em|false|true&#8221; box_shadow_style=&#8221;none&#8221; locked=&#8221;off&#8221; global_colors_info=&#8221;{}&#8221; button_bg_enable_color__hover=&#8221;on&#8221; button_text_color__hover=&#8221;#ec9c5a&#8221; button_border_width__hover_enabled=&#8221;on|hover&#8221; button_text_color__hover_enabled=&#8221;off|desktop&#8221; button_bg_color__hover_enabled=&#8221;on|desktop&#8221;][\/et_pb_button][\/et_pb_column][\/et_pb_row][\/et_pb_section][et_pb_section fb_built=&#8221;1&#8243; _builder_version=&#8221;4.26.0&#8243; _module_preset=&#8221;default&#8221; background_color=&#8221;#F7F7F7&#8243; min_height=&#8221;500px&#8221; custom_padding=&#8221;||||false|false&#8221; locked=&#8221;off&#8221; global_colors_info=&#8221;{}&#8221;][et_pb_row column_structure=&#8221;1_2,1_2&#8243; _builder_version=&#8221;4.26.0&#8243; _module_preset=&#8221;default&#8221; global_colors_info=&#8221;{}&#8221;][et_pb_column type=&#8221;1_2&#8243; _builder_version=&#8221;4.26.0&#8243; _module_preset=&#8221;default&#8221; global_colors_info=&#8221;{}&#8221;][et_pb_heading title=&#8221;Creciente popularidad de la gestaci\u00f3n subrogada para las familias LGBTQ+&#8221; _builder_version=&#8221;4.27.0&#8243; _module_preset=&#8221;default&#8221; title_level=&#8221;h2&#8243; title_font_size=&#8221;32px&#8221; title_line_height=&#8221;1.2em&#8221; global_colors_info=&#8221;{}&#8221;][\/et_pb_heading][et_pb_text _builder_version=&#8221;4.26.0&#8243; _module_preset=&#8221;default&#8221; global_colors_info=&#8221;{}&#8221;]<\/p>\n<p>Cada vez es m\u00e1s frecuente que las parejas homosexuales y los solteros que desean una familia recurran a la gestaci\u00f3n subrogada.<br \/>\nEsta soluci\u00f3n de paternidad ha crecido por varias razones, como la legalizaci\u00f3n del matrimonio entre personas del mismo sexo en Estados Unidos y en muchos otros pa\u00edses, la mayor aceptaci\u00f3n p\u00fablica de las familias LGBTQ y los avances en la Tecnolog\u00eda de Reproducci\u00f3n Asistida (TRA).<br \/>\nEstos factores, combinados con las relaciones positivas que se construyen a trav\u00e9s del proceso de gestaci\u00f3n subrogada, han hecho que un n\u00famero creciente de parejas del mismo sexo y de futuros padres solteros homosexuales elijan la gestaci\u00f3n subrogada para construir sus familias.  <\/p>\n<p>[\/et_pb_text][et_pb_button button_url=&#8221;@ET-DC@eyJkeW5hbWljIjp0cnVlLCJjb250ZW50IjoicG9zdF9saW5rX3VybF9wYWdlIiwic2V0dGluZ3MiOnsicG9zdF9pZCI6IjE4ODgifX0=@&#8221; button_text=&#8221;Solicitar una consulta&#8221; button_alignment_phone=&#8221;center&#8221; _builder_version=&#8221;4.27.0&#8243; _dynamic_attributes=&#8221;button_url&#8221; custom_button=&#8221;off&#8221; custom_padding=&#8221;0.3em|2em|0.3em|2em|false|true&#8221; box_shadow_style=&#8221;none&#8221; locked=&#8221;off&#8221; global_colors_info=&#8221;{}&#8221; button_bg_enable_color__hover=&#8221;on&#8221; button_text_color__hover=&#8221;#ec9c5a&#8221; button_border_width__hover_enabled=&#8221;on|hover&#8221; button_text_color__hover_enabled=&#8221;off|desktop&#8221; button_bg_color__hover_enabled=&#8221;on|desktop&#8221;][\/et_pb_button][\/et_pb_column][et_pb_column type=&#8221;1_2&#8243; _builder_version=&#8221;4.26.0&#8243; _module_preset=&#8221;default&#8221; global_colors_info=&#8221;{}&#8221;][et_pb_image src=&#8221;https:\/\/shininglightbaby.com\/wp-content\/uploads\/2024\/07\/gay-fathers-and-sons-having-fun-outdoor-during-sum-2023-11-27-05-34-33-utc-scaled.jpg&#8221; title_text=&#8221;Padres e hijos gays divirti\u00e9ndose al aire libre durante las vacaciones de verano &#8211; Concepto de amor familiar LGBT &#8211; Enfoque en el rostro del hombre derecho&#8221; _builder_version=&#8221;4.27.0&#8243; _module_preset=&#8221;default&#8221; global_colors_info=&#8221;{}&#8221;][\/et_pb_image][\/et_pb_column][\/et_pb_row][\/et_pb_section][et_pb_section fb_built=&#8221;1&#8243; custom_padding_last_edited=&#8221;on|phone&#8221; _builder_version=&#8221;4.26.0&#8243; _module_preset=&#8221;default&#8221; min_height=&#8221;500px&#8221; custom_padding=&#8221;||60px||false|false&#8221; custom_padding_tablet=&#8221;||60px||false|false&#8221; custom_padding_phone=&#8221;||20px||false|false&#8221; locked=&#8221;off&#8221; global_colors_info=&#8221;{}&#8221;][et_pb_row custom_padding_last_edited=&#8221;on|phone&#8221; _builder_version=&#8221;4.27.0&#8243; _module_preset=&#8221;default&#8221; custom_margin_tablet=&#8221;&#8221; custom_margin_phone=&#8221;|30px||30px|false|false&#8221; custom_margin_last_edited=&#8221;on|phone&#8221; custom_padding_tablet=&#8221;&#8221; custom_padding_phone=&#8221;&#8221; global_colors_info=&#8221;{}&#8221;][et_pb_column type=&#8221;4_4&#8243; _builder_version=&#8221;4.26.0&#8243; _module_preset=&#8221;default&#8221; global_colors_info=&#8221;{}&#8221;][et_pb_image src=&#8221;https:\/\/shininglightbaby.com\/wp-content\/uploads\/2024\/07\/same-sex-male-couple-or-friends-cuddling-sleeping-2024-05-02-17-35-44-utc-scaled.jpg&#8221; title_text=&#8221;Pareja Masculina Del Mismo Sexo O Amigos Acurrucando A Su Hija Durmiendo En El Sof\u00e1 De Su Casa Juntos&#8221; align=&#8221;center&#8221; _builder_version=&#8221;4.27.0&#8243; _module_preset=&#8221;default&#8221; max_width=&#8221;800px&#8221; global_colors_info=&#8221;{}&#8221;][\/et_pb_image][et_pb_heading title=&#8221;Apoyo integral a los padres LGBTQ+&#8221; _builder_version=&#8221;4.27.0&#8243; _module_preset=&#8221;default&#8221; title_level=&#8221;h2&#8243; title_text_align=&#8221;center&#8221; title_font_size=&#8221;32px&#8221; title_line_height=&#8221;1.2em&#8221; global_colors_info=&#8221;{}&#8221;][\/et_pb_heading][et_pb_text _builder_version=&#8221;4.26.0&#8243; _module_preset=&#8221;default&#8221; global_colors_info=&#8221;{}&#8221;]<\/p>\n<p>En Shining Light Baby, nos comprometemos a proporcionar un apoyo integral adaptado a las necesidades \u00fanicas de los padres LGBTQ+ y las parejas del mismo sexo.<br \/>\nComprendemos las consideraciones y retos espec\u00edficos que conlleva el viaje de la maternidad subrogada para las personas LGBTQ+.<br \/>\nNuestro equipo de profesionales experimentados se dedica a garantizar que te sientas informado, apoyado y seguro en cada paso del camino.  <\/p>\n<p>Damos prioridad a la comunicaci\u00f3n eficaz y proporcionamos el nivel de apoyo que necesitas, gestionando todas las cuestiones log\u00edsticas con cuidado y precisi\u00f3n.<br \/>\nTanto si eres una pareja del mismo sexo como un progenitor soltero, nos aseguramos de que tus derechos parentales est\u00e9n protegidos y de que el proceso legal sea fluido y sencillo.<br \/>\nNuestra red de abogados expertos conoce bien las leyes de cada estado, ofreci\u00e9ndote tranquilidad y seguridad a lo largo de todo el proceso.  <\/p>\n<p>[\/et_pb_text][et_pb_toggle title=&#8221;Comprometidos con la familia&#8221; _builder_version=&#8221;4.27.0&#8243; _module_preset=&#8221;default&#8221; global_colors_info=&#8221;{}&#8221;]<\/p>\n<p>Elegir una agencia puede ser abrumador, pero con Shining Light Baby est\u00e1s en buenas manos.<br \/>\nNuestra agencia est\u00e1 realmente comprometida con tu sue\u00f1o de ser madre, ofreci\u00e9ndote orientaci\u00f3n personalizada y un apoyo inquebrantable.<br \/>\nEstamos aqu\u00ed para ayudarte a navegar por el proceso de gestaci\u00f3n subrogada, garantiz\u00e1ndote una experiencia satisfactoria y positiva mientras das este paso que cambiar\u00e1 tu vida hacia la construcci\u00f3n de tu familia.  <\/p>\n<p>[\/et_pb_toggle][et_pb_toggle title=&#8221;Partidarios de que los hombres tengan hijos&#8221; _builder_version=&#8221;4.27.0&#8243; _module_preset=&#8221;default&#8221; global_colors_info=&#8221;{}&#8221;]<\/p>\n<p>Shining Light Baby se enorgullece de apoyar a Men Having Babies, una organizaci\u00f3n sin \u00e1nimo de lucro dedicada a ayudar a los futuros padres homosexuales a alcanzar sus objetivos de paternidad biol\u00f3gica.<br \/>\nMen Having Babies ofrece recursos educativos, promueve servicios asequibles de gestaci\u00f3n subrogada, sensibiliza sobre la reproducci\u00f3n por terceros y ofrece seminarios y talleres para apoyar su misi\u00f3n.<br \/>\nCompartimos su compromiso con la creaci\u00f3n de relaciones positivas y el \u00e9xito en la construcci\u00f3n de familias.  <\/p>\n<p>[\/et_pb_toggle][et_pb_toggle title=&#8221;Reproducci\u00f3n por terceros&#8221; _builder_version=&#8221;4.27.0&#8243; _module_preset=&#8221;default&#8221; global_colors_info=&#8221;{}&#8221;]<\/p>\n<p>La Reproducci\u00f3n por Terceros ofrece a las parejas del mismo sexo y a los futuros padres solteros homosexuales la oportunidad de tener su propio hijo biol\u00f3gico.<br \/>\nMediante la gestaci\u00f3n subrogada, con la ayuda de un donante de \u00f3vulos o de esperma, este sue\u00f1o se hace realidad.<br \/>\nMuchos estados de Estados Unidos son legalmente favorables a los futuros padres homosexuales.<br \/>\nAl trabajar con una madre de alquiler en uno de estos estados, puedes estar seguro de que tus derechos parentales est\u00e1n protegidos, lo que garantiza un proceso legal sin problemas.<br \/>\nLa red de abogados experimentados de Shining Light Baby conoce bien las leyes de cada estado y te guiar\u00e1 a trav\u00e9s de los aspectos legales antes de que te emparejes con una posible madre de alquiler.    <\/p>\n<p>[\/et_pb_toggle][et_pb_toggle title=&#8221;Emparejamiento con una madre de alquiler en un estado legalmente favorable&#8221; _builder_version=&#8221;4.27.0&#8243; _module_preset=&#8221;default&#8221; global_colors_info=&#8221;{}&#8221;]<\/p>\n<p>En Shining Light Baby somos conscientes de la importancia de garantizar la protecci\u00f3n jur\u00eddica de los padres LGBTQ+ y de las parejas del mismo sexo durante todo el proceso de gestaci\u00f3n subrogada.<br \/>\nNos dedicamos a emparejarte con una madre de alquiler en un estado jur\u00eddicamente favorable, donde tus derechos parentales est\u00e9n plenamente reconocidos y protegidos. <\/p>\n<p>Nuestro experimentado equipo trabaja diligentemente para ponerte en contacto con madres de alquiler en estados que tienen leyes de gestaci\u00f3n subrogada bien definidas y favorables a las familias LGBTQ+.<br \/>\nEsto garantiza que puedas tener un contrato de gestaci\u00f3n subrogada ejecutable y establecer los derechos parentales antes o poco despu\u00e9s del nacimiento de tu beb\u00e9.<br \/>\nEsta base legal es crucial para obtener la documentaci\u00f3n necesaria para la ciudadan\u00eda de tu hijo y garantizar que tu filiaci\u00f3n se reconoce sin complicaciones.  <\/p>\n<p>Al elegir a Shining Light Baby, puedes estar segura de que se te asignar\u00e1 una madre de alquiler en un estado en el que el proceso legal es fluido y seguro.<br \/>\nNuestros abogados expertos te guiar\u00e1n en cada paso legal, proporcion\u00e1ndote claridad y apoyo para garantizar que tu viaje hacia la paternidad sea lo m\u00e1s fluido y libre de estr\u00e9s posible.<br \/>\nEstamos aqu\u00ed para hacer realidad tu sue\u00f1o de formar una familia, con la protecci\u00f3n jur\u00eddica que necesitas para sentirte confiada y segura.  <\/p>\n<p>[\/et_pb_toggle][et_pb_toggle title=&#8221;Organizaci\u00f3n del viaje&#8221; _builder_version=&#8221;4.27.0&#8243; _module_preset=&#8221;default&#8221; global_colors_info=&#8221;{}&#8221;]<\/p>\n<p>Como futura madre internacional, puedes esperar visitar Estados Unidos entre 2 y 4 veces durante tu viaje de gestaci\u00f3n subrogada.<br \/>\nEsto suele incluir visitas para la revisi\u00f3n m\u00e9dica inicial, hitos clave como la ecograf\u00eda de las 20 semanas y el nacimiento de tu beb\u00e9.<br \/>\nShining Light Baby te ayuda con todos los preparativos del viaje, asegur\u00e1ndose de que tus visitas sean fluidas y est\u00e9n bien coordinadas.<br \/>\nTambi\u00e9n te ayudaremos a obtener el pasaporte de tu beb\u00e9 y cualquier certificado adicional necesario para viajes internacionales.   <\/p>\n<p>[\/et_pb_toggle][et_pb_button button_url=&#8221;@ET-DC@eyJkeW5hbWljIjp0cnVlLCJjb250ZW50IjoicG9zdF9saW5rX3VybF9wYWdlIiwic2V0dGluZ3MiOnsicG9zdF9pZCI6IjE4ODgifX0=@&#8221; button_text=&#8221;Solicitar una consulta&#8221; button_alignment=&#8221;center&#8221; button_alignment_phone=&#8221;center&#8221; _builder_version=&#8221;4.27.0&#8243; _dynamic_attributes=&#8221;button_url&#8221; custom_button=&#8221;off&#8221; custom_padding=&#8221;0.3em|2em|0.3em|2em|false|true&#8221; box_shadow_style=&#8221;none&#8221; locked=&#8221;off&#8221; global_colors_info=&#8221;{}&#8221; button_bg_enable_color__hover=&#8221;on&#8221; button_text_color__hover=&#8221;#ec9c5a&#8221; button_border_width__hover_enabled=&#8221;on|hover&#8221; button_text_color__hover_enabled=&#8221;off|desktop&#8221; button_bg_color__hover_enabled=&#8221;on|desktop&#8221;][\/et_pb_button][\/et_pb_column][\/et_pb_row][\/et_pb_section][et_pb_section fb_built=&#8221;1&#8243; _builder_version=&#8221;4.27.0&#8243; _module_preset=&#8221;default&#8221; background_color=&#8221;#F7F7F7&#8243; min_height=&#8221;500px&#8221; custom_padding=&#8221;||||false|false&#8221; locked=&#8221;off&#8221; global_colors_info=&#8221;{}&#8221;][et_pb_row column_structure=&#8221;1_2,1_2&#8243; _builder_version=&#8221;4.26.0&#8243; _module_preset=&#8221;default&#8221; global_colors_info=&#8221;{}&#8221;][et_pb_column type=&#8221;1_2&#8243; _builder_version=&#8221;4.26.0&#8243; _module_preset=&#8221;default&#8221; global_colors_info=&#8221;{}&#8221;][et_pb_heading title=&#8221;Comienza tu viaje con Shining Light Baby&#8221; _builder_version=&#8221;4.27.0&#8243; _module_preset=&#8221;default&#8221; title_level=&#8221;h2&#8243; title_font_size=&#8221;32px&#8221; title_line_height=&#8221;1.2em&#8221; global_colors_info=&#8221;{}&#8221;][\/et_pb_heading][et_pb_text _builder_version=&#8221;4.26.0&#8243; _module_preset=&#8221;default&#8221; global_colors_info=&#8221;{}&#8221;]<\/p>\n<p>Si est\u00e1s preparada para dar el primer paso hacia la construcci\u00f3n de tu familia, te invitamos a ponerte en contacto con nosotros hoy mismo.<br \/>\nDeja que Shining Light Baby sea tu socio de confianza en este viaje que te cambiar\u00e1 la vida, proporcion\u00e1ndote el apoyo, la experiencia y la atenci\u00f3n que necesitas para hacer realidad tu sue\u00f1o de ser madre. <\/p>\n<p>Ponte en contacto con nosotros para saber m\u00e1s sobre c\u00f3mo podemos ayudarte en este incre\u00edble viaje.<\/p>\n<p>[\/et_pb_text][et_pb_button button_url=&#8221;@ET-DC@eyJkeW5hbWljIjp0cnVlLCJjb250ZW50IjoicG9zdF9saW5rX3VybF9wYWdlIiwic2V0dGluZ3MiOnsicG9zdF9pZCI6IjE4ODgifX0=@&#8221; button_text=&#8221;Solicitar una consulta&#8221; button_alignment_phone=&#8221;center&#8221; button_alignment_last_edited=&#8221;off|desktop&#8221; _builder_version=&#8221;4.27.0&#8243; _dynamic_attributes=&#8221;button_url&#8221; custom_button=&#8221;off&#8221; custom_padding=&#8221;0.3em|2em|0.3em|2em|false|true&#8221; box_shadow_style=&#8221;none&#8221; locked=&#8221;off&#8221; global_colors_info=&#8221;{}&#8221; button_bg_enable_color__hover=&#8221;on&#8221; button_text_color__hover=&#8221;#ec9c5a&#8221; button_border_width__hover_enabled=&#8221;on|hover&#8221; button_text_color__hover_enabled=&#8221;off|desktop&#8221; button_bg_color__hover_enabled=&#8221;on|desktop&#8221;][\/et_pb_button][\/et_pb_column][et_pb_column type=&#8221;1_2&#8243; _builder_version=&#8221;4.26.0&#8243; _module_preset=&#8221;default&#8221; global_colors_info=&#8221;{}&#8221;][et_pb_image src=&#8221;https:\/\/shininglightbaby.com\/wp-content\/uploads\/2024\/07\/gay-happy-couple-with-their-newborn-baby-in-a-park-2023-11-27-05-03-57-utc-scaled-e1721418627861.jpg&#8221; title_text=&#8221;Pareja gay feliz con su beb\u00e9 reci\u00e9n nacido en un parque.&#8221; _builder_version=&#8221;4.27.0&#8243; _module_preset=&#8221;default&#8221; global_colors_info=&#8221;{}&#8221;][\/et_pb_image][\/et_pb_column][\/et_pb_row][\/et_pb_section]<\/p>\n","protected":false},"excerpt":{"rendered":"<p>Gestaci\u00f3n Subrogada LGBTQEn Shining Light Baby nos dedicamos a apoyar a las personas y parejas LGBTQ+ en su camino hacia la paternidad. Nuestros servicios integrales est\u00e1n dise\u00f1ados para garantizar una experiencia de gestaci\u00f3n subrogada fluida, informada y feliz, centr\u00e1ndonos en proteger tus derechos y proporcionando una atenci\u00f3n personalizada en cada paso del camino. Cada vez [&hellip;]<\/p>\n","protected":false},"author":17,"featured_media":0,"parent":9957,"menu_order":0,"comment_status":"closed","ping_status":"closed","template":"","meta":{"_et_pb_use_builder":"on","_et_pb_old_content":"","_et_gb_content_width":"","footnotes":""},"class_list":["post-9849","page","type-page","status-publish","hentry"],"_links":{"self":[{"href":"https:\/\/shininglightbaby.com\/es\/wp-json\/wp\/v2\/pages\/9849","targetHints":{"allow":["GET"]}}],"collection":[{"href":"https:\/\/shininglightbaby.com\/es\/wp-json\/wp\/v2\/pages"}],"about":[{"href":"https:\/\/shininglightbaby.com\/es\/wp-json\/wp\/v2\/types\/page"}],"author":[{"embeddable":true,"href":"https:\/\/shininglightbaby.com\/es\/wp-json\/wp\/v2\/users\/17"}],"replies":[{"embeddable":true,"href":"https:\/\/shininglightbaby.com\/es\/wp-json\/wp\/v2\/comments?post=9849"}],"version-history":[{"count":2,"href":"https:\/\/shininglightbaby.com\/es\/wp-json\/wp\/v2\/pages\/9849\/revisions"}],"predecessor-version":[{"id":13035,"href":"https:\/\/shininglightbaby.com\/es\/wp-json\/wp\/v2\/pages\/9849\/revisions\/13035"}],"up":[{"embeddable":true,"href":"https:\/\/shininglightbaby.com\/es\/wp-json\/wp\/v2\/pages\/9957"}],"wp:attachment":[{"href":"https:\/\/shininglightbaby.com\/es\/wp-json\/wp\/v2\/media?parent=9849"}],"curies":[{"name":"wp","href":"https:\/\/api.w.org\/{rel}","templated":true}]}}