{"id":9839,"date":"2022-08-12T16:49:08","date_gmt":"2022-08-12T21:49:08","guid":{"rendered":"https:\/\/shininglightbaby.com\/por-que-elegir-shining-light-baby-para-la-gestacion-subrogada\/"},"modified":"2026-03-04T09:09:24","modified_gmt":"2026-03-04T15:09:24","slug":"por-que-elegir-shining-light-baby-para-la-gestacion-subrogada","status":"publish","type":"page","link":"https:\/\/shininglightbaby.com\/es\/por-que-elegir-shining-light-baby-para-la-gestacion-subrogada\/","title":{"rendered":"Por qu\u00e9 elegir Shining Light Baby para la gestaci\u00f3n subrogada"},"content":{"rendered":"<p>[et_pb_section fb_built=&#8221;1&#8243; custom_padding_last_edited=&#8221;on|phone&#8221; admin_label=&#8221;Header&#8221; _builder_version=&#8221;4.25.2&#8243; background_image=&#8221;https:\/\/shininglightbaby.com\/wp-content\/uploads\/2022\/06\/29.jpg&#8221; parallax=&#8221;on&#8221; custom_margin=&#8221;||||false|true&#8221; custom_margin_tablet=&#8221;&#8221; custom_margin_phone=&#8221;||||false|true&#8221; custom_margin_last_edited=&#8221;on|desktop&#8221; custom_padding=&#8221;40px|0px|0px||false|false&#8221; custom_padding_tablet=&#8221;40px||||false|false&#8221; custom_padding_phone=&#8221;&#8221; border_radii_phone=&#8221;on|20px|20px|20px|20px&#8221; border_radii_last_edited=&#8221;off|desktop&#8221; locked=&#8221;off&#8221; global_colors_info=&#8221;{}&#8221;][et_pb_row custom_padding_last_edited=&#8221;on|tablet&#8221; admin_label=&#8221;Fila&#8221; _builder_version=&#8221;4.25.2&#8243; parallax=&#8221;on&#8221; transform_scale_tablet=&#8221;&#8221; transform_scale_phone=&#8221;&#8221; transform_scale_last_edited=&#8221;on|desktop&#8221; transform_translate=&#8221;30px|0px&#8221; transform_translate_tablet=&#8221;0px|0px&#8221; transform_translate_phone=&#8221;&#8221; transform_translate_last_edited=&#8221;on|tablet&#8221; transform_translate_linked=&#8221;off&#8221; transform_rotate_tablet=&#8221;&#8221; transform_rotate_phone=&#8221;&#8221; transform_rotate_last_edited=&#8221;on|desktop&#8221; transform_skew_tablet=&#8221;&#8221; transform_skew_phone=&#8221;&#8221; transform_skew_last_edited=&#8221;on|desktop&#8221; transform_origin_tablet=&#8221;&#8221; transform_origin_phone=&#8221;&#8221; transform_origin_last_edited=&#8221;on|desktop&#8221; transform_styles_last_edited=&#8221;on|tablet&#8221; width_tablet=&#8221;90%&#8221; width_phone=&#8221;&#8221; width_last_edited=&#8221;on|desktop&#8221; max_width=&#8221;1200px&#8221; custom_padding=&#8221;100px|60px|100px|60px|true|true&#8221; custom_padding_tablet=&#8221;60px||60px||true|true&#8221; custom_padding_phone=&#8221;40px|20px|40px|20px|true|true&#8221; hover_enabled=&#8221;0&#8243; transform_styles_tablet=&#8221;&#8221; transform_styles_phone=&#8221;&#8221; border_radii_phone=&#8221;off|8px|8px||&#8221; border_radii_last_edited=&#8221;off|desktop&#8221; box_shadow_style=&#8221;preset3&#8243; box_shadow_vertical=&#8221;40px&#8221; box_shadow_blur=&#8221;110px&#8221; box_shadow_spread=&#8221;0px&#8221; box_shadow_color=&#8221;rgba(9,6,38,0.62)&#8221; global_colors_info=&#8221;{}&#8221; background_enable_image=&#8221;off&#8221; background_color=&#8221;rgba(255,255,255,0.75)&#8221; sticky_enabled=&#8221;0&#8243;][et_pb_column type=&#8221;4_4&#8243; _builder_version=&#8221;4.16&#8243; global_colors_info=&#8221;{}&#8221;][et_pb_text _builder_version=&#8221;4.16&#8243; text_font_size=&#8221;17px&#8221; text_line_height=&#8221;1.6em&#8221; header_font=&#8221;Taviraj||||||||&#8221; header_font_size=&#8221;60px&#8221; header_line_height=&#8221;1.2em&#8221; max_width_last_edited=&#8221;off|desktop&#8221; hover_enabled=&#8221;0&#8243; text_font_size_tablet=&#8221;18px&#8221; text_font_size_phone=&#8221;16px&#8221; text_font_size_last_edited=&#8221;on|tablet&#8221; header_font_size_tablet=&#8221;40px&#8221; header_font_size_phone=&#8221;30px&#8221; header_font_size_last_edited=&#8221;on|desktop&#8221; locked=&#8221;off&#8221; global_colors_info=&#8221;{}&#8221; sticky_enabled=&#8221;0&#8243;]<\/p>\n<h1>\u00bfPor qu\u00e9 elegir Shining Light Baby?<\/h1>\n<p>[\/et_pb_text][\/et_pb_column][\/et_pb_row][\/et_pb_section][et_pb_section fb_built=&#8221;1&#8243; admin_label=&#8221;About&#8221; _builder_version=&#8221;4.25.2&#8243; background_color=&#8221;rgba(0,0,0,0)&#8221; z_index=&#8221;1&#8243; custom_margin=&#8221;|40px||40px|false|true&#8221; custom_margin_tablet=&#8221;&#8221; custom_margin_phone=&#8221;|20px||20px|false|true&#8221; custom_margin_last_edited=&#8221;on|tablet&#8221; custom_padding=&#8221;0px|0px|0px|0px|false|false&#8221; global_colors_info=&#8221;{}&#8221;][et_pb_row column_structure=&#8221;1_2,1_2&#8243; custom_padding_last_edited=&#8221;on|desktop&#8221; _builder_version=&#8221;4.25.2&#8243; background_color=&#8221;#ffffff&#8221; z_index=&#8221;0&#8243; width_tablet=&#8221;90%&#8221; width_phone=&#8221;100%&#8221; width_last_edited=&#8221;on|desktop&#8221; max_width=&#8221;1200px&#8221; overflow-x=&#8221;visible&#8221; overflow-y=&#8221;visible&#8221; custom_margin=&#8221;|auto||auto|false|false&#8221; custom_margin_tablet=&#8221;-30px|auto||auto|false|false&#8221; custom_margin_phone=&#8221;0px|-48px|0px|0px|false|false&#8221; custom_margin_last_edited=&#8221;on|phone&#8221; custom_padding=&#8221;60px|60px|60px|90px|true|false&#8221; custom_padding_tablet=&#8221;|||60px|false|false&#8221; custom_padding_phone=&#8221;|20px||20px|false|true&#8221; hover_enabled=&#8221;0&#8243; box_shadow_style=&#8221;preset3&#8243; box_shadow_vertical=&#8221;40px&#8221; box_shadow_blur=&#8221;110px&#8221; box_shadow_spread=&#8221;0px&#8221; box_shadow_color=&#8221;rgba(113,122,186,0.5)&#8221; global_colors_info=&#8221;{}&#8221; width__hover_enabled=&#8221;off&#8221; sticky_enabled=&#8221;0&#8243;][et_pb_column type=&#8221;1_2&#8243; _builder_version=&#8221;4.16&#8243; global_colors_info=&#8221;{}&#8221;][et_pb_text _builder_version=&#8221;4.16&#8243; text_font_size=&#8221;17px&#8221; text_line_height=&#8221;1.8em&#8221; header_2_font=&#8221;Taviraj||||||||&#8221; header_2_font_size=&#8221;50px&#8221; header_2_line_height=&#8221;1.2em&#8221; background_enable_color=&#8221;off&#8221; max_width=&#8221;550px&#8221; max_width_tablet=&#8221;100%&#8221; max_width_phone=&#8221;100%&#8221; max_width_last_edited=&#8221;off|desktop&#8221; link_option_url=&#8221;#&#8221; text_font_size_tablet=&#8221;&#8221; text_font_size_phone=&#8221;15px&#8221; text_font_size_last_edited=&#8221;on|desktop&#8221; header_2_font_size_tablet=&#8221;40px&#8221; header_2_font_size_phone=&#8221;30px&#8221; header_2_font_size_last_edited=&#8221;on|phone&#8221; border_radii=&#8221;on|6px|6px|6px|6px&#8221; locked=&#8221;off&#8221; global_colors_info=&#8221;{}&#8221;]<\/p>\n<h2 class=\"fusion-responsive-typography-calculated\" data-fontsize=\"46\" data-lineheight=\"57.5px\" data-fusion-font=\"true\"><span data-fusion-font=\"true\">Entendemos<\/span><\/h2>\n<p>Tienes muchas opciones de agencias de gestaci\u00f3n subrogada y agradecemos que consideres a Shining Light Baby para guiarte en este viaje de tu vida.<br \/>\nSomos expertos en Gestaci\u00f3n Subrogada con una larga y profunda pasi\u00f3n por lo que hacemos.<br \/>\nCon m\u00e1s de veinticinco a\u00f1os de experiencia combinada en el sector de la Reproducci\u00f3n por Terceros, conocemos a fondo los detalles y pasos necesarios para que alcances tu sue\u00f1o con una experiencia de Gestaci\u00f3n Subrogada satisfactoria.    <\/p>\n<p>[\/et_pb_text][et_pb_button button_url=&#8221;@ET-DC@eyJkeW5hbWljIjp0cnVlLCJjb250ZW50IjoicG9zdF9saW5rX3VybF9wYWdlIiwic2V0dGluZ3MiOnsicG9zdF9pZCI6IjM3MiJ9fQ==@&#8221; button_text=&#8221;Concierta una cita&#8221; _builder_version=&#8221;4.25.2&#8243; _dynamic_attributes=&#8221;button_url&#8221; button_bg_use_color_gradient=&#8221;on&#8221; button_bg_color_gradient_stops=&#8221;#ec9c5a 0%|#ec9c5a 100%&#8221; button_bg_color_gradient_start=&#8221;#ec9c5a&#8221; button_bg_color_gradient_end=&#8221;#ec9c5a&#8221; custom_margin_tablet=&#8221;|||50px|false|false&#8221; custom_margin_last_edited=&#8221;off|tablet&#8221; hover_enabled=&#8221;0&#8243; locked=&#8221;off&#8221; global_colors_info=&#8221;{}&#8221; button_bg_color__hover_enabled=&#8221;off&#8221; custom_button=&#8221;off&#8221; sticky_enabled=&#8221;0&#8243; box_shadow_style=&#8221;none&#8221;][\/et_pb_button][\/et_pb_column][et_pb_column type=&#8221;1_2&#8243; _builder_version=&#8221;4.16&#8243; global_colors_info=&#8221;{}&#8221;][et_pb_image src=&#8221;https:\/\/shininglightbaby.com\/wp-content\/uploads\/2022\/08\/2.png&#8221; title_text=&#8221;2&#8243; _builder_version=&#8221;4.16&#8243; border_radii=&#8221;on|6px|6px|6px|6px&#8221; box_shadow_style=&#8221;preset3&#8243; box_shadow_vertical=&#8221;30px&#8221; box_shadow_blur=&#8221;100px&#8221; box_shadow_spread=&#8221;50px&#8221; box_shadow_color=&#8221;rgba(102,100,126,0.2)&#8221; global_colors_info=&#8221;{}&#8221;][\/et_pb_image][\/et_pb_column][\/et_pb_row][et_pb_row _builder_version=&#8221;4.25.2&#8243; _module_preset=&#8221;default&#8221; global_colors_info=&#8221;{}&#8221;][et_pb_column type=&#8221;4_4&#8243; _builder_version=&#8221;4.25.2&#8243; _module_preset=&#8221;default&#8221; global_colors_info=&#8221;{}&#8221;][et_pb_text _builder_version=&#8221;4.25.2&#8243; text_font_size=&#8221;17px&#8221; text_line_height=&#8221;1.8em&#8221; header_2_font=&#8221;Taviraj||||||||&#8221; header_2_font_size=&#8221;46px&#8221; header_2_line_height=&#8221;1.2em&#8221; custom_margin=&#8221;80px||||false|false&#8221; custom_padding=&#8221;||||false|false&#8221; custom_padding_tablet=&#8221;|30px||50px|true|false&#8221; custom_padding_phone=&#8221;|30px|||true|false&#8221; custom_padding_last_edited=&#8221;off|tablet&#8221; text_font_size_tablet=&#8221;&#8221; text_font_size_phone=&#8221;15px&#8221; text_font_size_last_edited=&#8221;on|desktop&#8221; header_2_font_size_tablet=&#8221;40px&#8221; header_2_font_size_phone=&#8221;30px&#8221; header_2_font_size_last_edited=&#8221;on|phone&#8221; global_colors_info=&#8221;{}&#8221;]<\/p>\n<h2 style=\"text-align: center;\">Historias brillantes de familias brillantes<\/h2>\n<p>[\/et_pb_text][\/et_pb_column][\/et_pb_row][\/et_pb_section][et_pb_section fb_built=&#8221;1&#8243; admin_label=&#8221;FAQ&#8221; _builder_version=&#8221;4.25.2&#8243; custom_padding=&#8221;30px|0px|||false|false&#8221; locked=&#8221;off&#8221; global_colors_info=&#8221;{}&#8221;][et_pb_row _builder_version=&#8221;4.25.2&#8243; background_enable_color=&#8221;off&#8221; global_colors_info=&#8221;{}&#8221;][et_pb_column type=&#8221;4_4&#8243; _builder_version=&#8221;4.16&#8243; global_colors_info=&#8221;{}&#8221;][et_pb_testimonial author=&#8221;Sara&#8221; job_title=&#8221;Shining Light Baby Subrogada&#8221; _builder_version=&#8221;4.25.2&#8243; _module_preset=&#8221;default&#8221; global_colors_info=&#8221;{}&#8221;]<\/p>\n<p>Mi primer viaje fue todo lo que esperaba, y sent\u00ed que despu\u00e9s quer\u00eda ayudar a otra familia.<br \/>\nEn 2021, decid\u00ed solicitar de nuevo ser madre de alquiler con Shining Light Baby.<br \/>\nMe dieron una segunda oportunidad para ayudar a construir una hermosa familia y aqu\u00ed me emparejaron en 2021 con una maravillosa madre soltera de Barcelona.  <\/p>\n<p>En 2022, al igual que la primera vez, hicimos una transferencia de embriones, \u00a1y fue un \u00e9xito!<br \/>\nEn 2023 di a luz a otra dulce ni\u00f1a.<br \/>\nDisfrut\u00e9 de mi embarazo subrogado y tuve el viaje m\u00e1s incre\u00edble desde el principio hasta el final.<br \/>\nTuve la bendici\u00f3n de tener a mi \u00faltimo beb\u00e9 por gestaci\u00f3n subrogada.   <\/p>\n<p>Gracias a todo el personal de Shining Light Baby por darme el regalo y la oportunidad de tener mi \u00faltimo embarazo subrogado y por creer en m\u00ed que pod\u00eda ayudar a mi \u00faltima familia, os quiero a todos los de Shining Light Baby por estar conmigo y cuidar de m\u00ed todo el tiempo.<br \/>\nMe ayudasteis desde el principio hasta el final de mi viaje <\/p>\n<p>Si volviera a tener la oportunidad de ayudar a una familia, no me lo pensar\u00eda dos veces antes de trabajar con Shining Light Baby.<br \/>\nOfrecen un apoyo apasionado a las madres de alquiler y a los futuros padres para garantizarles un viaje hermoso y sin complicaciones. <\/p>\n<p>[\/et_pb_testimonial][et_pb_testimonial author=&#8221;David&#8221; job_title=&#8221;Shining Light Padres potenciales&#8221; _builder_version=&#8221;4.25.2&#8243; _module_preset=&#8221;default&#8221; global_colors_info=&#8221;{}&#8221;]\u00a1Una agencia estupenda!<br \/>\nDespu\u00e9s de tratar con otras agencias de gestaci\u00f3n subrogada, conocimos a Shining Light Baby y desde el primer momento sentimos que las cosas iban a ser diferentes.<br \/>\nNo eres s\u00f3lo un cliente o un n\u00famero, van m\u00e1s all\u00e1 y abrazan tu proyecto familiar: te apoyan en cada paso y \u00a1est\u00e1n siempre ah\u00ed para ti!<br \/>\n\u00a1Casi un a\u00f1o despu\u00e9s de nuestra aventura seguimos en contacto con ellos y los sentimos como de la familia![\/et_pb_testimonial][\/et_pb_column][\/et_pb_row][\/et_pb_section]<\/p>\n","protected":false},"excerpt":{"rendered":"<p>\u00bfPor qu\u00e9 elegir Shining Light Baby?Entendemos Tienes muchas opciones de agencias de gestaci\u00f3n subrogada y agradecemos que consideres a Shining Light Baby para guiarte en este viaje de tu vida. Somos expertos en Gestaci\u00f3n Subrogada con una larga y profunda pasi\u00f3n por lo que hacemos. Con m\u00e1s de veinticinco a\u00f1os de experiencia combinada en el [&hellip;]<\/p>\n","protected":false},"author":18,"featured_media":0,"parent":0,"menu_order":0,"comment_status":"closed","ping_status":"closed","template":"","meta":{"_et_pb_use_builder":"on","_et_pb_old_content":"","_et_gb_content_width":"","footnotes":""},"class_list":["post-9839","page","type-page","status-publish","hentry"],"_links":{"self":[{"href":"https:\/\/shininglightbaby.com\/es\/wp-json\/wp\/v2\/pages\/9839","targetHints":{"allow":["GET"]}}],"collection":[{"href":"https:\/\/shininglightbaby.com\/es\/wp-json\/wp\/v2\/pages"}],"about":[{"href":"https:\/\/shininglightbaby.com\/es\/wp-json\/wp\/v2\/types\/page"}],"author":[{"embeddable":true,"href":"https:\/\/shininglightbaby.com\/es\/wp-json\/wp\/v2\/users\/18"}],"replies":[{"embeddable":true,"href":"https:\/\/shininglightbaby.com\/es\/wp-json\/wp\/v2\/comments?post=9839"}],"version-history":[{"count":2,"href":"https:\/\/shininglightbaby.com\/es\/wp-json\/wp\/v2\/pages\/9839\/revisions"}],"predecessor-version":[{"id":13067,"href":"https:\/\/shininglightbaby.com\/es\/wp-json\/wp\/v2\/pages\/9839\/revisions\/13067"}],"wp:attachment":[{"href":"https:\/\/shininglightbaby.com\/es\/wp-json\/wp\/v2\/media?parent=9839"}],"curies":[{"name":"wp","href":"https:\/\/api.w.org\/{rel}","templated":true}]}}