{"id":9802,"date":"2024-02-27T22:53:46","date_gmt":"2024-02-28T04:53:46","guid":{"rendered":"https:\/\/shininglightbaby.com\/proceso-de-gestacion-subrogada-para-futuros-padres\/"},"modified":"2026-03-04T09:08:59","modified_gmt":"2026-03-04T15:08:59","slug":"proceso-de-gestacion-subrogada-para-padres-potenciales","status":"publish","type":"page","link":"https:\/\/shininglightbaby.com\/es\/padres-potenciales\/proceso-de-gestacion-subrogada-para-padres-potenciales\/","title":{"rendered":"Proceso de gestaci\u00f3n subrogada para padres potenciales"},"content":{"rendered":"<p>[et_pb_section fb_built=&#8221;1&#8243; custom_padding_last_edited=&#8221;on|desktop&#8221; admin_label=&#8221;Header&#8221; _builder_version=&#8221;4.27.0&#8243; background_image=&#8221;https:\/\/shininglightbaby.com\/wp-content\/uploads\/2024\/07\/same-sex-male-couple-or-friends-cuddling-sleeping-2024-05-02-17-35-44-utc-scaled.jpg&#8221; custom_margin=&#8221;0px|0px|0px|0px|false|true&#8221; custom_margin_tablet=&#8221;&#8221; custom_margin_phone=&#8221;0px|0px|0px|0px|false|true&#8221; custom_margin_last_edited=&#8221;on|desktop&#8221; custom_padding=&#8221;40px|0px|40px||false|false&#8221; custom_padding_tablet=&#8221;40px||||false|false&#8221; custom_padding_phone=&#8221;&#8221; hover_enabled=&#8221;0&#8243; border_radii_phone=&#8221;on|20px|20px|20px|20px&#8221; border_radii_last_edited=&#8221;off|desktop&#8221; locked=&#8221;off&#8221; global_colors_info=&#8221;{}&#8221; title_text=&#8221;Same Sex Male Couple Or Friends Cuddling Sleeping Baby Daughter On Sofa At Home Together&#8221; sticky_enabled=&#8221;0&#8243;][et_pb_row _builder_version=&#8221;4.26.0&#8243; _module_preset=&#8221;default&#8221; background_color=&#8221;rgba(247,247,247,0.72)&#8221; background_enable_image=&#8221;off&#8221; parallax=&#8221;on&#8221; max_width=&#8221;1200px&#8221; custom_padding=&#8221;80px|20px|80px|20px|false|false&#8221; box_shadow_style=&#8221;preset5&#8243; box_shadow_vertical=&#8221;40px&#8221; box_shadow_blur=&#8221;110px&#8221; box_shadow_spread=&#8221;0px&#8221; global_colors_info=&#8221;{}&#8221;][et_pb_column type=&#8221;4_4&#8243; _builder_version=&#8221;4.25.2&#8243; _module_preset=&#8221;default&#8221; global_colors_info=&#8221;{}&#8221;][et_pb_text _builder_version=&#8221;4.26.0&#8243; _module_preset=&#8221;default&#8221; text_font_size=&#8221;32px&#8221; header_font=&#8221;||||||||&#8221; header_font_size=&#8221;65px&#8221; header_line_height=&#8221;1.2em&#8221; max_width=&#8221;800px&#8221; module_alignment=&#8221;center&#8221; custom_margin=&#8221;||||false|false&#8221; custom_padding=&#8221;0px|0px|0px|0px|false|false&#8221; header_font_size_tablet=&#8221;65px&#8221; header_font_size_phone=&#8221;42px&#8221; header_font_size_last_edited=&#8221;on|phone&#8221; global_colors_info=&#8221;{}&#8221;]<\/p>\n<h1 style=\"text-align: center;\">Proceso de gestaci\u00f3n subrogada<\/h1>\n<p>[\/et_pb_text][et_pb_button button_url=&#8221;@ET-DC@eyJkeW5hbWljIjp0cnVlLCJjb250ZW50IjoicG9zdF9saW5rX3VybF9wYWdlIiwic2V0dGluZ3MiOnsicG9zdF9pZCI6IjE4ODgifX0=@&#8221; button_text=&#8221;Solicitar una consulta&#8221; button_alignment=&#8221;center&#8221; _builder_version=&#8221;4.26.1&#8243; _dynamic_attributes=&#8221;button_url&#8221; custom_button=&#8221;off&#8221; custom_padding=&#8221;0.3em|2em|0.3em|2em|false|true&#8221; box_shadow_style=&#8221;none&#8221; locked=&#8221;off&#8221; global_colors_info=&#8221;{}&#8221; button_bg_enable_color__hover=&#8221;on&#8221; button_text_color__hover=&#8221;#ec9c5a&#8221; button_border_width__hover_enabled=&#8221;on|hover&#8221; button_text_color__hover_enabled=&#8221;off|desktop&#8221; button_bg_color__hover_enabled=&#8221;on|desktop&#8221;][\/et_pb_button][\/et_pb_column][\/et_pb_row][\/et_pb_section][et_pb_section fb_built=&#8221;1&#8243; _builder_version=&#8221;4.25.2&#8243; _module_preset=&#8221;default&#8221; background_color=&#8221;rgba(42,80,90,0.12)&#8221; background_enable_image=&#8221;off&#8221; custom_padding=&#8221;60px||60px||false|false&#8221; global_colors_info=&#8221;{}&#8221;][et_pb_row _builder_version=&#8221;4.24.2&#8243; _module_preset=&#8221;default&#8221; global_colors_info=&#8221;{}&#8221;][et_pb_column type=&#8221;4_4&#8243; _builder_version=&#8221;4.24.2&#8243; _module_preset=&#8221;default&#8221; global_colors_info=&#8221;{}&#8221;][et_pb_heading title=&#8221;Los pasos del proceso de gestaci\u00f3n subrogada&#8221; _builder_version=&#8221;4.25.2&#8243; _module_preset=&#8221;default&#8221; global_colors_info=&#8221;{}&#8221;][\/et_pb_heading][et_pb_text _builder_version=&#8221;4.26.1&#8243; _module_preset=&#8221;default&#8221; global_colors_info=&#8221;{}&#8221;]<\/p>\n<p>Cada viaje de gestaci\u00f3n subrogada es una experiencia que cambia la vida, llena de esperanza, compasi\u00f3n y la promesa de crear una familia.<br \/>\nEn Shining Light Baby nos dedicamos a guiarte en cada paso de este incre\u00edble proceso. <\/p>\n<p>Nuestro completo programa de maternidad subrogada est\u00e1 dise\u00f1ado para garantizar que tanto las madres de alquiler como los futuros padres se sientan apoyados, informados y seguros desde la consulta inicial hasta el feliz parto y m\u00e1s all\u00e1.<\/p>\n<p>A continuaci\u00f3n se describen las etapas clave del proceso de gestaci\u00f3n subrogada, proporcion\u00e1ndote una hoja de ruta clara y detallada que te ayudar\u00e1 a comprender qu\u00e9 puedes esperar y c\u00f3mo te acompa\u00f1aremos en cada paso del camino.<\/p>\n<p>[\/et_pb_text][et_pb_toggle title=&#8221;CONSULTA&#8221; open_toggle_background_color=&#8221;#F7F7F7&#8243; closed_toggle_background_color=&#8221;#F7F7F7&#8243; icon_color=&#8221;#000000&#8243; toggle_icon=&#8221;&#x50;||divi||400&#8243; open_icon_color=&#8221;#000000&#8243; open_toggle_icon=&#8221;&#x4f;||divi||400&#8243; _builder_version=&#8221;4.27.0&#8243; _module_preset=&#8221;default&#8221; title_level=&#8221;h4&#8243; title_font_size=&#8221;22px&#8221; title_text_color_tablet=&#8221;&#8221; title_text_color_phone=&#8221;&#8221; title_text_color_last_edited=&#8221;on|phone&#8221; title_font_size_tablet=&#8221;22px&#8221; title_font_size_phone=&#8221;20px&#8221; title_font_size_last_edited=&#8221;on|phone&#8221; global_colors_info=&#8221;{}&#8221;]<\/p>\n<p>Concertaremos una llamada telef\u00f3nica, una videoconferencia o una cita en persona lo antes posible; revisaremos todo contigo en detalle para asegurarnos de que comprendes bien el proceso con nuestra agencia y toda la informaci\u00f3n adicional relacionada.<br \/>\nPor supuesto, nuestras consultas son gratuitas.<br \/>\nEntendemos que tendr\u00e1s muchas preguntas, ya que elegir una agencia es una decisi\u00f3n muy importante en la que debes sentirte c\u00f3modo.  <\/p>\n<p>[\/et_pb_toggle][et_pb_toggle title=&#8221;INSCR\u00cdBETE EN SHINING LIGHT BABY&#8221; open_toggle_background_color=&#8221;#F7F7F7&#8243; closed_toggle_background_color=&#8221;#F7F7F7&#8243; icon_color=&#8221;#000000&#8243; toggle_icon=&#8221;&#x50;||divi||400&#8243; open_icon_color=&#8221;#000000&#8243; open_toggle_icon=&#8221;&#x4f;||divi||400&#8243; _builder_version=&#8221;4.24.2&#8243; _module_preset=&#8221;default&#8221; title_level=&#8221;h4&#8243; title_font_size=&#8221;22px&#8221; title_font_size_tablet=&#8221;22px&#8221; title_font_size_phone=&#8221;20px&#8221; title_font_size_last_edited=&#8221;on|phone&#8221; global_colors_info=&#8221;{}&#8221;]<\/p>\n<p>Una vez que est\u00e9s preparada para inscribirte en nuestra agencia, firmar\u00e1s el Acuerdo de Futura Madre de la Agencia y enviar\u00e1s el anticipo de la agencia.<br \/>\nEs en este momento cuando se te considerar\u00e1 en espera de ser emparejada con una madre de alquiler.<br \/>\nAl mismo tiempo, completar\u00e1s el papeleo de Padres Futuros, incluido tu Perfil, que se compartir\u00e1 con tu posible subrogada.<br \/>\nAdem\u00e1s, si a\u00fan no has elegido un m\u00e9dico\/centro de fertilidad, podemos remitirte a uno de los m\u00e9dicos\/centros de fertilidad de primera categor\u00eda y gran reputaci\u00f3n con los que trabajamos.   <\/p>\n<p>[\/et_pb_toggle][et_pb_toggle title=&#8221;  EMPAREJAMIENTO CON MADRE DE ALQUILER&#8221; open_toggle_background_color=&#8221;#F7F7F7&#8243; closed_toggle_background_color=&#8221;#F7F7F7&#8243; icon_color=&#8221;#000000&#8243; toggle_icon=&#8221;&#x50;||divi||400&#8243; open_icon_color=&#8221;#000000&#8243; open_toggle_icon=&#8221;&#x4f;||divi||400&#8243; _builder_version=&#8221;4.24.2&#8243; _module_preset=&#8221;default&#8221; title_level=&#8221;h4&#8243; title_font_size=&#8221;22px&#8221; title_font_size_tablet=&#8221;22px&#8221; title_font_size_phone=&#8221;20px&#8221; title_font_size_last_edited=&#8221;on|phone&#8221; global_colors_info=&#8221;{}&#8221;]<\/p>\n<p>Compartiremos contigo los perfiles de las madres de alquiler bas\u00e1ndonos en tus criterios, en las preferencias indicadas en tu perfil de intenci\u00f3n y en el formulario de informaci\u00f3n confidencial, y principalmente, en nuestras conversaciones contigo sobre el emparejamiento.<br \/>\nUna vez que manifiestes tu inter\u00e9s por una madre de alquiler y ella haya indicado su inter\u00e9s mutuo por tu perfil, nuestra agencia organizar\u00e1 una reuni\u00f3n de emparejamiento para que t\u00fa y ella pod\u00e1is conoceros y determinar si quer\u00e9is seguir adelante. <\/p>\n<p>En Shining Light Baby creemos que es de suma importancia que haya una buena uni\u00f3n entre los futuros padres y la madre de alquiler.<br \/>\nPara asegurarnos de que as\u00ed sea, evaluamos todos los aspectos de una posible uni\u00f3n, en lugar de juntar a las personas bas\u00e1ndonos \u00fanicamente en una lista de comprobaci\u00f3n.<br \/>\nCon nuestra atenci\u00f3n a las preferencias de cada parte y nuestra amplia experiencia en emparejamientos, las piezas est\u00e1n en su sitio para que la experiencia juntos sea fluida y unida.  <\/p>\n<p>[\/et_pb_toggle][et_pb_toggle title=&#8221;ABRE TU CUENTA BLOQUEADA&#8221; open_toggle_background_color=&#8221;#F7F7F7&#8243; closed_toggle_background_color=&#8221;#F7F7F7&#8243; icon_color=&#8221;#000000&#8243; toggle_icon=&#8221;&#x50;||divi||400&#8243; open_icon_color=&#8221;#000000&#8243; open_toggle_icon=&#8221;&#x4f;||divi||400&#8243; _builder_version=&#8221;4.24.2&#8243; _module_preset=&#8221;default&#8221; title_level=&#8221;h4&#8243; title_font_size=&#8221;22px&#8221; title_font_size_tablet=&#8221;22px&#8221; title_font_size_phone=&#8221;20px&#8221; title_font_size_last_edited=&#8221;on|phone&#8221; global_colors_info=&#8221;{}&#8221;]<\/p>\n<p>\u00a1Enhorabuena por tu coincidencia!<br \/>\nAhora que has llegado a este punto, tendr\u00e1s que abrir tu cuenta de dep\u00f3sito en garant\u00eda.<br \/>\nShining Light Baby trabaja con una empresa de cuentas en custodia eficiente y de buena reputaci\u00f3n, a la que te remitiremos.<br \/>\nTambi\u00e9n tendr\u00e1s que depositar fondos inicialmente en tu cuenta en este momento.   <\/p>\n<p>[\/et_pb_toggle][et_pb_toggle title=&#8221;RECONOCIMIENTO M\u00c9DICO DE LA MADRE DE ALQUILER&#8221; open_toggle_background_color=&#8221;#F7F7F7&#8243; closed_toggle_background_color=&#8221;#F7F7F7&#8243; icon_color=&#8221;#000000&#8243; toggle_icon=&#8221;&#x50;||divi||400&#8243; open_icon_color=&#8221;#000000&#8243; open_toggle_icon=&#8221;&#x4f;||divi||400&#8243; _builder_version=&#8221;4.24.2&#8243; _module_preset=&#8221;default&#8221; title_level=&#8221;h4&#8243; title_font_size=&#8221;22px&#8221; title_font_size_tablet=&#8221;22px&#8221; title_font_size_phone=&#8221;20px&#8221; title_font_size_last_edited=&#8221;on|phone&#8221; global_colors_info=&#8221;{}&#8221;]<\/p>\n<p>Una vez emparejados, se concertar\u00e1 una cita para que la madre de alquiler se re\u00fana con su m\u00e9dico o cl\u00ednica de fertilidad.<br \/>\nNos ocuparemos de los preparativos del viaje de tu madre de alquiler y nos aseguraremos de que se tengan en cuenta todos los detalles mientras se ponen en marcha los planes de exploraci\u00f3n de tu madre de alquiler. <\/p>\n<p>[\/et_pb_toggle][et_pb_toggle title=&#8221;ACUERDO LEGAL&#8221; open_toggle_background_color=&#8221;#F7F7F7&#8243; closed_toggle_background_color=&#8221;#F7F7F7&#8243; icon_color=&#8221;#000000&#8243; toggle_icon=&#8221;&#x50;||divi||400&#8243; open_icon_color=&#8221;#000000&#8243; open_toggle_icon=&#8221;&#x4f;||divi||400&#8243; _builder_version=&#8221;4.24.2&#8243; _module_preset=&#8221;default&#8221; title_level=&#8221;h4&#8243; title_font_size=&#8221;22px&#8221; title_font_size_tablet=&#8221;22px&#8221; title_font_size_phone=&#8221;20px&#8221; title_font_size_last_edited=&#8221;on|phone&#8221; global_colors_info=&#8221;{}&#8221;]<\/p>\n<p>Una vez obtenida la autorizaci\u00f3n m\u00e9dica de fertilidad de tu madre de alquiler, todas las partes redactar\u00e1n y firmar\u00e1n el Acuerdo de Madre de Alquiler Directa.<br \/>\nTodas las partes deben estar representadas por abogados distintos.<br \/>\nShining Light Baby te pondr\u00e1 en contacto con uno de los abogados con los que trabajamos especializados en Reproducci\u00f3n por Terceros, incluida la negociaci\u00f3n del contrato y cualquier otra legalidad previa o posterior al parto.<br \/>\nTambi\u00e9n puedes acudir a nuestra agencia ya con alguien de tu elecci\u00f3n, siempre que tenga experiencia en el \u00e1mbito de la Reproducci\u00f3n Asistida.<br \/>\nEn cualquier caso, nos aseguraremos de que est\u00e9s en las mejores manos legales y de que la informaci\u00f3n pertinente que necesitemos se gestione oportunamente.    <\/p>\n<p>[\/et_pb_toggle][et_pb_toggle title=&#8221;  CUENTA DE GARANT\u00cdA BLOQUEADA, FINANCIACI\u00d3N COMPLETA&#8221; open_toggle_background_color=&#8221;#F7F7F7&#8243; closed_toggle_background_color=&#8221;#F7F7F7&#8243; icon_color=&#8221;#000000&#8243; toggle_icon=&#8221;&#x50;||divi||400&#8243; open_icon_color=&#8221;#000000&#8243; open_toggle_icon=&#8221;&#x4f;||divi||400&#8243; _builder_version=&#8221;4.24.2&#8243; _module_preset=&#8221;default&#8221; title_level=&#8221;h4&#8243; title_font_size=&#8221;22px&#8221; title_font_size_tablet=&#8221;22px&#8221; title_font_size_phone=&#8221;20px&#8221; title_font_size_last_edited=&#8221;on|phone&#8221; global_colors_info=&#8221;{}&#8221;]<\/p>\n<p>En el momento en que todas las partes firmen tu Acuerdo Legal Directo, deber\u00e1s haber depositado todos los fondos en tu cuenta de garant\u00eda bloqueada.<br \/>\nEste paso debe darse antes de que tu madre de alquiler pueda empezar su protocolo de medicaci\u00f3n para preparar la transferencia de embriones. <\/p>\n<p>[\/et_pb_toggle][et_pb_toggle title=&#8221;  INICIO DEL PROTOCOLO DE MEDICACI\u00d3N&#8221; open_toggle_background_color=&#8221;#F7F7F7&#8243; closed_toggle_background_color=&#8221;#F7F7F7&#8243; icon_color=&#8221;#000000&#8243; toggle_icon=&#8221;&#x50;||divi||400&#8243; open_icon_color=&#8221;#000000&#8243; open_toggle_icon=&#8221;&#x4f;||divi||400&#8243; _builder_version=&#8221;4.24.2&#8243; _module_preset=&#8221;default&#8221; title_level=&#8221;h4&#8243; title_font_size=&#8221;22px&#8221; title_font_size_tablet=&#8221;22px&#8221; title_font_size_phone=&#8221;20px&#8221; title_font_size_last_edited=&#8221;on|phone&#8221; global_colors_info=&#8221;{}&#8221;]<\/p>\n<p>Una vez que t\u00fa y tu madre de alquiler hay\u00e1is firmado el Acuerdo Directo y tu cuenta de dep\u00f3sito en garant\u00eda est\u00e9 totalmente financiada, tu madre de alquiler comenzar\u00e1 el protocolo de medicaci\u00f3n para la transferencia de embriones.<br \/>\nDesde el momento en que comience el protocolo hasta tu transferencia pasar\u00e1n aproximadamente 3,5 &#8211; 4 semanas. <\/p>\n<p>[\/et_pb_toggle][et_pb_toggle title=&#8221;PLAZO DEL SEGURO&#8221; open_toggle_background_color=&#8221;#F7F7F7&#8243; closed_toggle_background_color=&#8221;#F7F7F7&#8243; icon_color=&#8221;#000000&#8243; toggle_icon=&#8221;&#x50;||divi||400&#8243; open_icon_color=&#8221;#000000&#8243; open_toggle_icon=&#8221;&#x4f;||divi||400&#8243; _builder_version=&#8221;4.24.2&#8243; _module_preset=&#8221;default&#8221; title_level=&#8221;h4&#8243; title_font_size=&#8221;22px&#8221; title_font_size_tablet=&#8221;22px&#8221; title_font_size_phone=&#8221;20px&#8221; title_font_size_last_edited=&#8221;on|phone&#8221; global_colors_info=&#8221;{}&#8221;]<\/p>\n<p>Si vas a contratar un seguro m\u00e9dico para tu gestaci\u00f3n subrogada, es importante que sepas que algunos planes de seguros exigen que el seguro se haya solicitado antes del embarazo; de lo contrario, puede resultar mucho m\u00e1s costoso contratar el seguro despu\u00e9s de que se haya conseguido el embarazo (es decir, cuando se haya producido la transferencia de embriones).<br \/>\nTeniendo esto en cuenta, Shining Light Baby se asegurar\u00e1 de que cualquier seguro m\u00e9dico de este tipo se contrate antes de la transferencia de embriones. <\/p>\n<p>[\/et_pb_toggle][et_pb_toggle title=&#8221;  TRANSFERENCIA DE EMBRIONES&#8221; open_toggle_background_color=&#8221;#F7F7F7&#8243; closed_toggle_background_color=&#8221;#F7F7F7&#8243; icon_color=&#8221;#000000&#8243; toggle_icon=&#8221;&#x50;||divi||400&#8243; open_icon_color=&#8221;#000000&#8243; open_toggle_icon=&#8221;&#x4f;||divi||400&#8243; _builder_version=&#8221;4.24.2&#8243; _module_preset=&#8221;default&#8221; title_level=&#8221;h4&#8243; title_font_size=&#8221;22px&#8221; title_font_size_tablet=&#8221;22px&#8221; title_font_size_phone=&#8221;20px&#8221; title_font_size_last_edited=&#8221;on|phone&#8221; global_colors_info=&#8221;{}&#8221;]<\/p>\n<p>Una vez firmado el Acuerdo Directo, tu madre de alquiler empezar\u00e1 el protocolo de medicaci\u00f3n para tu pr\u00f3xima transferencia de embriones.<br \/>\n\u00a1Es un momento muy emocionante para todos!<br \/>\nLos futuros padres que puedan hacerlo pueden asistir a la transferencia en persona; de lo contrario, pueden conectarse por v\u00eddeo a trav\u00e9s de FaceTime, Whatsapp Skype, Zoom o similares.  <\/p>\n<p>[\/et_pb_toggle][\/et_pb_column][\/et_pb_row][et_pb_row _builder_version=&#8221;4.25.2&#8243; _module_preset=&#8221;default&#8221; global_colors_info=&#8221;{}&#8221;][et_pb_column type=&#8221;4_4&#8243; _builder_version=&#8221;4.24.2&#8243; _module_preset=&#8221;default&#8221; global_colors_info=&#8221;{}&#8221;][et_pb_button button_url=&#8221;@ET-DC@eyJkeW5hbWljIjp0cnVlLCJjb250ZW50IjoicG9zdF9saW5rX3VybF9wYWdlIiwic2V0dGluZ3MiOnsicG9zdF9pZCI6IjE4ODgifX0=@&#8221; button_text=&#8221;Solicitar una consulta&#8221; button_alignment=&#8221;center&#8221; _builder_version=&#8221;4.26.1&#8243; _dynamic_attributes=&#8221;button_url&#8221; custom_button=&#8221;off&#8221; custom_padding=&#8221;0.3em|2em|0.3em|2em|false|true&#8221; box_shadow_style=&#8221;none&#8221; locked=&#8221;off&#8221; global_colors_info=&#8221;{}&#8221; button_bg_enable_color__hover=&#8221;on&#8221; button_text_color__hover=&#8221;#ec9c5a&#8221; button_border_width__hover_enabled=&#8221;on|hover&#8221; button_text_color__hover_enabled=&#8221;off|desktop&#8221; button_bg_color__hover_enabled=&#8221;on|desktop&#8221;][\/et_pb_button][\/et_pb_column][\/et_pb_row][\/et_pb_section][et_pb_section fb_built=&#8221;1&#8243; custom_padding_last_edited=&#8221;on|phone&#8221; _builder_version=&#8221;4.26.0&#8243; _module_preset=&#8221;default&#8221; min_height=&#8221;500px&#8221; custom_padding=&#8221;||60px||false|false&#8221; custom_padding_tablet=&#8221;||60px||false|false&#8221; custom_padding_phone=&#8221;||20px||false|false&#8221; locked=&#8221;off&#8221; global_colors_info=&#8221;{}&#8221;][et_pb_row column_structure=&#8221;1_2,1_2&#8243; _builder_version=&#8221;4.26.0&#8243; _module_preset=&#8221;default&#8221; global_colors_info=&#8221;{}&#8221;][et_pb_column type=&#8221;1_2&#8243; _builder_version=&#8221;4.26.0&#8243; _module_preset=&#8221;default&#8221; global_colors_info=&#8221;{}&#8221;][et_pb_image src=&#8221;https:\/\/shininglightbaby.com\/wp-content\/uploads\/2022\/06\/8.png&#8221; title_text=&#8221;8&#8243; _builder_version=&#8221;4.26.1&#8243; _module_preset=&#8221;default&#8221; global_colors_info=&#8221;{}&#8221;][\/et_pb_image][\/et_pb_column][et_pb_column type=&#8221;1_2&#8243; _builder_version=&#8221;4.26.0&#8243; _module_preset=&#8221;default&#8221; global_colors_info=&#8221;{}&#8221;][et_pb_heading title=&#8221;Nos encantar\u00eda ayudar&#8221; _builder_version=&#8221;4.26.1&#8243; _module_preset=&#8221;default&#8221; title_level=&#8221;h2&#8243; title_font_size=&#8221;32px&#8221; title_line_height=&#8221;1.2em&#8221; global_colors_info=&#8221;{}&#8221;][\/et_pb_heading][et_pb_text _builder_version=&#8221;4.26.0&#8243; _module_preset=&#8221;default&#8221; global_colors_info=&#8221;{}&#8221;]<\/p>\n<p>En Shining Light Baby, coordinamos y facilitamos todo el proceso de gestaci\u00f3n subrogada.<br \/>\nEsto incluye la gesti\u00f3n de la comunicaci\u00f3n entre todas las partes, la obtenci\u00f3n de la aprobaci\u00f3n m\u00e9dica final para la madre de alquiler, la coordinaci\u00f3n de los viajes, el suministro a los abogados participantes de datos espec\u00edficos sobre el emparejamiento, como la compensaci\u00f3n y los honorarios de la madre de alquiler, y la contrataci\u00f3n de un agente de custodia cualificado para gestionar los fondos de los futuros padres y entreg\u00e1rselos a la madre de alquiler conforme a las disposiciones del Acuerdo de Subrogaci\u00f3n Gestacional. <\/p>\n<p>[\/et_pb_text][et_pb_button button_url=&#8221;@ET-DC@eyJkeW5hbWljIjp0cnVlLCJjb250ZW50IjoicG9zdF9saW5rX3VybF9wYWdlIiwic2V0dGluZ3MiOnsicG9zdF9pZCI6IjUxODMifX0=@&#8221; button_text=&#8221;Nuestros servicios&#8221; _builder_version=&#8221;4.26.1&#8243; _dynamic_attributes=&#8221;button_url&#8221; custom_button=&#8221;off&#8221; custom_padding=&#8221;0.3em|2em|0.3em|2em|false|true&#8221; box_shadow_style=&#8221;none&#8221; locked=&#8221;off&#8221; global_colors_info=&#8221;{}&#8221; button_bg_enable_color__hover=&#8221;on&#8221; button_text_color__hover=&#8221;#ec9c5a&#8221; button_border_width__hover_enabled=&#8221;on|hover&#8221; button_text_color__hover_enabled=&#8221;off|desktop&#8221; button_bg_color__hover_enabled=&#8221;on|desktop&#8221;][\/et_pb_button][\/et_pb_column][\/et_pb_row][\/et_pb_section]<\/p>\n","protected":false},"excerpt":{"rendered":"<p>Proceso de gestaci\u00f3n subrogadaCada viaje de gestaci\u00f3n subrogada es una experiencia que cambia la vida, llena de esperanza, compasi\u00f3n y la promesa de crear una familia. En Shining Light Baby nos dedicamos a guiarte en cada paso de este incre\u00edble proceso. Nuestro completo programa de maternidad subrogada est\u00e1 dise\u00f1ado para garantizar que tanto las madres [&hellip;]<\/p>\n","protected":false},"author":17,"featured_media":0,"parent":9957,"menu_order":0,"comment_status":"closed","ping_status":"closed","template":"","meta":{"_et_pb_use_builder":"on","_et_pb_old_content":"","_et_gb_content_width":"","footnotes":""},"class_list":["post-9802","page","type-page","status-publish","hentry"],"_links":{"self":[{"href":"https:\/\/shininglightbaby.com\/es\/wp-json\/wp\/v2\/pages\/9802","targetHints":{"allow":["GET"]}}],"collection":[{"href":"https:\/\/shininglightbaby.com\/es\/wp-json\/wp\/v2\/pages"}],"about":[{"href":"https:\/\/shininglightbaby.com\/es\/wp-json\/wp\/v2\/types\/page"}],"author":[{"embeddable":true,"href":"https:\/\/shininglightbaby.com\/es\/wp-json\/wp\/v2\/users\/17"}],"replies":[{"embeddable":true,"href":"https:\/\/shininglightbaby.com\/es\/wp-json\/wp\/v2\/comments?post=9802"}],"version-history":[{"count":2,"href":"https:\/\/shininglightbaby.com\/es\/wp-json\/wp\/v2\/pages\/9802\/revisions"}],"predecessor-version":[{"id":13036,"href":"https:\/\/shininglightbaby.com\/es\/wp-json\/wp\/v2\/pages\/9802\/revisions\/13036"}],"up":[{"embeddable":true,"href":"https:\/\/shininglightbaby.com\/es\/wp-json\/wp\/v2\/pages\/9957"}],"wp:attachment":[{"href":"https:\/\/shininglightbaby.com\/es\/wp-json\/wp\/v2\/media?parent=9802"}],"curies":[{"name":"wp","href":"https:\/\/api.w.org\/{rel}","templated":true}]}}