{"id":9643,"date":"2024-08-01T15:13:16","date_gmt":"2024-08-01T20:13:16","guid":{"rendered":"https:\/\/shininglightbaby.com\/calendario-de-la-maternidad-subrogada-para-los-futuros-padres\/"},"modified":"2026-03-04T09:08:27","modified_gmt":"2026-03-04T15:08:27","slug":"calendario-de-la-maternidad-subrogada-para-los-padres-potenciales","status":"publish","type":"page","link":"https:\/\/shininglightbaby.com\/es\/padres-potenciales\/calendario-de-la-maternidad-subrogada-para-los-padres-potenciales\/","title":{"rendered":"Calendario de la maternidad subrogada para los padres potenciales"},"content":{"rendered":"<p>[et_pb_section fb_built=&#8221;1&#8243; custom_padding_last_edited=&#8221;on|desktop&#8221; admin_label=&#8221;Header&#8221; _builder_version=&#8221;4.27.0&#8243; background_image=&#8221;https:\/\/shininglightbaby.com\/wp-content\/uploads\/2024\/07\/2149131616.jpg&#8221; custom_margin=&#8221;0px|0px|0px|0px|false|true&#8221; custom_margin_tablet=&#8221;&#8221; custom_margin_phone=&#8221;0px|0px|0px|0px|false|true&#8221; custom_margin_last_edited=&#8221;on|desktop&#8221; custom_padding=&#8221;40px|0px|40px||false|false&#8221; custom_padding_tablet=&#8221;40px||||false|false&#8221; custom_padding_phone=&#8221;&#8221; hover_enabled=&#8221;0&#8243; border_radii_phone=&#8221;on|20px|20px|20px|20px&#8221; border_radii_last_edited=&#8221;off|desktop&#8221; locked=&#8221;off&#8221; global_colors_info=&#8221;{}&#8221; title_text=&#8221;2149131616&#8243; sticky_enabled=&#8221;0&#8243;][et_pb_row _builder_version=&#8221;4.26.0&#8243; _module_preset=&#8221;default&#8221; background_color=&#8221;rgba(247,247,247,0.72)&#8221; background_enable_image=&#8221;off&#8221; parallax=&#8221;on&#8221; max_width=&#8221;1200px&#8221; custom_padding=&#8221;80px|20px|80px|20px|false|false&#8221; box_shadow_style=&#8221;preset5&#8243; box_shadow_vertical=&#8221;40px&#8221; box_shadow_blur=&#8221;110px&#8221; box_shadow_spread=&#8221;0px&#8221; global_colors_info=&#8221;{}&#8221;][et_pb_column type=&#8221;4_4&#8243; _builder_version=&#8221;4.25.2&#8243; _module_preset=&#8221;default&#8221; global_colors_info=&#8221;{}&#8221;][et_pb_text _builder_version=&#8221;4.26.0&#8243; _module_preset=&#8221;default&#8221; text_font_size=&#8221;32px&#8221; header_font=&#8221;||||||||&#8221; header_font_size=&#8221;65px&#8221; header_line_height=&#8221;1.2em&#8221; max_width=&#8221;800px&#8221; module_alignment=&#8221;center&#8221; custom_margin=&#8221;||||false|false&#8221; custom_padding=&#8221;0px|0px|0px|0px|false|false&#8221; header_font_size_tablet=&#8221;65px&#8221; header_font_size_phone=&#8221;42px&#8221; header_font_size_last_edited=&#8221;on|phone&#8221; global_colors_info=&#8221;{}&#8221;]<\/p>\n<h1 style=\"text-align: center;\">Cronolog\u00eda de subrogaci\u00f3n<\/h1>\n<p>[\/et_pb_text][et_pb_button button_url=&#8221;@ET-DC@eyJkeW5hbWljIjp0cnVlLCJjb250ZW50IjoicG9zdF9saW5rX3VybF9wYWdlIiwic2V0dGluZ3MiOnsicG9zdF9pZCI6IjE4ODgiLCJlbmFibGVfaHRtbCI6Im9mZiJ9fQ==@&#8221; button_text=&#8221;Solicitar una consulta&#8221; button_alignment=&#8221;center&#8221; _builder_version=&#8221;4.26.1&#8243; _dynamic_attributes=&#8221;button_url&#8221; custom_button=&#8221;off&#8221; custom_padding=&#8221;0.3em|2em|0.3em|2em|false|true&#8221; box_shadow_style=&#8221;none&#8221; locked=&#8221;off&#8221; global_colors_info=&#8221;{}&#8221; button_bg_enable_color__hover=&#8221;on&#8221; button_text_color__hover=&#8221;#ec9c5a&#8221; button_border_width__hover_enabled=&#8221;on|hover&#8221; button_text_color__hover_enabled=&#8221;off|desktop&#8221; button_bg_color__hover_enabled=&#8221;on|desktop&#8221;][\/et_pb_button][\/et_pb_column][\/et_pb_row][\/et_pb_section][et_pb_section fb_built=&#8221;1&#8243; _builder_version=&#8221;4.25.2&#8243; _module_preset=&#8221;default&#8221; background_color=&#8221;rgba(42,80,90,0.12)&#8221; background_enable_image=&#8221;off&#8221; custom_padding=&#8221;60px||60px||false|false&#8221; global_colors_info=&#8221;{}&#8221;][et_pb_row _builder_version=&#8221;4.24.2&#8243; _module_preset=&#8221;default&#8221; global_colors_info=&#8221;{}&#8221;][et_pb_column type=&#8221;4_4&#8243; _builder_version=&#8221;4.24.2&#8243; _module_preset=&#8221;default&#8221; global_colors_info=&#8221;{}&#8221;][et_pb_heading title=&#8221;Calendario estimado para los padres ptenciales&#8221; _builder_version=&#8221;4.27.0&#8243; _module_preset=&#8221;default&#8221; title_level=&#8221;h2&#8243; title_font_size=&#8221;32px&#8221; global_colors_info=&#8221;{}&#8221;][\/et_pb_heading][et_pb_text _builder_version=&#8221;4.26.1&#8243; _module_preset=&#8221;default&#8221; global_colors_info=&#8221;{}&#8221;]<\/p>\n<p>El siguiente calendario ofrece una estimaci\u00f3n general del proceso de gestaci\u00f3n subrogada con Shining Light Baby.<br \/>\nTen en cuenta que las circunstancias individuales pueden afectar mucho al calendario de cada etapa.   <\/p>\n<p>La duraci\u00f3n total estimada del viaje de gestaci\u00f3n subrogada es la siguiente:<\/p>\n<ul>\n<li style=\"list-style-type: none;\">\n<ul>\n<li>Consulta inicial<\/li>\n<li>Proceso de emparejamiento: 6-12 meses<\/li>\n<li>Configuraci\u00f3n de la cuenta de garant\u00eda bloqueada<\/li>\n<li>Autorizaci\u00f3n m\u00e9dica: 2-3 semanas<\/li>\n<li>Acuerdos legales: 4-6 semanas<\/li>\n<li>Medicaci\u00f3n y seguimiento: 4-6 semanas<\/li>\n<li>Transferencia de embriones y confirmaci\u00f3n del embarazo: 2 semanas<\/li>\n<li>Confirmaci\u00f3n del latido: 8-10 semanas<\/li>\n<li>Planificaci\u00f3n del primer trimestre: 12 semanas<\/li>\n<li>Planificaci\u00f3n del segundo y tercer trimestre: 13-40 semanas<\/li>\n<li>Parto y postparto<\/li>\n<\/ul>\n<\/li>\n<\/ul>\n<h3>Plazo medio estimado: 18-24 meses<\/h3>\n<p>Este calendario exhaustivo ofrece una estimaci\u00f3n general de todo el proceso de gestaci\u00f3n subrogada, desde la consulta inicial hasta el nacimiento de tu hijo.<br \/>\nLas circunstancias individuales pueden afectar a la duraci\u00f3n total, pero esta gu\u00eda te da una idea clara de lo que puedes esperar en tu viaje de gestaci\u00f3n subrogada con Shining Light Baby. <\/p>\n<p>[\/et_pb_text][\/et_pb_column][\/et_pb_row][et_pb_row _builder_version=&#8221;4.27.0&#8243; _module_preset=&#8221;default&#8221; global_colors_info=&#8221;{}&#8221;][et_pb_column type=&#8221;4_4&#8243; _builder_version=&#8221;4.27.0&#8243; _module_preset=&#8221;default&#8221; global_colors_info=&#8221;{}&#8221;][et_pb_accordion _builder_version=&#8221;4.27.0&#8243; _module_preset=&#8221;default&#8221; custom_margin=&#8221;||||false|false&#8221; global_colors_info=&#8221;{}&#8221;][et_pb_accordion_item title=&#8221;Consulta inicial&#8221; open=&#8221;on&#8221; _builder_version=&#8221;4.27.0&#8243; _module_preset=&#8221;default&#8221; global_colors_info=&#8221;{}&#8221; toggle_level=&#8221;h4&#8243; toggle_font_size=&#8221;22px&#8221; toggle_font_size_tablet=&#8221;22px&#8221; toggle_font_size_phone=&#8221;20px&#8221; toggle_font_size_last_edited=&#8221;on|phone&#8221;]<\/p>\n<p>Reserva tu reuni\u00f3n individual con tu Coordinadora del Viaje del Beb\u00e9 Shining Light.<br \/>\nDurante esta reuni\u00f3n, hablaremos de tus objetivos de gestaci\u00f3n subrogada, responderemos a cualquier pregunta que puedas tener y describiremos los siguientes pasos del proceso.<br \/>\nCompletar\u00e1s la documentaci\u00f3n necesaria y enviar\u00e1s el anticipo de 13.500 $, con el que se iniciar\u00e1 oficialmente tu viaje con nosotros.  <\/p>\n<p>[\/et_pb_accordion_item][et_pb_accordion_item title=&#8221;Proceso de emparejamiento  &#8221; _builder_version=&#8221;4.27.0&#8243; _module_preset=&#8221;default&#8221; global_colors_info=&#8221;{}&#8221; toggle_level=&#8221;h4&#8243; toggle_font_size=&#8221;22px&#8221; toggle_font_size_tablet=&#8221;22px&#8221; toggle_font_size_phone=&#8221;20px&#8221; toggle_font_size_last_edited=&#8221;on|phone&#8221; open=&#8221;off&#8221;]<\/p>\n<p><strong>6-12 meses<\/strong> <\/p>\n<p>Trabaja con nuestro equipo de emparejamiento para encontrar a la candidata perfecta para ti.<br \/>\nPonemos mucho cuidado en emparejarte con una madre de alquiler que comparta tus valores y expectativas.<br \/>\nEl tiempo de emparejamiento puede variar en funci\u00f3n de tus criterios y preferencias espec\u00edficos.<br \/>\nUna vez encontrada la pareja adecuada, tendr\u00e1s la oportunidad de conocer a tu madre de alquiler para garantizar una relaci\u00f3n s\u00f3lida y de apoyo.   <\/p>\n<p>[\/et_pb_accordion_item][et_pb_accordion_item title=&#8221;Configuraci\u00f3n de la cuenta de garant\u00eda bloqueada&#8221; _builder_version=&#8221;4.27.0&#8243; _module_preset=&#8221;default&#8221; global_colors_info=&#8221;{}&#8221; toggle_level=&#8221;h4&#8243; toggle_font_size=&#8221;22px&#8221; toggle_font_size_tablet=&#8221;22px&#8221; toggle_font_size_phone=&#8221;20px&#8221; toggle_font_size_last_edited=&#8221;on|phone&#8221; open=&#8221;off&#8221;]<\/p>\n<p>Abre tu cuenta de garant\u00eda bloqueada y f\u00fandala con un dep\u00f3sito inicial de 10.000 $.<br \/>\nEsta cuenta se utilizar\u00e1 para gestionar todas las transacciones financieras relacionadas con el proceso de gestaci\u00f3n subrogada, garantizando que los fondos se manejan de forma segura y transparente.<br \/>\nDurante este tiempo, tambi\u00e9n programaremos la cita para la revisi\u00f3n m\u00e9dica de tu nueva madre de alquiler en la cl\u00ednica de fertilidad que hayas elegido, en funci\u00f3n de la disponibilidad.  <\/p>\n<p>[\/et_pb_accordion_item][et_pb_accordion_item title=&#8221;Acuerdos legales  &#8221; _builder_version=&#8221;4.27.0&#8243; _module_preset=&#8221;default&#8221; global_colors_info=&#8221;{}&#8221; toggle_level=&#8221;h4&#8243; toggle_font_size=&#8221;22px&#8221; toggle_font_size_tablet=&#8221;22px&#8221; toggle_font_size_phone=&#8221;20px&#8221; toggle_font_size_last_edited=&#8221;on|phone&#8221; open=&#8221;off&#8221;]<\/p>\n<p><strong>4-6 semanas<\/strong><\/p>\n<p>Inicia el proceso del acuerdo legal con el abogado que hayas elegido.<br \/>\nEl acuerdo legal es un componente fundamental que describe los derechos y responsabilidades de ambas partes.<br \/>\nEste proceso suele tardar aproximadamente un mes en completarse.<br \/>\nUna vez finalizado, la indemnizaci\u00f3n completa se ingresa en la cuenta de garant\u00eda bloqueada.<br \/>\nNuestro equipo te ayudar\u00e1 a comprender y finalizar estos acuerdos para proteger a todas las partes implicadas.    <\/p>\n<p>[\/et_pb_accordion_item][et_pb_accordion_item title=&#8221;Medicaci\u00f3n y control  &#8221; _builder_version=&#8221;4.27.0&#8243; _module_preset=&#8221;default&#8221; global_colors_info=&#8221;{}&#8221; toggle_level=&#8221;h4&#8243; toggle_font_size=&#8221;22px&#8221; toggle_font_size_tablet=&#8221;22px&#8221; toggle_font_size_phone=&#8221;20px&#8221; toggle_font_size_last_edited=&#8221;on|phone&#8221; open=&#8221;off&#8221;]<\/p>\n<p><strong>4-6 semanas<\/strong><\/p>\n<p>Tu madre de alquiler empezar\u00e1 el protocolo de medicaci\u00f3n como preparaci\u00f3n para la transferencia de embriones.<br \/>\nEsta etapa incluye citas peri\u00f3dicas de control para asegurarse de que su organismo responde bien a la medicaci\u00f3n.<br \/>\nTu gestor de casos te ayudar\u00e1 a programar al menos tres citas de control para que tu madre de alquiler siga los progresos y haga los ajustes necesarios.  <\/p>\n<p>[\/et_pb_accordion_item][et_pb_accordion_item title=&#8221;Transferencia de embriones&#8221; _builder_version=&#8221;4.27.0&#8243; _module_preset=&#8221;default&#8221; global_colors_info=&#8221;{}&#8221; toggle_level=&#8221;h4&#8243; toggle_font_size=&#8221;22px&#8221; toggle_font_size_tablet=&#8221;22px&#8221; toggle_font_size_phone=&#8221;20px&#8221; toggle_font_size_last_edited=&#8221;on|phone&#8221; open=&#8221;off&#8221;]<\/p>\n<p>\u00a1Hora de la transferencia de embriones!<br \/>\nTu madre de alquiler viajar\u00e1 a la cl\u00ednica de fertilidad para el procedimiento de transferencia.<br \/>\nSe trata de un hito importante, y t\u00fa tambi\u00e9n puedes asistir a esta cita si lo deseas.<br \/>\nLa transferencia consiste en colocar el embri\u00f3n o embriones en el \u00fatero de la madre de alquiler con el objetivo de lograr un embarazo.   <\/p>\n<p>[\/et_pb_accordion_item][et_pb_accordion_item title=&#8221;Confirmaci\u00f3n del embarazo&#8221; _builder_version=&#8221;4.27.0&#8243; _module_preset=&#8221;default&#8221; global_colors_info=&#8221;{}&#8221; toggle_level=&#8221;h4&#8243; toggle_font_size=&#8221;22px&#8221; toggle_font_size_tablet=&#8221;22px&#8221; toggle_font_size_phone=&#8221;20px&#8221; toggle_font_size_last_edited=&#8221;on|phone&#8221; open=&#8221;off&#8221;]<\/p>\n<p><strong>10 d\u00edas despu\u00e9s de la transferencia de embriones<\/strong><\/p>\n<p>Aproximadamente 10 d\u00edas despu\u00e9s de la transferencia de embriones, tu madre de alquiler se someter\u00e1 a la primera prueba de embarazo para confirmar el embarazo.<br \/>\n\u00c9ste es un momento emocionante y esperanzador, mientras esperas la confirmaci\u00f3n inicial del embarazo. <\/p>\n<p>[\/et_pb_accordion_item][et_pb_accordion_item title=&#8221;Confirmaci\u00f3n de latido&#8221; _builder_version=&#8221;4.27.0&#8243; _module_preset=&#8221;default&#8221; global_colors_info=&#8221;{}&#8221; toggle_level=&#8221;h4&#8243; toggle_font_size=&#8221;22px&#8221; toggle_font_size_tablet=&#8221;22px&#8221; toggle_font_size_phone=&#8221;20px&#8221; toggle_font_size_last_edited=&#8221;on|phone&#8221; open=&#8221;off&#8221;]<\/p>\n<p>Alrededor de las 8-10 semanas de gestaci\u00f3n, se realizar\u00e1 una ecograf\u00eda de confirmaci\u00f3n del latido.<br \/>\nEste hito indica que el embarazo progresa adecuadamente.<br \/>\nUna vez confirmado el latido cardiaco, tu madre de alquiler dejar\u00e1 de recibir cuidados en la cl\u00ednica de fertilidad y pasar\u00e1 a su proveedor elegido para recibir cuidados prenatales continuados.  <\/p>\n<p>[\/et_pb_accordion_item][et_pb_accordion_item title=&#8221;Planificaci\u00f3n del primer trimestre&#8221; _builder_version=&#8221;4.27.0&#8243; _module_preset=&#8221;default&#8221; global_colors_info=&#8221;{}&#8221; toggle_level=&#8221;h4&#8243; toggle_font_size=&#8221;22px&#8221; toggle_font_size_tablet=&#8221;22px&#8221; toggle_font_size_phone=&#8221;20px&#8221; toggle_font_size_last_edited=&#8221;on|phone&#8221; open=&#8221;off&#8221;]<\/p>\n<p>Durante el primer trimestre (12 semanas), empezar\u00e1s a trabajar en preparativos importantes, como asegurar el seguro del reci\u00e9n nacido y finalizar el acuerdo de filiaci\u00f3n.<br \/>\nEsta etapa implica planificar la llegada del beb\u00e9 y asegurarse de que todos los detalles legales y log\u00edsticos est\u00e1n en su sitio. <\/p>\n<p>[\/et_pb_accordion_item][et_pb_accordion_item title=&#8221;Planificaci\u00f3n del segundo y tercer trimestres  &#8221; _builder_version=&#8221;4.27.0&#8243; _module_preset=&#8221;default&#8221; global_colors_info=&#8221;{}&#8221; toggle_level=&#8221;h4&#8243; toggle_font_size=&#8221;22px&#8221; toggle_font_size_tablet=&#8221;22px&#8221; toggle_font_size_phone=&#8221;20px&#8221; toggle_font_size_last_edited=&#8221;on|phone&#8221; open=&#8221;off&#8221;]<\/p>\n<p>  A medida que el embarazo avanza durante el segundo y tercer trimestres (13-40 semanas), seguir\u00e1s trabajando en el acuerdo de filiaci\u00f3n y ultimando tu plan de parto.<br \/>\nEsto incluye hacer los preparativos para el parto y prepararse para la llegada de tu beb\u00e9.<br \/>\nLa comunicaci\u00f3n regular con tu madre de alquiler garantizar\u00e1 que todo vaya por buen camino.  <\/p>\n<p>[\/et_pb_accordion_item][et_pb_accordion_item title=&#8221;Parto y postparto  &#8221; _builder_version=&#8221;4.27.0&#8243; _module_preset=&#8221;default&#8221; global_colors_info=&#8221;{}&#8221; toggle_level=&#8221;h4&#8243; toggle_font_size=&#8221;22px&#8221; toggle_font_size_tablet=&#8221;22px&#8221; toggle_font_size_phone=&#8221;20px&#8221; toggle_font_size_last_edited=&#8221;on|phone&#8221; open=&#8221;off&#8221;]<\/p>\n<p>\u00a1Ha llegado el momento que estabas esperando!<br \/>\nTu nuevo paquete de alegr\u00eda est\u00e1 aqu\u00ed.<br \/>\nEl parto marca el final del proceso de gestaci\u00f3n subrogada, y te ayudaremos a navegar por el periodo inmediatamente posterior al nacimiento, que incluye la obtenci\u00f3n de los documentos legales necesarios y la garant\u00eda de una transici\u00f3n fluida para ti y tu beb\u00e9.  <\/p>\n<p>[\/et_pb_accordion_item][\/et_pb_accordion][\/et_pb_column][\/et_pb_row][et_pb_row _builder_version=&#8221;4.25.2&#8243; _module_preset=&#8221;default&#8221; global_colors_info=&#8221;{}&#8221;][et_pb_column type=&#8221;4_4&#8243; _builder_version=&#8221;4.24.2&#8243; _module_preset=&#8221;default&#8221; global_colors_info=&#8221;{}&#8221;][et_pb_button button_url=&#8221;@ET-DC@eyJkeW5hbWljIjp0cnVlLCJjb250ZW50IjoicG9zdF9saW5rX3VybF9wYWdlIiwic2V0dGluZ3MiOnsicG9zdF9pZCI6IjE4ODgiLCJlbmFibGVfaHRtbCI6Im9mZiJ9fQ==@&#8221; button_text=&#8221;Solicitar una consulta&#8221; button_alignment=&#8221;center&#8221; _builder_version=&#8221;4.26.1&#8243; _dynamic_attributes=&#8221;button_url&#8221; custom_button=&#8221;off&#8221; custom_padding=&#8221;0.3em|2em|0.3em|2em|false|true&#8221; box_shadow_style=&#8221;none&#8221; locked=&#8221;off&#8221; global_colors_info=&#8221;{}&#8221; button_bg_enable_color__hover=&#8221;on&#8221; button_text_color__hover=&#8221;#ec9c5a&#8221; button_border_width__hover_enabled=&#8221;on|hover&#8221; button_text_color__hover_enabled=&#8221;off|desktop&#8221; button_bg_color__hover_enabled=&#8221;on|desktop&#8221;][\/et_pb_button][\/et_pb_column][\/et_pb_row][\/et_pb_section][et_pb_section fb_built=&#8221;1&#8243; custom_padding_last_edited=&#8221;on|phone&#8221; _builder_version=&#8221;4.26.0&#8243; _module_preset=&#8221;default&#8221; min_height=&#8221;500px&#8221; custom_padding=&#8221;||60px||false|false&#8221; custom_padding_tablet=&#8221;||60px||false|false&#8221; custom_padding_phone=&#8221;||20px||false|false&#8221; locked=&#8221;off&#8221; global_colors_info=&#8221;{}&#8221;][et_pb_row column_structure=&#8221;1_2,1_2&#8243; _builder_version=&#8221;4.26.0&#8243; _module_preset=&#8221;default&#8221; global_colors_info=&#8221;{}&#8221;][et_pb_column type=&#8221;1_2&#8243; _builder_version=&#8221;4.26.0&#8243; _module_preset=&#8221;default&#8221; global_colors_info=&#8221;{}&#8221;][et_pb_image src=&#8221;https:\/\/shininglightbaby.com\/wp-content\/uploads\/2022\/06\/10.png&#8221; title_text=&#8221;10&#8243; align=&#8221;center&#8221; _builder_version=&#8221;4.27.0&#8243; _module_preset=&#8221;default&#8221; hover_enabled=&#8221;0&#8243; global_colors_info=&#8221;{}&#8221; force_fullwidth=&#8221;on&#8221; sticky_enabled=&#8221;0&#8243;][\/et_pb_image][\/et_pb_column][et_pb_column type=&#8221;1_2&#8243; _builder_version=&#8221;4.26.0&#8243; _module_preset=&#8221;default&#8221; global_colors_info=&#8221;{}&#8221;][et_pb_heading title=&#8221;Comienza tu viaje de gestaci\u00f3n subrogada  &#8221; _builder_version=&#8221;4.26.1&#8243; _module_preset=&#8221;default&#8221; title_level=&#8221;h2&#8243; title_font_size=&#8221;32px&#8221; title_line_height=&#8221;1.2em&#8221; global_colors_info=&#8221;{}&#8221;][\/et_pb_heading][et_pb_text _builder_version=&#8221;4.26.0&#8243; _module_preset=&#8221;default&#8221; global_colors_info=&#8221;{}&#8221;]<\/p>\n<p>En Shining Light Baby estamos aqu\u00ed para guiarte en cada paso del proceso de gestaci\u00f3n subrogada, asegur\u00e1ndonos de que te sientas apoyada e informada durante todo el proceso.<br \/>\nDesde la consulta inicial hasta el feliz momento de dar la bienvenida a tu hijo, nuestro entregado equipo se compromete a hacer que tu experiencia sea lo m\u00e1s tranquila y satisfactoria posible. <\/p>\n<p>Si est\u00e1s dispuesta a dar el primer paso para construir o ampliar tu familia mediante la gestaci\u00f3n subrogada, ponte en contacto con nosotros hoy mismo para una consulta gratuita y hablar de tus opciones.  <\/p>\n<p>[\/et_pb_text][et_pb_button button_url=&#8221;@ET-DC@eyJkeW5hbWljIjp0cnVlLCJjb250ZW50IjoicG9zdF9saW5rX3VybF9wYWdlIiwic2V0dGluZ3MiOnsicG9zdF9pZCI6IjE4ODgiLCJlbmFibGVfaHRtbCI6Im9mZiJ9fQ==@&#8221; button_text=&#8221;Solicitar una consulta&#8221; _builder_version=&#8221;4.27.0&#8243; _dynamic_attributes=&#8221;button_url&#8221; custom_button=&#8221;off&#8221; custom_padding=&#8221;0.3em|2em|0.3em|2em|false|true&#8221; box_shadow_style=&#8221;none&#8221; locked=&#8221;off&#8221; global_colors_info=&#8221;{}&#8221; button_bg_enable_color__hover=&#8221;on&#8221; button_text_color__hover=&#8221;#ec9c5a&#8221; button_border_width__hover_enabled=&#8221;on|hover&#8221; button_text_color__hover_enabled=&#8221;off|desktop&#8221; button_bg_color__hover_enabled=&#8221;on|desktop&#8221;][\/et_pb_button][\/et_pb_column][\/et_pb_row][\/et_pb_section]<\/p>\n","protected":false},"excerpt":{"rendered":"<p>Cronolog\u00eda de subrogaci\u00f3nEl siguiente calendario ofrece una estimaci\u00f3n general del proceso de gestaci\u00f3n subrogada con Shining Light Baby. Ten en cuenta que las circunstancias individuales pueden afectar mucho al calendario de cada etapa. La duraci\u00f3n total estimada del viaje de gestaci\u00f3n subrogada es la siguiente: Consulta inicial Proceso de emparejamiento: 6-12 meses Configuraci\u00f3n de la [&hellip;]<\/p>\n","protected":false},"author":20,"featured_media":0,"parent":9957,"menu_order":0,"comment_status":"closed","ping_status":"closed","template":"","meta":{"_et_pb_use_builder":"on","_et_pb_old_content":"","_et_gb_content_width":"","footnotes":""},"class_list":["post-9643","page","type-page","status-publish","hentry"],"_links":{"self":[{"href":"https:\/\/shininglightbaby.com\/es\/wp-json\/wp\/v2\/pages\/9643","targetHints":{"allow":["GET"]}}],"collection":[{"href":"https:\/\/shininglightbaby.com\/es\/wp-json\/wp\/v2\/pages"}],"about":[{"href":"https:\/\/shininglightbaby.com\/es\/wp-json\/wp\/v2\/types\/page"}],"author":[{"embeddable":true,"href":"https:\/\/shininglightbaby.com\/es\/wp-json\/wp\/v2\/users\/20"}],"replies":[{"embeddable":true,"href":"https:\/\/shininglightbaby.com\/es\/wp-json\/wp\/v2\/comments?post=9643"}],"version-history":[{"count":2,"href":"https:\/\/shininglightbaby.com\/es\/wp-json\/wp\/v2\/pages\/9643\/revisions"}],"predecessor-version":[{"id":12991,"href":"https:\/\/shininglightbaby.com\/es\/wp-json\/wp\/v2\/pages\/9643\/revisions\/12991"}],"up":[{"embeddable":true,"href":"https:\/\/shininglightbaby.com\/es\/wp-json\/wp\/v2\/pages\/9957"}],"wp:attachment":[{"href":"https:\/\/shininglightbaby.com\/es\/wp-json\/wp\/v2\/media?parent=9643"}],"curies":[{"name":"wp","href":"https:\/\/api.w.org\/{rel}","templated":true}]}}