{"id":10021,"date":"2022-08-09T15:31:23","date_gmt":"2022-08-09T20:31:23","guid":{"rendered":"https:\/\/shininglightbaby.com\/conoce-a-nuestro-equipo-experto-en-gestacion-subrogada\/"},"modified":"2026-03-04T09:09:41","modified_gmt":"2026-03-04T15:09:41","slug":"conoce-a-nuestro-equipo-experto-en-gestacion-subrogada","status":"publish","type":"page","link":"https:\/\/shininglightbaby.com\/es\/conoce-a-nuestro-equipo-experto-en-gestacion-subrogada\/","title":{"rendered":"Conoce a nuestro equipo experto en gestaci\u00f3n subrogada"},"content":{"rendered":"<p>[et_pb_section fb_built=&#8221;1&#8243; custom_padding_last_edited=&#8221;on|desktop&#8221; admin_label=&#8221;Header&#8221; _builder_version=&#8221;4.25.2&#8243; background_image=&#8221;https:\/\/shininglightbaby.com\/wp-content\/uploads\/2022\/06\/SLB-Hero-Background.jpg&#8221; parallax=&#8221;on&#8221; custom_margin=&#8221;0px|0px|0px|0px|false|true&#8221; custom_margin_tablet=&#8221;&#8221; custom_margin_phone=&#8221;0px|0px||0px|false|true&#8221; custom_margin_last_edited=&#8221;on|desktop&#8221; custom_padding=&#8221;39px|0px|0px|||&#8221; custom_padding_tablet=&#8221;40px||||false|false&#8221; custom_padding_phone=&#8221;&#8221; border_radii_phone=&#8221;on|20px|20px|20px|20px&#8221; border_radii_last_edited=&#8221;off|desktop&#8221; global_colors_info=&#8221;{}&#8221;][et_pb_row custom_padding_last_edited=&#8221;on|tablet&#8221; _builder_version=&#8221;4.25.2&#8243; background_enable_color=&#8221;off&#8221; background_image=&#8221;https:\/\/shininglightbaby.com\/wp-content\/uploads\/2022\/06\/SLB_Hero-Blurred.jpg&#8221; parallax=&#8221;on&#8221; transform_scale_tablet=&#8221;&#8221; transform_scale_phone=&#8221;&#8221; transform_scale_last_edited=&#8221;on|desktop&#8221; transform_translate=&#8221;30px|0px&#8221; transform_translate_tablet=&#8221;0px|0px&#8221; transform_translate_phone=&#8221;&#8221; transform_translate_last_edited=&#8221;on|tablet&#8221; transform_translate_linked=&#8221;off&#8221; transform_rotate_tablet=&#8221;&#8221; transform_rotate_phone=&#8221;&#8221; transform_rotate_last_edited=&#8221;on|desktop&#8221; transform_skew_tablet=&#8221;&#8221; transform_skew_phone=&#8221;&#8221; transform_skew_last_edited=&#8221;on|desktop&#8221; transform_origin_tablet=&#8221;&#8221; transform_origin_phone=&#8221;&#8221; transform_origin_last_edited=&#8221;on|desktop&#8221; transform_styles_last_edited=&#8221;on|tablet&#8221; width_tablet=&#8221;90%&#8221; width_phone=&#8221;&#8221; width_last_edited=&#8221;on|desktop&#8221; max_width=&#8221;1200px&#8221; custom_margin=&#8221;|||auto|false|false&#8221; custom_padding=&#8221;100px|60px|100px|60px|true|true&#8221; custom_padding_tablet=&#8221;60px||60px||true|true&#8221; custom_padding_phone=&#8221;40px|20px|40px|20px|true|true&#8221; transform_styles_tablet=&#8221;&#8221; transform_styles_phone=&#8221;&#8221; border_radii_phone=&#8221;off|8px|8px||&#8221; border_radii_last_edited=&#8221;off|desktop&#8221; box_shadow_style=&#8221;preset3&#8243; box_shadow_vertical=&#8221;40px&#8221; box_shadow_blur=&#8221;110px&#8221; box_shadow_spread=&#8221;0px&#8221; box_shadow_color=&#8221;rgba(9,6,38,0.62)&#8221; global_colors_info=&#8221;{}&#8221;][et_pb_column type=&#8221;4_4&#8243; _builder_version=&#8221;4.25.2&#8243; global_colors_info=&#8221;{}&#8221;][et_pb_text _builder_version=&#8221;4.16&#8243; text_font_size=&#8221;17px&#8221; text_line_height=&#8221;1.6em&#8221; header_font=&#8221;Taviraj||||||||&#8221; header_font_size=&#8221;60px&#8221; header_line_height=&#8221;1.2em&#8221; max_width_last_edited=&#8221;off|desktop&#8221; text_font_size_tablet=&#8221;18px&#8221; text_font_size_phone=&#8221;16px&#8221; text_font_size_last_edited=&#8221;on|tablet&#8221; header_font_size_tablet=&#8221;40px&#8221; header_font_size_phone=&#8221;30px&#8221; header_font_size_last_edited=&#8221;on|desktop&#8221; locked=&#8221;off&#8221; global_colors_info=&#8221;{}&#8221;]<\/p>\n<h1>Conoce a nuestro equipo<\/h1>\n<p>[\/et_pb_text][\/et_pb_column][\/et_pb_row][\/et_pb_section][et_pb_section fb_built=&#8221;1&#8243; admin_label=&#8221;About&#8221; _builder_version=&#8221;4.25.2&#8243; background_color=&#8221;rgba(0,0,0,0)&#8221; custom_margin=&#8221;||||false|true&#8221; custom_margin_tablet=&#8221;&#8221; custom_margin_phone=&#8221;|0px||20px|false|false&#8221; custom_margin_last_edited=&#8221;on|tablet&#8221; custom_padding=&#8221;0px|0px|0px|0px|false|false&#8221; global_colors_info=&#8221;{}&#8221;][et_pb_row column_structure=&#8221;1_3,1_3,1_3&#8243; use_custom_gutter=&#8221;on&#8221; make_equal=&#8221;on&#8221; custom_padding_last_edited=&#8221;on|desktop&#8221; _builder_version=&#8221;4.25.2&#8243; background_color=&#8221;#ffffff&#8221; z_index=&#8221;0&#8243; width_tablet=&#8221;90%&#8221; width_phone=&#8221;auto&#8221; width_last_edited=&#8221;on|desktop&#8221; max_width=&#8221;1200px&#8221; overflow-x=&#8221;visible&#8221; overflow-y=&#8221;visible&#8221; custom_margin=&#8221;0px||0px||false|false&#8221; custom_margin_tablet=&#8221;0px||0px||false|false&#8221; custom_margin_phone=&#8221;|20px|0px|0px|false|false&#8221; custom_margin_last_edited=&#8221;on|phone&#8221; custom_padding=&#8221;0px|30px|0px|30px|false|false&#8221; custom_padding_tablet=&#8221;|||60px|false|false&#8221; custom_padding_phone=&#8221;20px|0px||0px|false|true&#8221; box_shadow_style=&#8221;preset3&#8243; box_shadow_vertical=&#8221;40px&#8221; box_shadow_blur=&#8221;110px&#8221; box_shadow_spread=&#8221;0px&#8221; box_shadow_color=&#8221;rgba(113,122,186,0.5)&#8221; global_colors_info=&#8221;{}&#8221; width__hover_enabled=&#8221;off&#8221;][et_pb_column type=&#8221;1_3&#8243; _builder_version=&#8221;4.25.2&#8243; custom_padding_tablet=&#8221;&#8221; custom_padding_phone=&#8221;&#8221; custom_padding_last_edited=&#8221;on|phone&#8221; global_colors_info=&#8221;{}&#8221;][et_pb_team_member name=&#8221;VICKY LI&#8221; position=&#8221;Cofundador\/Director del Programa Asi\u00e1tico&#8221; image_url=&#8221;https:\/\/shininglightbaby.com\/wp-content\/uploads\/2025\/05\/Vicky-2025-1.jpg&#8221; _builder_version=&#8221;4.27.4&#8243; _dynamic_attributes=&#8221;link_option_url&#8221; _module_preset=&#8221;default&#8221; background_color=&#8221;rgba(0,0,0,0)&#8221; min_height=&#8221;600px&#8221; custom_margin=&#8221;30px||30px||false|false&#8221; custom_margin_tablet=&#8221;30px||30px||false|false&#8221; custom_margin_phone=&#8221;0px||10px||false|false&#8221; custom_margin_last_edited=&#8221;on|phone&#8221; custom_padding=&#8221;30px|30px|40px|30px|false|false&#8221; link_option_url=&#8221;@ET-DC@eyJkeW5hbWljIjp0cnVlLCJjb250ZW50IjoicG9zdF9saW5rX3VybF9wYWdlIiwic2V0dGluZ3MiOnsicG9zdF9pZCI6IjYyNSIsImVuYWJsZV9odG1sIjoib2ZmIn19@&#8221; hover_enabled=&#8221;0&#8243; border_width_all=&#8221;3px&#8221; border_color_all=&#8221;#f7f7f7&#8243; box_shadow_style=&#8221;preset3&#8243; box_shadow_color=&#8221;rgba(42,80,90,0.87)&#8221; global_colors_info=&#8221;{}&#8221; title_text=&#8221;Vicky-2025 (1)&#8221; sticky_enabled=&#8221;0&#8243;]<\/p>\n<p>Vicky Li, cofundadora y directora del programa asi\u00e1tico en Shining Light Baby, tiene m\u00e1s de seis a\u00f1os de experiencia en reproducci\u00f3n de terceros trabajando&#8230;<\/p>\n<p>[\/et_pb_team_member][\/et_pb_column][et_pb_column type=&#8221;1_3&#8243; _builder_version=&#8221;4.16&#8243; _module_preset=&#8221;default&#8221; global_colors_info=&#8221;{}&#8221;][et_pb_team_member name=&#8221;MARIANA MARTINEZ&#8221; position=&#8221;Cofundadora\/Directora del Programa de Espa\u00f1ol&#8221; image_url=&#8221;https:\/\/shininglightbaby.com\/wp-content\/uploads\/2024\/06\/Mariana.webp&#8221; _builder_version=&#8221;4.25.2&#8243; _dynamic_attributes=&#8221;link_option_url&#8221; _module_preset=&#8221;default&#8221; background_color=&#8221;rgba(0,0,0,0)&#8221; min_height=&#8221;600px&#8221; custom_margin=&#8221;30px||30px||false|false&#8221; custom_margin_tablet=&#8221;30px||30px||false|false&#8221; custom_margin_phone=&#8221;0px||10px||false|false&#8221; custom_margin_last_edited=&#8221;on|phone&#8221; custom_padding=&#8221;30px|30px|40px|30px|false|false&#8221; link_option_url=&#8221;@ET-DC@eyJkeW5hbWljIjp0cnVlLCJjb250ZW50IjoicG9zdF9saW5rX3VybF9wYWdlIiwic2V0dGluZ3MiOnsicG9zdF9pZCI6IjYyOSIsImVuYWJsZV9odG1sIjoib2ZmIn19@&#8221; border_width_all=&#8221;3px&#8221; border_color_all=&#8221;#f7f7f7&#8243; box_shadow_style=&#8221;preset3&#8243; box_shadow_color=&#8221;rgba(42,80,90,0.87)&#8221; global_colors_info=&#8221;{}&#8221;]<\/p>\n<p>La pasi\u00f3n de Mariana por ayudar a los dem\u00e1s en sus viajes de construcci\u00f3n familiar comenz\u00f3 con el nacimiento de los gemelos de su hermana en 2012.<br \/>\nTras presenciar c\u00f3mo su hermana y&#8230; <\/p>\n<p>[\/et_pb_team_member][\/et_pb_column][et_pb_column type=&#8221;1_3&#8243; _builder_version=&#8221;4.25.2&#8243; custom_padding=&#8221;||||false|false&#8221; custom_padding_tablet=&#8221;0px||||false|false&#8221; custom_padding_phone=&#8221;&#8221; custom_padding_last_edited=&#8221;on|desktop&#8221; global_colors_info=&#8221;{}&#8221;][et_pb_team_member name=&#8221;DARIA BEEKMAN&#8221; position=&#8221;Director del Programa de Subrogada&#8221; image_url=&#8221;https:\/\/shininglightbaby.com\/wp-content\/uploads\/2024\/06\/Daria-Beekman.webp&#8221; _builder_version=&#8221;4.25.2&#8243; _dynamic_attributes=&#8221;link_option_url&#8221; _module_preset=&#8221;default&#8221; background_color=&#8221;rgba(0,0,0,0)&#8221; min_height=&#8221;600px&#8221; custom_margin=&#8221;30px||30px||false|false&#8221; custom_margin_tablet=&#8221;30px||30px||false|false&#8221; custom_margin_phone=&#8221;0px||10px||false|false&#8221; custom_margin_last_edited=&#8221;on|phone&#8221; custom_padding=&#8221;30px|30px|40px|30px|false|false&#8221; link_option_url=&#8221;@ET-DC@eyJkeW5hbWljIjp0cnVlLCJjb250ZW50IjoicG9zdF9saW5rX3VybF9wYWdlIiwic2V0dGluZ3MiOnsicG9zdF9pZCI6IjYzNyIsImVuYWJsZV9odG1sIjoib2ZmIn19@&#8221; border_width_all=&#8221;3px&#8221; border_color_all=&#8221;#f7f7f7&#8243; box_shadow_style=&#8221;preset3&#8243; box_shadow_color=&#8221;rgba(42,80,90,0.87)&#8221; global_colors_info=&#8221;{}&#8221;]Ayudar a las familias a crecer es la pasi\u00f3n de Daria.<br \/>\nElla misma ha realizado con \u00e9xito cuatro donaciones de \u00f3vulos a lo largo de tres a\u00f1os.<br \/>\nDaria comprende el fuerte deseo&#8230;[\/et_pb_team_member][\/et_pb_column][\/et_pb_row][et_pb_row column_structure=&#8221;1_3,1_3,1_3&#8243; use_custom_gutter=&#8221;on&#8221; make_equal=&#8221;on&#8221; custom_padding_last_edited=&#8221;on|desktop&#8221; _builder_version=&#8221;4.25.2&#8243; background_color=&#8221;#ffffff&#8221; z_index=&#8221;0&#8243; width_tablet=&#8221;90%&#8221; width_phone=&#8221;auto&#8221; width_last_edited=&#8221;on|desktop&#8221; max_width=&#8221;1200px&#8221; overflow-x=&#8221;visible&#8221; overflow-y=&#8221;visible&#8221; custom_margin=&#8221;0px||40px||false|false&#8221; custom_margin_tablet=&#8221;0px||40px||false|false&#8221; custom_margin_phone=&#8221;|20px|40px|0px|false|false&#8221; custom_margin_last_edited=&#8221;on|phone&#8221; custom_padding=&#8221;0px|30px|0px|30px|false|false&#8221; custom_padding_tablet=&#8221;|||60px|false|false&#8221; custom_padding_phone=&#8221;20px|0px||0px|false|true&#8221; box_shadow_style=&#8221;preset3&#8243; box_shadow_vertical=&#8221;40px&#8221; box_shadow_blur=&#8221;110px&#8221; box_shadow_spread=&#8221;0px&#8221; box_shadow_color=&#8221;rgba(113,122,186,0.5)&#8221; global_colors_info=&#8221;{}&#8221; width__hover_enabled=&#8221;off&#8221;][et_pb_column type=&#8221;1_3&#8243; _builder_version=&#8221;4.25.2&#8243; global_colors_info=&#8221;{}&#8221;][et_pb_team_member name=&#8221;AMBER KOTSCHI&#8221; position=&#8221;Coordinadora del Programa de Subrogada&#8221; image_url=&#8221;https:\/\/shininglightbaby.com\/wp-content\/uploads\/2024\/06\/Amber.webp&#8221; _builder_version=&#8221;4.25.2&#8243; _dynamic_attributes=&#8221;link_option_url&#8221; _module_preset=&#8221;default&#8221; background_color=&#8221;rgba(0,0,0,0)&#8221; min_height=&#8221;600px&#8221; custom_margin=&#8221;30px||30px||false|false&#8221; custom_margin_tablet=&#8221;30px||30px||false|false&#8221; custom_margin_phone=&#8221;0px||10px||false|false&#8221; custom_margin_last_edited=&#8221;on|phone&#8221; custom_padding=&#8221;30px|30px|40px|30px|false|false&#8221; link_option_url=&#8221;@ET-DC@eyJkeW5hbWljIjp0cnVlLCJjb250ZW50IjoicG9zdF9saW5rX3VybF9wYWdlIiwic2V0dGluZ3MiOnsicG9zdF9pZCI6IjQxNjgiLCJlbmFibGVfaHRtbCI6Im9mZiJ9fQ==@&#8221; border_width_all=&#8221;3px&#8221; border_color_all=&#8221;#f7f7f7&#8243; box_shadow_style=&#8221;preset3&#8243; box_shadow_color=&#8221;rgba(42,80,90,0.87)&#8221; global_colors_info=&#8221;{}&#8221;]<\/p>\n<p>Amber vive en Wisconsin con su cari\u00f1oso y comprensivo marido y sus 4 hijos. Es madre de alquiler por 2 veces y vive ayudando a las familias a crecer&#8230;.<\/p>\n<p>[\/et_pb_team_member][\/et_pb_column][et_pb_column type=&#8221;1_3&#8243; _builder_version=&#8221;4.16&#8243; _module_preset=&#8221;default&#8221; global_colors_info=&#8221;{}&#8221;][et_pb_team_member name=&#8221;STORMY CHAPMAN&#8221; position=&#8221;Especialista en Admisi\u00f3n de Subrogada&#8221; image_url=&#8221;https:\/\/shininglightbaby.com\/wp-content\/uploads\/2025\/01\/Stormy.png&#8221; _builder_version=&#8221;4.27.4&#8243; _dynamic_attributes=&#8221;link_option_url&#8221; _module_preset=&#8221;default&#8221; background_color=&#8221;rgba(0,0,0,0)&#8221; min_height=&#8221;600px&#8221; custom_margin=&#8221;30px||30px||false|false&#8221; custom_margin_tablet=&#8221;30px||30px||false|false&#8221; custom_margin_phone=&#8221;0px||10px||false|false&#8221; custom_margin_last_edited=&#8221;on|phone&#8221; custom_padding=&#8221;30px|30px|40px|30px|false|false&#8221; link_option_url=&#8221;@ET-DC@eyJkeW5hbWljIjp0cnVlLCJjb250ZW50IjoicG9zdF9saW5rX3VybF9wYWdlIiwic2V0dGluZ3MiOnsicG9zdF9pZCI6Ijk3NTEifX0=@&#8221; hover_enabled=&#8221;0&#8243; border_width_all=&#8221;3px&#8221; border_color_all=&#8221;#f7f7f7&#8243; box_shadow_style=&#8221;preset3&#8243; box_shadow_color=&#8221;rgba(42,80,90,0.87)&#8221; global_colors_info=&#8221;{}&#8221; title_text=&#8221;Stormy&#8221; sticky_enabled=&#8221;0&#8243;]<\/p>\n<p>Como esposa y madre de dos hijos, el camino de Stormy hacia la gestaci\u00f3n subrogada comenz\u00f3 con un profundo deseo de&#8230;<\/p>\n<p>[\/et_pb_team_member][\/et_pb_column][et_pb_column type=&#8221;1_3&#8243; _builder_version=&#8221;4.25.2&#8243; custom_padding=&#8221;||||false|false&#8221; custom_padding_tablet=&#8221;0px||||false|false&#8221; custom_padding_phone=&#8221;&#8221; custom_padding_last_edited=&#8221;on|desktop&#8221; global_colors_info=&#8221;{}&#8221;][et_pb_team_member name=&#8221;JODI LOEHMAN&#8221; position=&#8221;Especialista en Admisi\u00f3n de Subrogada&#8221; image_url=&#8221;https:\/\/shininglightbaby.com\/wp-content\/uploads\/2024\/06\/Jodi.webp&#8221; admin_label=&#8221;Person&#8221; _builder_version=&#8221;4.25.2&#8243; _dynamic_attributes=&#8221;link_option_url&#8221; _module_preset=&#8221;default&#8221; background_color=&#8221;rgba(0,0,0,0)&#8221; min_height=&#8221;600px&#8221; custom_margin=&#8221;30px||30px||false|false&#8221; custom_margin_tablet=&#8221;30px||30px||false|false&#8221; custom_margin_phone=&#8221;0px||10px||false|false&#8221; custom_margin_last_edited=&#8221;on|phone&#8221; custom_padding=&#8221;30px|30px|40px|30px|false|false&#8221; link_option_url=&#8221;@ET-DC@eyJkeW5hbWljIjp0cnVlLCJjb250ZW50IjoicG9zdF9saW5rX3VybF9wYWdlIiwic2V0dGluZ3MiOnsicG9zdF9pZCI6IjYzMyIsImVuYWJsZV9odG1sIjoib2ZmIn19@&#8221; border_width_all=&#8221;3px&#8221; border_color_all=&#8221;#f7f7f7&#8243; box_shadow_style=&#8221;preset3&#8243; box_shadow_color=&#8221;rgba(42,80,90,0.87)&#8221; global_colors_info=&#8221;{}&#8221;]Jodi vive en los suburbios de Illinois con su marido y sus cuatro hijos. Ha pasado muchos a\u00f1os como enfermera de quir\u00f3fano antes de dedicarse al mundo de la maternidad subrogada&#8230;[\/et_pb_team_member][\/et_pb_column][\/et_pb_row][\/et_pb_section]<\/p>\n","protected":false},"excerpt":{"rendered":"<p>Conoce a nuestro equipo Vicky Li, cofundadora y directora del programa asi\u00e1tico en Shining Light Baby, tiene m\u00e1s de seis a\u00f1os de experiencia en reproducci\u00f3n de terceros trabajando&#8230;La pasi\u00f3n de Mariana por ayudar a los dem\u00e1s en sus viajes de construcci\u00f3n familiar comenz\u00f3 con el nacimiento de los gemelos de su hermana en 2012. Tras [&hellip;]<\/p>\n","protected":false},"author":18,"featured_media":0,"parent":0,"menu_order":0,"comment_status":"closed","ping_status":"closed","template":"","meta":{"_et_pb_use_builder":"on","_et_pb_old_content":"","_et_gb_content_width":"","footnotes":""},"class_list":["post-10021","page","type-page","status-publish","hentry"],"_links":{"self":[{"href":"https:\/\/shininglightbaby.com\/es\/wp-json\/wp\/v2\/pages\/10021","targetHints":{"allow":["GET"]}}],"collection":[{"href":"https:\/\/shininglightbaby.com\/es\/wp-json\/wp\/v2\/pages"}],"about":[{"href":"https:\/\/shininglightbaby.com\/es\/wp-json\/wp\/v2\/types\/page"}],"author":[{"embeddable":true,"href":"https:\/\/shininglightbaby.com\/es\/wp-json\/wp\/v2\/users\/18"}],"replies":[{"embeddable":true,"href":"https:\/\/shininglightbaby.com\/es\/wp-json\/wp\/v2\/comments?post=10021"}],"version-history":[{"count":2,"href":"https:\/\/shininglightbaby.com\/es\/wp-json\/wp\/v2\/pages\/10021\/revisions"}],"predecessor-version":[{"id":13094,"href":"https:\/\/shininglightbaby.com\/es\/wp-json\/wp\/v2\/pages\/10021\/revisions\/13094"}],"wp:attachment":[{"href":"https:\/\/shininglightbaby.com\/es\/wp-json\/wp\/v2\/media?parent=10021"}],"curies":[{"name":"wp","href":"https:\/\/api.w.org\/{rel}","templated":true}]}}