{"id":9856,"date":"2024-02-28T19:50:54","date_gmt":"2024-02-29T01:50:54","guid":{"rendered":"https:\/\/shininglightbaby.com\/lgbtq\/"},"modified":"2026-03-04T09:08:56","modified_gmt":"2026-03-04T15:08:56","slug":"lgbtq","status":"publish","type":"page","link":"https:\/\/shininglightbaby.com\/de\/wunscheltern\/lgbtq\/","title":{"rendered":"LGBTQ"},"content":{"rendered":"<p>[et_pb_section fb_built=&#8221;1&#8243; custom_padding_last_edited=&#8221;on|desktop&#8221; admin_label=&#8221;Header&#8221; _builder_version=&#8221;4.27.0&#8243; background_image=&#8221;https:\/\/shininglightbaby.com\/wp-content\/uploads\/2024\/07\/fathers-gentle-embrace-as-he-carries-his-sleepy-baby-scaled.jpg&#8221; custom_margin=&#8221;0px|0px|0px|0px|false|true&#8221; custom_margin_tablet=&#8221;&#8221; custom_margin_phone=&#8221;0px|0px|0px|0px|false|true&#8221; custom_margin_last_edited=&#8221;on|desktop&#8221; custom_padding=&#8221;40px|0px|40px||false|false&#8221; custom_padding_tablet=&#8221;40px||||false|false&#8221; custom_padding_phone=&#8221;&#8221; hover_enabled=&#8221;0&#8243; border_radii_phone=&#8221;on|20px|20px|20px|20px&#8221; border_radii_last_edited=&#8221;off|desktop&#8221; locked=&#8221;off&#8221; global_colors_info=&#8221;{}&#8221; title_text=&#8221;fathers-gentle-embrace-as-he-carries-his-sleepy-baby&#8221; sticky_enabled=&#8221;0&#8243;][et_pb_row _builder_version=&#8221;4.26.0&#8243; _module_preset=&#8221;default&#8221; background_color=&#8221;rgba(247,247,247,0.72)&#8221; background_enable_image=&#8221;off&#8221; parallax=&#8221;on&#8221; max_width=&#8221;1200px&#8221; custom_padding=&#8221;80px|20px|80px|20px|false|false&#8221; box_shadow_style=&#8221;preset5&#8243; box_shadow_vertical=&#8221;40px&#8221; box_shadow_blur=&#8221;110px&#8221; box_shadow_spread=&#8221;0px&#8221; global_colors_info=&#8221;{}&#8221;][et_pb_column type=&#8221;4_4&#8243; _builder_version=&#8221;4.25.2&#8243; _module_preset=&#8221;default&#8221; global_colors_info=&#8221;{}&#8221;][et_pb_text _builder_version=&#8221;4.26.0&#8243; _module_preset=&#8221;default&#8221; text_font_size=&#8221;32px&#8221; header_font=&#8221;||||||||&#8221; header_font_size=&#8221;65px&#8221; header_line_height=&#8221;1.2em&#8221; max_width=&#8221;800px&#8221; module_alignment=&#8221;center&#8221; custom_margin=&#8221;||||false|false&#8221; custom_padding=&#8221;0px|0px|0px|0px|false|false&#8221; header_font_size_tablet=&#8221;65px&#8221; header_font_size_phone=&#8221;42px&#8221; header_font_size_last_edited=&#8221;on|phone&#8221; global_colors_info=&#8221;{}&#8221;]<\/p>\n<h1 style=\"text-align: center;\">LGBTQ+ Leihmutterschaft<\/h1>\n<p>[\/et_pb_text][\/et_pb_column][\/et_pb_row][\/et_pb_section][et_pb_section fb_built=&#8221;1&#8243; _builder_version=&#8221;4.26.0&#8243; _module_preset=&#8221;default&#8221; min_height=&#8221;500px&#8221; custom_padding=&#8221;||0px|||&#8221; locked=&#8221;off&#8221; global_colors_info=&#8221;{}&#8221;][et_pb_row column_structure=&#8221;1_2,1_2&#8243; _builder_version=&#8221;4.26.0&#8243; _module_preset=&#8221;default&#8221; global_colors_info=&#8221;{}&#8221;][et_pb_column type=&#8221;1_2&#8243; _builder_version=&#8221;4.26.0&#8243; _module_preset=&#8221;default&#8221; global_colors_info=&#8221;{}&#8221;][et_pb_image src=&#8221;https:\/\/shininglightbaby.com\/wp-content\/uploads\/2024\/07\/Early-Education-Child-Care.jpg&#8221; title_text=&#8221;Fr\u00fchkindliche Bildung-Kinderbetreuung&#8221; _builder_version=&#8221;4.27.0&#8243; _module_preset=&#8221;default&#8221; global_colors_info=&#8221;{}&#8221;][\/et_pb_image][\/et_pb_column][et_pb_column type=&#8221;1_2&#8243; _builder_version=&#8221;4.26.0&#8243; _module_preset=&#8221;default&#8221; global_colors_info=&#8221;{}&#8221;][et_pb_heading title=&#8221;Leihmutterschaft f\u00fcr gleichgeschlechtliche Paare und LGBTQ+-Eltern&#8221; _builder_version=&#8221;4.26.0&#8243; _module_preset=&#8221;default&#8221; title_level=&#8221;h2&#8243; title_font_size=&#8221;32px&#8221; title_line_height=&#8221;1.2em&#8221; global_colors_info=&#8221;{}&#8221;][\/et_pb_heading][et_pb_text _builder_version=&#8221;4.26.0&#8243; _module_preset=&#8221;default&#8221; global_colors_info=&#8221;{}&#8221;]<\/p>\n<p>Bei Shining Light Baby widmen wir uns der Unterst\u00fctzung von LGBTQ+ Einzelpersonen und Paaren auf ihrem Weg zur Elternschaft.<br \/>\nUnser umfassender Service ist darauf ausgerichtet, eine reibungslose, informierte und freudige Leihmutterschaft zu gew\u00e4hrleisten. Dabei konzentrieren wir uns auf den Schutz Ihrer Rechte und bieten Ihnen bei jedem Schritt eine pers\u00f6nliche Betreuung. <\/p>\n<p>[\/et_pb_text][et_pb_button button_url=&#8221;@ET-DC@eyJkeW5hbWljIjp0cnVlLCJjb250ZW50IjoicG9zdF9saW5rX3VybF9wYWdlIiwic2V0dGluZ3MiOnsicG9zdF9pZCI6IjE4ODgifX0=@&#8221; button_text=&#8221;Konsultation anfordern&#8221; button_alignment_phone=&#8221;center&#8221; _builder_version=&#8221;4.27.0&#8243; _dynamic_attributes=&#8221;button_url&#8221; custom_button=&#8221;off&#8221; custom_padding=&#8221;0.3em|2em|0.3em|2em|false|true&#8221; box_shadow_style=&#8221;none&#8221; locked=&#8221;off&#8221; global_colors_info=&#8221;{}&#8221; button_bg_enable_color__hover=&#8221;on&#8221; button_text_color__hover=&#8221;#ec9c5a&#8221; button_border_width__hover_enabled=&#8221;on|hover&#8221; button_text_color__hover_enabled=&#8221;off|desktop&#8221; button_bg_color__hover_enabled=&#8221;on|desktop&#8221;][\/et_pb_button][\/et_pb_column][\/et_pb_row][\/et_pb_section][et_pb_section fb_built=&#8221;1&#8243; _builder_version=&#8221;4.26.0&#8243; _module_preset=&#8221;default&#8221; background_color=&#8221;#F7F7F7&#8243; min_height=&#8221;500px&#8221; custom_padding=&#8221;||||false|false&#8221; locked=&#8221;off&#8221; global_colors_info=&#8221;{}&#8221;][et_pb_row column_structure=&#8221;1_2,1_2&#8243; _builder_version=&#8221;4.26.0&#8243; _module_preset=&#8221;default&#8221; global_colors_info=&#8221;{}&#8221;][et_pb_column type=&#8221;1_2&#8243; _builder_version=&#8221;4.26.0&#8243; _module_preset=&#8221;default&#8221; global_colors_info=&#8221;{}&#8221;][et_pb_heading title=&#8221;Wachsende Popularit\u00e4t der Leihmutterschaft f\u00fcr LGBTQ+-Familien&#8221; _builder_version=&#8221;4.27.0&#8243; _module_preset=&#8221;default&#8221; title_level=&#8221;h2&#8243; title_font_size=&#8221;32px&#8221; title_line_height=&#8221;1.2em&#8221; global_colors_info=&#8221;{}&#8221;][\/et_pb_heading][et_pb_text _builder_version=&#8221;4.26.0&#8243; _module_preset=&#8221;default&#8221; global_colors_info=&#8221;{}&#8221;]<\/p>\n<p>Schwule Paare und Singles, die sich eine Familie w\u00fcnschen, entscheiden sich immer h\u00e4ufiger f\u00fcr eine Leihmutterschaft.<br \/>\nDiese Elternschaftsl\u00f6sung ist aus mehreren Gr\u00fcnden gewachsen, darunter die Legalisierung der gleichgeschlechtlichen Ehe in den Vereinigten Staaten und vielen anderen L\u00e4ndern, die zunehmende \u00f6ffentliche Akzeptanz von LGBTQ-Familien und die Fortschritte in der assistierten Reproduktionstechnologie (ART).<br \/>\nDiese Faktoren in Verbindung mit den positiven Beziehungen, die durch die Leihmutterschaft entstehen, haben dazu gef\u00fchrt, dass sich immer mehr gleichgeschlechtliche Paare und alleinstehende homosexuelle Wunscheltern f\u00fcr die Leihmutterschaft entscheiden, um ihre Familien zu gr\u00fcnden.  <\/p>\n<p>[\/et_pb_text][et_pb_button button_url=&#8221;@ET-DC@eyJkeW5hbWljIjp0cnVlLCJjb250ZW50IjoicG9zdF9saW5rX3VybF9wYWdlIiwic2V0dGluZ3MiOnsicG9zdF9pZCI6IjE4ODgifX0=@&#8221; button_text=&#8221;Konsultation anfordern&#8221; button_alignment_phone=&#8221;center&#8221; _builder_version=&#8221;4.27.0&#8243; _dynamic_attributes=&#8221;button_url&#8221; custom_button=&#8221;off&#8221; custom_padding=&#8221;0.3em|2em|0.3em|2em|false|true&#8221; box_shadow_style=&#8221;none&#8221; locked=&#8221;off&#8221; global_colors_info=&#8221;{}&#8221; button_bg_enable_color__hover=&#8221;on&#8221; button_text_color__hover=&#8221;#ec9c5a&#8221; button_border_width__hover_enabled=&#8221;on|hover&#8221; button_text_color__hover_enabled=&#8221;off|desktop&#8221; button_bg_color__hover_enabled=&#8221;on|desktop&#8221;][\/et_pb_button][\/et_pb_column][et_pb_column type=&#8221;1_2&#8243; _builder_version=&#8221;4.26.0&#8243; _module_preset=&#8221;default&#8221; global_colors_info=&#8221;{}&#8221;][et_pb_image src=&#8221;https:\/\/shininglightbaby.com\/wp-content\/uploads\/2024\/07\/gay-fathers-and-sons-having-fun-outdoor-during-sum-2023-11-27-05-34-33-utc-scaled.jpg&#8221; title_text=&#8221;Schwule V\u00e4ter und S\u00f6hne haben Spa\u00df im Freien w\u00e4hrend der Sommerferien &#8211; LGBT-Familie Liebe Konzept &#8211; Fokus auf rechten Mann Gesicht&#8221; _builder_version=&#8221;4.27.0&#8243; _module_preset=&#8221;default&#8221; global_colors_info=&#8221;{}&#8221;][\/et_pb_image][\/et_pb_column][\/et_pb_row][\/et_pb_section][et_pb_section fb_built=&#8221;1&#8243; custom_padding_last_edited=&#8221;on|phone&#8221; _builder_version=&#8221;4.26.0&#8243; _module_preset=&#8221;default&#8221; min_height=&#8221;500px&#8221; custom_padding=&#8221;||60px||false|false&#8221; custom_padding_tablet=&#8221;||60px||false|false&#8221; custom_padding_phone=&#8221;||20px||false|false&#8221; locked=&#8221;off&#8221; global_colors_info=&#8221;{}&#8221;][et_pb_row custom_padding_last_edited=&#8221;on|phone&#8221; _builder_version=&#8221;4.27.0&#8243; _module_preset=&#8221;default&#8221; custom_margin_tablet=&#8221;&#8221; custom_margin_phone=&#8221;|30px||30px|false|false&#8221; custom_margin_last_edited=&#8221;on|phone&#8221; custom_padding_tablet=&#8221;&#8221; custom_padding_phone=&#8221;&#8221; global_colors_info=&#8221;{}&#8221;][et_pb_column type=&#8221;4_4&#8243; _builder_version=&#8221;4.26.0&#8243; _module_preset=&#8221;default&#8221; global_colors_info=&#8221;{}&#8221;][et_pb_image src=&#8221;https:\/\/shininglightbaby.com\/wp-content\/uploads\/2024\/07\/same-sex-male-couple-or-friends-cuddling-sleeping-2024-05-02-17-35-44-utc-scaled.jpg&#8221; title_text=&#8221;Gleichgeschlechtliches m\u00e4nnliches Paar oder Freunde kuscheln schlafendes Baby Tochter auf Sofa zu Hause zusammen&#8221; align=&#8221;center&#8221; _builder_version=&#8221;4.27.0&#8243; _module_preset=&#8221;default&#8221; max_width=&#8221;800px&#8221; global_colors_info=&#8221;{}&#8221;][\/et_pb_image][et_pb_heading title=&#8221;Umfassende Unterst\u00fctzung f\u00fcr LGBTQ+-Eltern&#8221; _builder_version=&#8221;4.27.0&#8243; _module_preset=&#8221;default&#8221; title_level=&#8221;h2&#8243; title_text_align=&#8221;center&#8221; title_font_size=&#8221;32px&#8221; title_line_height=&#8221;1.2em&#8221; global_colors_info=&#8221;{}&#8221;][\/et_pb_heading][et_pb_text _builder_version=&#8221;4.26.0&#8243; _module_preset=&#8221;default&#8221; global_colors_info=&#8221;{}&#8221;]<\/p>\n<p>Bei Shining Light Baby setzen wir uns f\u00fcr eine umfassende Unterst\u00fctzung ein, die auf die besonderen Bed\u00fcrfnisse von LGBTQ+ Eltern und gleichgeschlechtlichen Paaren zugeschnitten ist.<br \/>\nWir kennen die besonderen \u00dcberlegungen und Herausforderungen, die mit der Leihmutterschaft f\u00fcr LGBTQ+ Personen verbunden sind.<br \/>\nUnser Team aus erfahrenen Fachleuten setzt sich daf\u00fcr ein, dass Sie sich bei jedem Schritt informiert, unterst\u00fctzt und sicher f\u00fchlen.  <\/p>\n<p>Wir legen gro\u00dfen Wert auf eine effektive Kommunikation und bieten Ihnen die Unterst\u00fctzung, die Sie brauchen, indem wir alle logistischen Angelegenheiten mit Sorgfalt und Pr\u00e4zision erledigen.<br \/>\nGanz gleich, ob Sie ein gleichgeschlechtliches Paar oder ein alleinstehender Wunschelternteil sind, wir sorgen daf\u00fcr, dass Ihre Elternrechte gesch\u00fctzt werden und der rechtliche Prozess reibungslos und unkompliziert verl\u00e4uft.<br \/>\nUnser Netzwerk von sachkundigen Anw\u00e4lten ist mit den Gesetzen der einzelnen Bundesstaaten bestens vertraut und bietet Ihnen auf Ihrem Weg Ruhe und Sicherheit.  <\/p>\n<p>[\/et_pb_text][et_pb_toggle title=&#8221;Engagiert f\u00fcr die Familie&#8221; _builder_version=&#8221;4.27.0&#8243; _module_preset=&#8221;default&#8221; global_colors_info=&#8221;{}&#8221;]<\/p>\n<p>Die Wahl einer Agentur kann \u00fcberw\u00e4ltigend sein, aber bei Shining Light Baby sind Sie in guten H\u00e4nden.<br \/>\nUnsere Agentur setzt sich wirklich f\u00fcr Ihren Traum von einer Elternschaft ein und bietet Ihnen pers\u00f6nliche Beratung und unersch\u00fctterliche Unterst\u00fctzung.<br \/>\nWir sind f\u00fcr Sie da, um Ihnen bei der Leihmutterschaft zu helfen und sicherzustellen, dass Sie diesen lebensver\u00e4ndernden Schritt zur Gr\u00fcndung Ihrer Familie mit Freude und Zufriedenheit gehen.  <\/p>\n<p>[\/et_pb_toggle][et_pb_toggle title=&#8221;Bef\u00fcrworter von M\u00e4nnern mit Babies&#8221; _builder_version=&#8221;4.27.0&#8243; _module_preset=&#8221;default&#8221; global_colors_info=&#8221;{}&#8221;]<\/p>\n<p>Shining Light Baby unterst\u00fctzt mit Stolz Men Having Babies, eine gemeinn\u00fctzige Organisation, die sich daf\u00fcr einsetzt, dass schwule potenzielle Wunscheltern ihre Ziele in Bezug auf biologische Elternschaft erreichen.<br \/>\nMen Having Babies bietet Bildungsressourcen an, wirbt f\u00fcr erschwingliche Leihmutterschaftsdienste, sch\u00e4rft das Bewusstsein f\u00fcr die Reproduktion durch Dritte und bietet Seminare und Workshops zur Unterst\u00fctzung ihrer Mission an.<br \/>\nWir teilen ihr Engagement f\u00fcr die Schaffung positiver Beziehungen und erfolgreicher Familiengr\u00fcndungen.  <\/p>\n<p>[\/et_pb_toggle][et_pb_toggle title=&#8221;Vervielf\u00e4ltigung durch Dritte&#8221; _builder_version=&#8221;4.27.0&#8243; _module_preset=&#8221;default&#8221; global_colors_info=&#8221;{}&#8221;]<\/p>\n<p>Third Party Reproduction bietet gleichgeschlechtlichen Paaren und alleinstehenden homosexuellen Wunscheltern die M\u00f6glichkeit, ein eigenes biologisches Kind zu bekommen.<br \/>\nDurch Leihmutterschaft mit Hilfe einer Eizell- oder Samenspenderin wird dieser Traum Wirklichkeit.<br \/>\nViele Staaten in den Vereinigten Staaten sind rechtlich freundlich zu schwulen Wunscheltern.<br \/>\nWenn Sie mit einer Leihmutter in einem dieser Staaten zusammenarbeiten, k\u00f6nnen Sie sicher sein, dass Ihre elterlichen Rechte gesch\u00fctzt sind und ein reibungsloser rechtlicher Ablauf gew\u00e4hrleistet ist.<br \/>\nDas Netzwerk erfahrener Anw\u00e4lte von Shining Light Baby ist mit den Gesetzen der einzelnen Bundesstaaten bestens vertraut und wird Sie durch die rechtlichen Aspekte f\u00fchren, bevor Sie sich mit einer potenziellen Leihmutter zusammenschlie\u00dfen.    <\/p>\n<p>[\/et_pb_toggle][et_pb_toggle title=&#8221;Zusammenf\u00fchrung mit einer Leihmutter in einem rechtlich freundlichen Staat&#8221; _builder_version=&#8221;4.27.0&#8243; _module_preset=&#8221;default&#8221; global_colors_info=&#8221;{}&#8221;]<\/p>\n<p>Wir von Shining Light Baby wissen, wie wichtig es ist, dass LGBTQ+ Eltern und gleichgeschlechtliche Paare w\u00e4hrend der Leihmutterschaft rechtlich gesch\u00fctzt sind.<br \/>\nWir sind bestrebt, Sie mit einer Leihmutter in einem rechtsfreundlichen Staat zusammenzubringen, in dem Ihre elterlichen Rechte vollst\u00e4ndig anerkannt und gesch\u00fctzt sind. <\/p>\n<p>Unser erfahrenes Team arbeitet sorgf\u00e4ltig daran, Sie mit Leihm\u00fcttern in Staaten in Verbindung zu bringen, die klar definierte Leihmutterschaftsgesetze haben, die f\u00fcr LGBTQ+ Familien g\u00fcnstig sind.<br \/>\nDamit ist gew\u00e4hrleistet, dass Sie einen durchsetzbaren Leihmutterschaftsvertrag abschlie\u00dfen und entweder vor oder kurz nach der Geburt Ihres Kindes Elternrechte geltend machen k\u00f6nnen.<br \/>\nDiese rechtliche Grundlage ist entscheidend, um die notwendigen Unterlagen f\u00fcr die Staatsb\u00fcrgerschaft Ihres Kindes zu erhalten und sicherzustellen, dass Ihre Elternschaft ohne Komplikationen anerkannt wird.  <\/p>\n<p>Wenn Sie sich f\u00fcr Shining Light Baby entscheiden, k\u00f6nnen Sie sicher sein, dass Sie mit einer Leihmutter in einem Staat zusammengebracht werden, in dem das rechtliche Verfahren reibungslos und sicher ist.<br \/>\nUnsere sachkundigen Anw\u00e4lte werden Sie durch jeden rechtlichen Schritt begleiten und Ihnen Klarheit und Unterst\u00fctzung bieten, um sicherzustellen, dass Ihre Reise zur Elternschaft so nahtlos und stressfrei wie m\u00f6glich verl\u00e4uft.<br \/>\nWir sind daf\u00fcr da, Ihren Traum von der Gr\u00fcndung einer Familie Wirklichkeit werden zu lassen &#8211; mit dem rechtlichen Schutz, den Sie brauchen, um sich sicher und geborgen zu f\u00fchlen.  <\/p>\n<p>[\/et_pb_toggle][et_pb_toggle title=&#8221;Reise-Arrangements&#8221; _builder_version=&#8221;4.27.0&#8243; _module_preset=&#8221;default&#8221; global_colors_info=&#8221;{}&#8221;]<\/p>\n<p>Als internationale Wunscheltern k\u00f6nnen Sie davon ausgehen, dass Sie w\u00e4hrend Ihrer Leihmutterschaft 2-4 Mal in die Vereinigten Staaten reisen werden.<br \/>\nDazu geh\u00f6ren in der Regel Besuche zur medizinischen Erstuntersuchung, zu wichtigen Meilensteinen wie der Ultraschalluntersuchung in der 20.<br \/>\nShining Light Baby unterst\u00fctzt Sie bei allen Reisevorbereitungen und sorgt daf\u00fcr, dass Ihre Besuche reibungslos und gut koordiniert verlaufen.<br \/>\nWir helfen Ihnen auch bei der Beschaffung des Reisepasses f\u00fcr Ihr Baby und aller zus\u00e4tzlichen Bescheinigungen, die f\u00fcr internationale Reisen erforderlich sind.   <\/p>\n<p>[\/et_pb_toggle][et_pb_button button_url=&#8221;@ET-DC@eyJkeW5hbWljIjp0cnVlLCJjb250ZW50IjoicG9zdF9saW5rX3VybF9wYWdlIiwic2V0dGluZ3MiOnsicG9zdF9pZCI6IjE4ODgifX0=@&#8221; button_text=&#8221;Konsultation anfordern&#8221; button_alignment=&#8221;center&#8221; button_alignment_phone=&#8221;center&#8221; _builder_version=&#8221;4.27.0&#8243; _dynamic_attributes=&#8221;button_url&#8221; custom_button=&#8221;off&#8221; custom_padding=&#8221;0.3em|2em|0.3em|2em|false|true&#8221; box_shadow_style=&#8221;none&#8221; locked=&#8221;off&#8221; global_colors_info=&#8221;{}&#8221; button_bg_enable_color__hover=&#8221;on&#8221; button_text_color__hover=&#8221;#ec9c5a&#8221; button_border_width__hover_enabled=&#8221;on|hover&#8221; button_text_color__hover_enabled=&#8221;off|desktop&#8221; button_bg_color__hover_enabled=&#8221;on|desktop&#8221;][\/et_pb_button][\/et_pb_column][\/et_pb_row][\/et_pb_section][et_pb_section fb_built=&#8221;1&#8243; _builder_version=&#8221;4.27.0&#8243; _module_preset=&#8221;default&#8221; background_color=&#8221;#F7F7F7&#8243; min_height=&#8221;500px&#8221; custom_padding=&#8221;||||false|false&#8221; locked=&#8221;off&#8221; global_colors_info=&#8221;{}&#8221;][et_pb_row column_structure=&#8221;1_2,1_2&#8243; _builder_version=&#8221;4.26.0&#8243; _module_preset=&#8221;default&#8221; global_colors_info=&#8221;{}&#8221;][et_pb_column type=&#8221;1_2&#8243; _builder_version=&#8221;4.26.0&#8243; _module_preset=&#8221;default&#8221; global_colors_info=&#8221;{}&#8221;][et_pb_heading title=&#8221;Beginnen Sie Ihre Reise mit Shining Light Baby&#8221; _builder_version=&#8221;4.27.0&#8243; _module_preset=&#8221;default&#8221; title_level=&#8221;h2&#8243; title_font_size=&#8221;32px&#8221; title_line_height=&#8221;1.2em&#8221; global_colors_info=&#8221;{}&#8221;][\/et_pb_heading][et_pb_text _builder_version=&#8221;4.26.0&#8243; _module_preset=&#8221;default&#8221; global_colors_info=&#8221;{}&#8221;]<\/p>\n<p>Wenn Sie bereit sind, den ersten Schritt zur Gr\u00fcndung Ihrer Familie zu machen, laden wir Sie ein, uns noch heute zu kontaktieren.<br \/>\nLassen Sie Shining Light Baby Ihr zuverl\u00e4ssiger Partner auf dieser lebensver\u00e4ndernden Reise sein. Wir bieten Ihnen die Unterst\u00fctzung, das Fachwissen und die Betreuung, die Sie brauchen, um Ihren Traum von der Elternschaft zu verwirklichen. <\/p>\n<p>Setzen Sie sich mit uns in Verbindung, um mehr dar\u00fcber zu erfahren, wie wir Ihnen auf dieser unglaublichen Reise helfen k\u00f6nnen.<\/p>\n<p>[\/et_pb_text][et_pb_button button_url=&#8221;@ET-DC@eyJkeW5hbWljIjp0cnVlLCJjb250ZW50IjoicG9zdF9saW5rX3VybF9wYWdlIiwic2V0dGluZ3MiOnsicG9zdF9pZCI6IjE4ODgifX0=@&#8221; button_text=&#8221;Konsultation anfordern&#8221; button_alignment_phone=&#8221;center&#8221; button_alignment_last_edited=&#8221;off|desktop&#8221; _builder_version=&#8221;4.27.0&#8243; _dynamic_attributes=&#8221;button_url&#8221; custom_button=&#8221;off&#8221; custom_padding=&#8221;0.3em|2em|0.3em|2em|false|true&#8221; box_shadow_style=&#8221;none&#8221; locked=&#8221;off&#8221; global_colors_info=&#8221;{}&#8221; button_bg_enable_color__hover=&#8221;on&#8221; button_text_color__hover=&#8221;#ec9c5a&#8221; button_border_width__hover_enabled=&#8221;on|hover&#8221; button_text_color__hover_enabled=&#8221;off|desktop&#8221; button_bg_color__hover_enabled=&#8221;on|desktop&#8221;][\/et_pb_button][\/et_pb_column][et_pb_column type=&#8221;1_2&#8243; _builder_version=&#8221;4.26.0&#8243; _module_preset=&#8221;default&#8221; global_colors_info=&#8221;{}&#8221;][et_pb_image src=&#8221;https:\/\/shininglightbaby.com\/wp-content\/uploads\/2024\/07\/gay-happy-couple-with-their-newborn-baby-in-a-park-2023-11-27-05-03-57-utc-scaled-e1721418627861.jpg&#8221; title_text=&#8221;Gl\u00fcckliches schwules Paar mit ihrem neugeborenen Baby in einem Park.&#8221; _builder_version=&#8221;4.27.0&#8243; _module_preset=&#8221;default&#8221; global_colors_info=&#8221;{}&#8221;][\/et_pb_image][\/et_pb_column][\/et_pb_row][\/et_pb_section]<\/p>\n","protected":false},"excerpt":{"rendered":"<p>LGBTQ+ LeihmutterschaftBei Shining Light Baby widmen wir uns der Unterst\u00fctzung von LGBTQ+ Einzelpersonen und Paaren auf ihrem Weg zur Elternschaft. Unser umfassender Service ist darauf ausgerichtet, eine reibungslose, informierte und freudige Leihmutterschaft zu gew\u00e4hrleisten. Dabei konzentrieren wir uns auf den Schutz Ihrer Rechte und bieten Ihnen bei jedem Schritt eine pers\u00f6nliche Betreuung. Schwule Paare und [&hellip;]<\/p>\n","protected":false},"author":17,"featured_media":0,"parent":9940,"menu_order":0,"comment_status":"closed","ping_status":"closed","template":"","meta":{"_et_pb_use_builder":"on","_et_pb_old_content":"","_et_gb_content_width":"","footnotes":""},"class_list":["post-9856","page","type-page","status-publish","hentry"],"_links":{"self":[{"href":"https:\/\/shininglightbaby.com\/de\/wp-json\/wp\/v2\/pages\/9856","targetHints":{"allow":["GET"]}}],"collection":[{"href":"https:\/\/shininglightbaby.com\/de\/wp-json\/wp\/v2\/pages"}],"about":[{"href":"https:\/\/shininglightbaby.com\/de\/wp-json\/wp\/v2\/types\/page"}],"author":[{"embeddable":true,"href":"https:\/\/shininglightbaby.com\/de\/wp-json\/wp\/v2\/users\/17"}],"replies":[{"embeddable":true,"href":"https:\/\/shininglightbaby.com\/de\/wp-json\/wp\/v2\/comments?post=9856"}],"version-history":[{"count":2,"href":"https:\/\/shininglightbaby.com\/de\/wp-json\/wp\/v2\/pages\/9856\/revisions"}],"predecessor-version":[{"id":13031,"href":"https:\/\/shininglightbaby.com\/de\/wp-json\/wp\/v2\/pages\/9856\/revisions\/13031"}],"up":[{"embeddable":true,"href":"https:\/\/shininglightbaby.com\/de\/wp-json\/wp\/v2\/pages\/9940"}],"wp:attachment":[{"href":"https:\/\/shininglightbaby.com\/de\/wp-json\/wp\/v2\/media?parent=9856"}],"curies":[{"name":"wp","href":"https:\/\/api.w.org\/{rel}","templated":true}]}}