{"id":9820,"date":"2022-08-12T16:49:08","date_gmt":"2022-08-12T21:49:08","guid":{"rendered":"https:\/\/shininglightbaby.com\/warum-shining-light-baby-fuer-leihmutterschaft-waehlen\/"},"modified":"2026-03-04T09:09:23","modified_gmt":"2026-03-04T15:09:23","slug":"warum-shining-light-baby-fuer-leihmutterschaft-waehlen","status":"publish","type":"page","link":"https:\/\/shininglightbaby.com\/de\/warum-shining-light-baby-fuer-leihmutterschaft-waehlen\/","title":{"rendered":"Warum Shining Light Baby f\u00fcr Leihmutterschaft w\u00e4hlen"},"content":{"rendered":"<p>[et_pb_section fb_built=&#8221;1&#8243; custom_padding_last_edited=&#8221;on|phone&#8221; admin_label=&#8221;Header&#8221; _builder_version=&#8221;4.25.2&#8243; background_image=&#8221;https:\/\/shininglightbaby.com\/wp-content\/uploads\/2022\/06\/29.jpg&#8221; parallax=&#8221;on&#8221; custom_margin=&#8221;||||false|true&#8221; custom_margin_tablet=&#8221;&#8221; custom_margin_phone=&#8221;||||false|true&#8221; custom_margin_last_edited=&#8221;on|desktop&#8221; custom_padding=&#8221;40px|0px|0px||false|false&#8221; custom_padding_tablet=&#8221;40px||||false|false&#8221; custom_padding_phone=&#8221;&#8221; border_radii_phone=&#8221;on|20px|20px|20px|20px&#8221; border_radii_last_edited=&#8221;off|desktop&#8221; locked=&#8221;off&#8221; global_colors_info=&#8221;{}&#8221;][et_pb_row custom_padding_last_edited=&#8221;on|tablet&#8221; admin_label=&#8221;Reihe&#8221; _builder_version=&#8221;4.25.2&#8243; parallax=&#8221;on&#8221; transform_scale_tablet=&#8221;&#8221; transform_scale_phone=&#8221;&#8221; transform_scale_last_edited=&#8221;on|desktop&#8221; transform_translate=&#8221;30px|0px&#8221; transform_translate_tablet=&#8221;0px|0px&#8221; transform_translate_phone=&#8221;&#8221; transform_translate_last_edited=&#8221;on|tablet&#8221; transform_translate_linked=&#8221;off&#8221; transform_rotate_tablet=&#8221;&#8221; transform_rotate_phone=&#8221;&#8221; transform_rotate_last_edited=&#8221;on|desktop&#8221; transform_skew_tablet=&#8221;&#8221; transform_skew_phone=&#8221;&#8221; transform_skew_last_edited=&#8221;on|desktop&#8221; transform_origin_tablet=&#8221;&#8221; transform_origin_phone=&#8221;&#8221; transform_origin_last_edited=&#8221;on|desktop&#8221; transform_styles_last_edited=&#8221;on|tablet&#8221; width_tablet=&#8221;90%&#8221; width_phone=&#8221;&#8221; width_last_edited=&#8221;on|desktop&#8221; max_width=&#8221;1200px&#8221; custom_padding=&#8221;100px|60px|100px|60px|true|true&#8221; custom_padding_tablet=&#8221;60px||60px||true|true&#8221; custom_padding_phone=&#8221;40px|20px|40px|20px|true|true&#8221; hover_enabled=&#8221;0&#8243; transform_styles_tablet=&#8221;&#8221; transform_styles_phone=&#8221;&#8221; border_radii_phone=&#8221;off|8px|8px||&#8221; border_radii_last_edited=&#8221;off|desktop&#8221; box_shadow_style=&#8221;preset3&#8243; box_shadow_vertical=&#8221;40px&#8221; box_shadow_blur=&#8221;110px&#8221; box_shadow_spread=&#8221;0px&#8221; box_shadow_color=&#8221;rgba(9,6,38,0.62)&#8221; global_colors_info=&#8221;{}&#8221; background_enable_image=&#8221;off&#8221; background_color=&#8221;rgba(255,255,255,0.75)&#8221; sticky_enabled=&#8221;0&#8243;][et_pb_column type=&#8221;4_4&#8243; _builder_version=&#8221;4.16&#8243; global_colors_info=&#8221;{}&#8221;][et_pb_text _builder_version=&#8221;4.16&#8243; text_font_size=&#8221;17px&#8221; text_line_height=&#8221;1.6em&#8221; header_font=&#8221;Taviraj||||||||&#8221; header_font_size=&#8221;60px&#8221; header_line_height=&#8221;1.2em&#8221; max_width_last_edited=&#8221;off|desktop&#8221; hover_enabled=&#8221;0&#8243; text_font_size_tablet=&#8221;18px&#8221; text_font_size_phone=&#8221;16px&#8221; text_font_size_last_edited=&#8221;on|tablet&#8221; header_font_size_tablet=&#8221;40px&#8221; header_font_size_phone=&#8221;30px&#8221; header_font_size_last_edited=&#8221;on|desktop&#8221; locked=&#8221;off&#8221; global_colors_info=&#8221;{}&#8221; sticky_enabled=&#8221;0&#8243;]<\/p>\n<h1>Warum Shining Light Baby w\u00e4hlen?<\/h1>\n<p>[\/et_pb_text][\/et_pb_column][\/et_pb_row][\/et_pb_section][et_pb_section fb_built=&#8221;1&#8243; admin_label=&#8221;About&#8221; _builder_version=&#8221;4.25.2&#8243; background_color=&#8221;rgba(0,0,0,0)&#8221; z_index=&#8221;1&#8243; custom_margin=&#8221;|40px||40px|false|true&#8221; custom_margin_tablet=&#8221;&#8221; custom_margin_phone=&#8221;|20px||20px|false|true&#8221; custom_margin_last_edited=&#8221;on|tablet&#8221; custom_padding=&#8221;0px|0px|0px|0px|false|false&#8221; global_colors_info=&#8221;{}&#8221;][et_pb_row column_structure=&#8221;1_2,1_2&#8243; custom_padding_last_edited=&#8221;on|desktop&#8221; _builder_version=&#8221;4.25.2&#8243; background_color=&#8221;#ffffff&#8221; z_index=&#8221;0&#8243; width_tablet=&#8221;90%&#8221; width_phone=&#8221;100%&#8221; width_last_edited=&#8221;on|desktop&#8221; max_width=&#8221;1200px&#8221; overflow-x=&#8221;visible&#8221; overflow-y=&#8221;visible&#8221; custom_margin=&#8221;|auto||auto|false|false&#8221; custom_margin_tablet=&#8221;-30px|auto||auto|false|false&#8221; custom_margin_phone=&#8221;0px|-48px|0px|0px|false|false&#8221; custom_margin_last_edited=&#8221;on|phone&#8221; custom_padding=&#8221;60px|60px|60px|90px|true|false&#8221; custom_padding_tablet=&#8221;|||60px|false|false&#8221; custom_padding_phone=&#8221;|20px||20px|false|true&#8221; hover_enabled=&#8221;0&#8243; box_shadow_style=&#8221;preset3&#8243; box_shadow_vertical=&#8221;40px&#8221; box_shadow_blur=&#8221;110px&#8221; box_shadow_spread=&#8221;0px&#8221; box_shadow_color=&#8221;rgba(113,122,186,0.5)&#8221; global_colors_info=&#8221;{}&#8221; width__hover_enabled=&#8221;off&#8221; sticky_enabled=&#8221;0&#8243;][et_pb_column type=&#8221;1_2&#8243; _builder_version=&#8221;4.16&#8243; global_colors_info=&#8221;{}&#8221;][et_pb_text _builder_version=&#8221;4.16&#8243; text_font_size=&#8221;17px&#8221; text_line_height=&#8221;1.8em&#8221; header_2_font=&#8221;Taviraj||||||||&#8221; header_2_font_size=&#8221;50px&#8221; header_2_line_height=&#8221;1.2em&#8221; background_enable_color=&#8221;off&#8221; max_width=&#8221;550px&#8221; max_width_tablet=&#8221;100%&#8221; max_width_phone=&#8221;100%&#8221; max_width_last_edited=&#8221;off|desktop&#8221; link_option_url=&#8221;#&#8221; text_font_size_tablet=&#8221;&#8221; text_font_size_phone=&#8221;15px&#8221; text_font_size_last_edited=&#8221;on|desktop&#8221; header_2_font_size_tablet=&#8221;40px&#8221; header_2_font_size_phone=&#8221;30px&#8221; header_2_font_size_last_edited=&#8221;on|phone&#8221; border_radii=&#8221;on|6px|6px|6px|6px&#8221; locked=&#8221;off&#8221; global_colors_info=&#8221;{}&#8221;]<\/p>\n<h2 class=\"fusion-responsive-typography-calculated\" data-fontsize=\"46\" data-lineheight=\"57.5px\" data-fusion-font=\"true\"><span data-fusion-font=\"true\">Wir verstehen<\/span><\/h2>\n<p>Sie haben viele Optionen f\u00fcr eine Leihmutterschaftsagentur und wir freuen uns, dass Sie Shining Light Baby in Betracht ziehen, um Sie auf dieser Reise Ihres Lebens zu begleiten.<br \/>\nWir sind Experten f\u00fcr Leihmutterschaft mit einer langj\u00e4hrigen und tiefen Leidenschaft f\u00fcr das, was wir tun.<br \/>\nMit insgesamt mehr als f\u00fcnfundzwanzig Jahren Erfahrung in der Branche der Fremdgeburten sind wir bestens mit den Details und Schritten vertraut, die erforderlich sind, damit Sie Ihren Traum von einer erfolgreichen Leihmutterschaft verwirklichen k\u00f6nnen.    <\/p>\n<p>[\/et_pb_text][et_pb_button button_url=&#8221;@ET-DC@eyJkeW5hbWljIjp0cnVlLCJjb250ZW50IjoicG9zdF9saW5rX3VybF9wYWdlIiwic2V0dGluZ3MiOnsicG9zdF9pZCI6IjM3MiJ9fQ==@&#8221; button_text=&#8221;Einen Termin buchen&#8221; _builder_version=&#8221;4.25.2&#8243; _dynamic_attributes=&#8221;button_url&#8221; button_bg_use_color_gradient=&#8221;on&#8221; button_bg_color_gradient_stops=&#8221;#ec9c5a 0%|#ec9c5a 100%&#8221; button_bg_color_gradient_start=&#8221;#ec9c5a&#8221; button_bg_color_gradient_end=&#8221;#ec9c5a&#8221; custom_margin_tablet=&#8221;|||50px|false|false&#8221; custom_margin_last_edited=&#8221;off|tablet&#8221; hover_enabled=&#8221;0&#8243; locked=&#8221;off&#8221; global_colors_info=&#8221;{}&#8221; button_bg_color__hover_enabled=&#8221;off&#8221; custom_button=&#8221;off&#8221; sticky_enabled=&#8221;0&#8243; box_shadow_style=&#8221;none&#8221;][\/et_pb_button][\/et_pb_column][et_pb_column type=&#8221;1_2&#8243; _builder_version=&#8221;4.16&#8243; global_colors_info=&#8221;{}&#8221;][et_pb_image src=&#8221;https:\/\/shininglightbaby.com\/wp-content\/uploads\/2022\/08\/2.png&#8221; title_text=&#8221;2&#8243; _builder_version=&#8221;4.16&#8243; border_radii=&#8221;on|6px|6px|6px|6px&#8221; box_shadow_style=&#8221;preset3&#8243; box_shadow_vertical=&#8221;30px&#8221; box_shadow_blur=&#8221;100px&#8221; box_shadow_spread=&#8221;50px&#8221; box_shadow_color=&#8221;rgba(102,100,126,0.2)&#8221; global_colors_info=&#8221;{}&#8221;][\/et_pb_image][\/et_pb_column][\/et_pb_row][et_pb_row _builder_version=&#8221;4.25.2&#8243; _module_preset=&#8221;default&#8221; global_colors_info=&#8221;{}&#8221;][et_pb_column type=&#8221;4_4&#8243; _builder_version=&#8221;4.25.2&#8243; _module_preset=&#8221;default&#8221; global_colors_info=&#8221;{}&#8221;][et_pb_text _builder_version=&#8221;4.25.2&#8243; text_font_size=&#8221;17px&#8221; text_line_height=&#8221;1.8em&#8221; header_2_font=&#8221;Taviraj||||||||&#8221; header_2_font_size=&#8221;46px&#8221; header_2_line_height=&#8221;1.2em&#8221; custom_margin=&#8221;80px||||false|false&#8221; custom_padding=&#8221;||||false|false&#8221; custom_padding_tablet=&#8221;|30px||50px|true|false&#8221; custom_padding_phone=&#8221;|30px|||true|false&#8221; custom_padding_last_edited=&#8221;off|tablet&#8221; text_font_size_tablet=&#8221;&#8221; text_font_size_phone=&#8221;15px&#8221; text_font_size_last_edited=&#8221;on|desktop&#8221; header_2_font_size_tablet=&#8221;40px&#8221; header_2_font_size_phone=&#8221;30px&#8221; header_2_font_size_last_edited=&#8221;on|phone&#8221; global_colors_info=&#8221;{}&#8221;]<\/p>\n<h2 style=\"text-align: center;\">Leuchtende Geschichten von leuchtenden Familien<\/h2>\n<p>[\/et_pb_text][\/et_pb_column][\/et_pb_row][\/et_pb_section][et_pb_section fb_built=&#8221;1&#8243; admin_label=&#8221;FAQ&#8221; _builder_version=&#8221;4.25.2&#8243; custom_padding=&#8221;30px|0px|||false|false&#8221; locked=&#8221;off&#8221; global_colors_info=&#8221;{}&#8221;][et_pb_row _builder_version=&#8221;4.25.2&#8243; background_enable_color=&#8221;off&#8221; global_colors_info=&#8221;{}&#8221;][et_pb_column type=&#8221;4_4&#8243; _builder_version=&#8221;4.16&#8243; global_colors_info=&#8221;{}&#8221;][et_pb_testimonial author=&#8221;Sara&#8221; job_title=&#8221;Shining Light Baby Leihmutter&#8221; _builder_version=&#8221;4.25.2&#8243; _module_preset=&#8221;default&#8221; global_colors_info=&#8221;{}&#8221;]<\/p>\n<p>Meine erste Reise war alles, was ich mir erhofft hatte, und ich hatte das Gef\u00fchl, dass ich danach einer anderen Familie helfen wollte.<br \/>\nIm Jahr 2021 beschloss ich, mich erneut als Leihmutter bei Shining Light Baby zu bewerben.<br \/>\nSie gaben mir eine zweite Chance, beim Aufbau einer wunderbaren Familie zu helfen, und so wurde ich 2021 mit einer wunderbaren alleinerziehenden Mutter aus Barcelona zusammengebracht.  <\/p>\n<p>Im Jahr 2022 hatten wir genau wie beim ersten Mal einen Embryotransfer, und er war erfolgreich!<br \/>\nIm Jahr 2023 brachte ich ein weiteres s\u00fc\u00dfes kleines M\u00e4dchen zur Welt.<br \/>\nIch habe meine Leihmutterschaft genossen und hatte von Anfang bis Ende eine wunderbare Reise.<br \/>\nIch hatte das Gl\u00fcck, mein letztes Baby per Leihmutterschaft zu bekommen.   <\/p>\n<p>Ich danke allen Mitarbeitern von Shining Light Baby f\u00fcr das Geschenk und die M\u00f6glichkeit, meine letzte Leihmutterschaft zu haben und daf\u00fcr, dass Sie an mich geglaubt haben, dass ich meiner letzten Familie helfen kann. Ich liebe Sie alle bei Shining Light Baby daf\u00fcr, dass Sie die ganze Zeit bei mir waren und sich um mich gek\u00fcmmert haben.<br \/>\nSie haben mir vom Anfang bis zum Ende meiner Reise geholfen. <\/p>\n<p>Wenn ich noch einmal die Gelegenheit h\u00e4tte, einer Familie zu helfen, w\u00fcrde ich nicht zweimal dar\u00fcber nachdenken, mit Shining Light Baby zu arbeiten.<br \/>\nSie bieten Leihmutter und Wunscheltern leidenschaftliche Unterst\u00fctzung, um sicherzustellen, dass ihre Reise reibungslos und sch\u00f6n verl\u00e4uft. <\/p>\n<p>[\/et_pb_testimonial][et_pb_testimonial author=&#8221;David&#8221; job_title=&#8221;Shining Light Beabsichtigter Elternteil&#8221; _builder_version=&#8221;4.25.2&#8243; _module_preset=&#8221;default&#8221; global_colors_info=&#8221;{}&#8221;]Tolle Agentur!<br \/>\nNachdem wir mit anderen Leihmutterschaftsagenturen zu tun hatten, lernten wir Shining Light Baby kennen und hatten vom ersten Moment an das Gef\u00fchl, dass die Dinge anders laufen w\u00fcrden.<br \/>\nSie sind nicht nur ein Kunde oder eine Nummer, sie gehen dar\u00fcber hinaus und nehmen sich Ihres Familienprojekts an &#8211; sie unterst\u00fctzen Sie bei jedem Schritt und sind immer f\u00fcr Sie da!<br \/>\nFast ein Jahr nach unserem Abenteuer sind wir immer noch in Kontakt mit ihnen und f\u00fchlen uns wie eine Familie![\/et_pb_testimonial][\/et_pb_column][\/et_pb_row][\/et_pb_section]<\/p>\n","protected":false},"excerpt":{"rendered":"<p>Warum Shining Light Baby w\u00e4hlen?Wir verstehen Sie haben viele Optionen f\u00fcr eine Leihmutterschaftsagentur und wir freuen uns, dass Sie Shining Light Baby in Betracht ziehen, um Sie auf dieser Reise Ihres Lebens zu begleiten. Wir sind Experten f\u00fcr Leihmutterschaft mit einer langj\u00e4hrigen und tiefen Leidenschaft f\u00fcr das, was wir tun. Mit insgesamt mehr als f\u00fcnfundzwanzig [&hellip;]<\/p>\n","protected":false},"author":18,"featured_media":0,"parent":0,"menu_order":0,"comment_status":"closed","ping_status":"closed","template":"","meta":{"_et_pb_use_builder":"on","_et_pb_old_content":"","_et_gb_content_width":"","footnotes":""},"class_list":["post-9820","page","type-page","status-publish","hentry"],"_links":{"self":[{"href":"https:\/\/shininglightbaby.com\/de\/wp-json\/wp\/v2\/pages\/9820","targetHints":{"allow":["GET"]}}],"collection":[{"href":"https:\/\/shininglightbaby.com\/de\/wp-json\/wp\/v2\/pages"}],"about":[{"href":"https:\/\/shininglightbaby.com\/de\/wp-json\/wp\/v2\/types\/page"}],"author":[{"embeddable":true,"href":"https:\/\/shininglightbaby.com\/de\/wp-json\/wp\/v2\/users\/18"}],"replies":[{"embeddable":true,"href":"https:\/\/shininglightbaby.com\/de\/wp-json\/wp\/v2\/comments?post=9820"}],"version-history":[{"count":2,"href":"https:\/\/shininglightbaby.com\/de\/wp-json\/wp\/v2\/pages\/9820\/revisions"}],"predecessor-version":[{"id":13066,"href":"https:\/\/shininglightbaby.com\/de\/wp-json\/wp\/v2\/pages\/9820\/revisions\/13066"}],"wp:attachment":[{"href":"https:\/\/shininglightbaby.com\/de\/wp-json\/wp\/v2\/media?parent=9820"}],"curies":[{"name":"wp","href":"https:\/\/api.w.org\/{rel}","templated":true}]}}