{"id":9806,"date":"2024-02-27T22:53:46","date_gmt":"2024-02-28T04:53:46","guid":{"rendered":"https:\/\/shininglightbaby.com\/prozess-der-leihmutterschaft-fuer-wunscheltern\/"},"modified":"2026-03-04T09:09:00","modified_gmt":"2026-03-04T15:09:00","slug":"prozess-der-leihmutterschaft-fuer-wunscheltern","status":"publish","type":"page","link":"https:\/\/shininglightbaby.com\/de\/wunscheltern\/prozess-der-leihmutterschaft-fuer-wunscheltern\/","title":{"rendered":"Prozess der Leihmutterschaft f\u00fcr Wunscheltern"},"content":{"rendered":"<p>[et_pb_section fb_built=&#8221;1&#8243; custom_padding_last_edited=&#8221;on|desktop&#8221; admin_label=&#8221;Header&#8221; _builder_version=&#8221;4.27.0&#8243; background_image=&#8221;https:\/\/shininglightbaby.com\/wp-content\/uploads\/2024\/07\/same-sex-male-couple-or-friends-cuddling-sleeping-2024-05-02-17-35-44-utc-scaled.jpg&#8221; custom_margin=&#8221;0px|0px|0px|0px|false|true&#8221; custom_margin_tablet=&#8221;&#8221; custom_margin_phone=&#8221;0px|0px|0px|0px|false|true&#8221; custom_margin_last_edited=&#8221;on|desktop&#8221; custom_padding=&#8221;40px|0px|40px||false|false&#8221; custom_padding_tablet=&#8221;40px||||false|false&#8221; custom_padding_phone=&#8221;&#8221; hover_enabled=&#8221;0&#8243; border_radii_phone=&#8221;on|20px|20px|20px|20px&#8221; border_radii_last_edited=&#8221;off|desktop&#8221; locked=&#8221;off&#8221; global_colors_info=&#8221;{}&#8221; title_text=&#8221;Same Sex Male Couple Or Friends Cuddling Sleeping Baby Daughter On Sofa At Home Together&#8221; sticky_enabled=&#8221;0&#8243;][et_pb_row _builder_version=&#8221;4.26.0&#8243; _module_preset=&#8221;default&#8221; background_color=&#8221;rgba(247,247,247,0.72)&#8221; background_enable_image=&#8221;off&#8221; parallax=&#8221;on&#8221; max_width=&#8221;1200px&#8221; custom_padding=&#8221;80px|20px|80px|20px|false|false&#8221; box_shadow_style=&#8221;preset5&#8243; box_shadow_vertical=&#8221;40px&#8221; box_shadow_blur=&#8221;110px&#8221; box_shadow_spread=&#8221;0px&#8221; global_colors_info=&#8221;{}&#8221;][et_pb_column type=&#8221;4_4&#8243; _builder_version=&#8221;4.25.2&#8243; _module_preset=&#8221;default&#8221; global_colors_info=&#8221;{}&#8221;][et_pb_text _builder_version=&#8221;4.26.0&#8243; _module_preset=&#8221;default&#8221; text_font_size=&#8221;32px&#8221; header_font=&#8221;||||||||&#8221; header_font_size=&#8221;65px&#8221; header_line_height=&#8221;1.2em&#8221; max_width=&#8221;800px&#8221; module_alignment=&#8221;center&#8221; custom_margin=&#8221;||||false|false&#8221; custom_padding=&#8221;0px|0px|0px|0px|false|false&#8221; header_font_size_tablet=&#8221;65px&#8221; header_font_size_phone=&#8221;42px&#8221; header_font_size_last_edited=&#8221;on|phone&#8221; global_colors_info=&#8221;{}&#8221;]<\/p>\n<h1 style=\"text-align: center;\">Leihmutterschaft Prozess<\/h1>\n<p>[\/et_pb_text][et_pb_button button_url=&#8221;@ET-DC@eyJkeW5hbWljIjp0cnVlLCJjb250ZW50IjoicG9zdF9saW5rX3VybF9wYWdlIiwic2V0dGluZ3MiOnsicG9zdF9pZCI6IjE4ODgifX0=@&#8221; button_text=&#8221;Konsultation anfordern&#8221; button_alignment=&#8221;center&#8221; _builder_version=&#8221;4.26.1&#8243; _dynamic_attributes=&#8221;button_url&#8221; custom_button=&#8221;off&#8221; custom_padding=&#8221;0.3em|2em|0.3em|2em|false|true&#8221; box_shadow_style=&#8221;none&#8221; locked=&#8221;off&#8221; global_colors_info=&#8221;{}&#8221; button_bg_enable_color__hover=&#8221;on&#8221; button_text_color__hover=&#8221;#ec9c5a&#8221; button_border_width__hover_enabled=&#8221;on|hover&#8221; button_text_color__hover_enabled=&#8221;off|desktop&#8221; button_bg_color__hover_enabled=&#8221;on|desktop&#8221;][\/et_pb_button][\/et_pb_column][\/et_pb_row][\/et_pb_section][et_pb_section fb_built=&#8221;1&#8243; _builder_version=&#8221;4.25.2&#8243; _module_preset=&#8221;default&#8221; background_color=&#8221;rgba(42,80,90,0.12)&#8221; background_enable_image=&#8221;off&#8221; custom_padding=&#8221;60px||60px||false|false&#8221; global_colors_info=&#8221;{}&#8221;][et_pb_row _builder_version=&#8221;4.24.2&#8243; _module_preset=&#8221;default&#8221; global_colors_info=&#8221;{}&#8221;][et_pb_column type=&#8221;4_4&#8243; _builder_version=&#8221;4.24.2&#8243; _module_preset=&#8221;default&#8221; global_colors_info=&#8221;{}&#8221;][et_pb_heading title=&#8221;Die einzelnen Schritte des Leihmutterschaftsprozesses&#8221; _builder_version=&#8221;4.25.2&#8243; _module_preset=&#8221;default&#8221; global_colors_info=&#8221;{}&#8221;][\/et_pb_heading][et_pb_text _builder_version=&#8221;4.26.1&#8243; _module_preset=&#8221;default&#8221; global_colors_info=&#8221;{}&#8221;]<\/p>\n<p>Jede Leihmutterschaft ist eine lebensver\u00e4ndernde Erfahrung, gef\u00fcllt mit Hoffnung, Mitgef\u00fchl und dem Versprechen, eine Familie zu gr\u00fcnden.<br \/>\nWir von Shining Light Baby haben es uns zur Aufgabe gemacht, Sie bei jedem Schritt dieses unglaublichen Prozesses zu begleiten. <\/p>\n<p>Unser umfassendes Leihmutterschaftsprogramm soll sicherstellen, dass sich sowohl die Leihmutter als auch die Wunscheltern von der ersten Beratung bis zur freudigen Geburt und dar\u00fcber hinaus unterst\u00fctzt, informiert und sicher f\u00fchlen.<\/p>\n<p>Nachfolgend finden Sie die wichtigsten Etappen der Leihmutterschaft. Sie bieten einen klaren und detaillierten Fahrplan, damit Sie verstehen, was Sie erwartet und wie wir Sie bei jedem Schritt begleiten werden.<\/p>\n<p>[\/et_pb_text][et_pb_toggle title=&#8221;KONSULTATION&#8221; open_toggle_background_color=&#8221;#F7F7F7&#8243; closed_toggle_background_color=&#8221;#F7F7F7&#8243; icon_color=&#8221;#000000&#8243; toggle_icon=&#8221;&#x50;||divi||400&#8243; open_icon_color=&#8221;#000000&#8243; open_toggle_icon=&#8221;&#x4f;||divi||400&#8243; _builder_version=&#8221;4.27.0&#8243; _module_preset=&#8221;default&#8221; title_level=&#8221;h4&#8243; title_font_size=&#8221;22px&#8221; title_text_color_tablet=&#8221;&#8221; title_text_color_phone=&#8221;&#8221; title_text_color_last_edited=&#8221;on|phone&#8221; title_font_size_tablet=&#8221;22px&#8221; title_font_size_phone=&#8221;20px&#8221; title_font_size_last_edited=&#8221;on|phone&#8221; global_colors_info=&#8221;{}&#8221;]<\/p>\n<p>Wir vereinbaren mit Ihnen einen Telefonanruf, ein Videomeeting oder einen pers\u00f6nlichen Termin. Wir besprechen alles im Detail mit Ihnen, um sicherzustellen, dass Sie den Prozess mit unserer Agentur und alle damit verbundenen Zusatzinformationen gut verstehen.<br \/>\nUnsere Beratungsgespr\u00e4che sind selbstverst\u00e4ndlich kostenlos.<br \/>\nWir wissen, dass Sie viele Fragen haben werden, denn die Wahl einer Agentur ist eine sehr wichtige Entscheidung, bei der Sie sich sicher f\u00fchlen m\u00fcssen.  <\/p>\n<p>[\/et_pb_toggle][et_pb_toggle title=&#8221;ANMELDUNG BEI SHINING LIGHT BABY&#8221; open_toggle_background_color=&#8221;#F7F7F7&#8243; closed_toggle_background_color=&#8221;#F7F7F7&#8243; icon_color=&#8221;#000000&#8243; toggle_icon=&#8221;&#x50;||divi||400&#8243; open_icon_color=&#8221;#000000&#8243; open_toggle_icon=&#8221;&#x4f;||divi||400&#8243; _builder_version=&#8221;4.24.2&#8243; _module_preset=&#8221;default&#8221; title_level=&#8221;h4&#8243; title_font_size=&#8221;22px&#8221; title_font_size_tablet=&#8221;22px&#8221; title_font_size_phone=&#8221;20px&#8221; title_font_size_last_edited=&#8221;on|phone&#8221; global_colors_info=&#8221;{}&#8221;]<\/p>\n<p>Sobald Sie bereit sind, sich bei unserer Agentur anzumelden, unterzeichnen Sie den Vertrag f\u00fcr zuk\u00fcnftige Eltern und \u00fcberweisen den Vorschuss der Agentur.<br \/>\nZu diesem Zeitpunkt gelten Sie als bereit, mit einer Leihmutter zusammengebracht zu werden.<br \/>\nGleichzeitig f\u00fcllen Sie die Unterlagen f\u00fcr die Wunscheltern aus, einschlie\u00dflich Ihres Profils, das Sie mit Ihrer potenziellen Leihmutter teilen werden.<br \/>\nWenn Sie sich noch nicht f\u00fcr einen Fruchtbarkeitsarzt\/ein Fruchtbarkeitszentrum entschieden haben, k\u00f6nnen wir Sie auch an einen der erstklassigen und hoch angesehenen Fruchtbarkeits\u00e4rzte\/-zentren verweisen, mit denen wir zusammenarbeiten.   <\/p>\n<p>[\/et_pb_toggle][et_pb_toggle title=&#8221;  \u00dcBEREINSTIMMUNG MIT LEIHMUTTER&#8221; open_toggle_background_color=&#8221;#F7F7F7&#8243; closed_toggle_background_color=&#8221;#F7F7F7&#8243; icon_color=&#8221;#000000&#8243; toggle_icon=&#8221;&#x50;||divi||400&#8243; open_icon_color=&#8221;#000000&#8243; open_toggle_icon=&#8221;&#x4f;||divi||400&#8243; _builder_version=&#8221;4.24.2&#8243; _module_preset=&#8221;default&#8221; title_level=&#8221;h4&#8243; title_font_size=&#8221;22px&#8221; title_font_size_tablet=&#8221;22px&#8221; title_font_size_phone=&#8221;20px&#8221; title_font_size_last_edited=&#8221;on|phone&#8221; global_colors_info=&#8221;{}&#8221;]<\/p>\n<p>Wir werden Ihnen Profile von Leihm\u00fcttern auf der Grundlage Ihrer Kriterien, der Pr\u00e4ferenzen, die Sie in Ihrem Beabsichtigten Profil und dem Formular Vertrauliche Informationen angegeben haben, und vor allem auf der Grundlage unserer Gespr\u00e4che mit Ihnen \u00fcber das Matching zur Verf\u00fcgung stellen.<br \/>\nSobald Sie Ihr Interesse an einer Leihmutter bekundet haben und diese ihr gegenseitiges Interesse an Ihrem Profil bekundet hat, wird unsere Agentur ein Matching-Treffen arrangieren, bei dem Sie und die Leihmutter sich treffen k\u00f6nnen, um zu entscheiden, ob Sie weitermachen m\u00f6chten. <\/p>\n<p>Wir von Shining Light Baby glauben, dass eine gute \u00dcbereinstimmung zwischen Wunscheltern und Leihmutter von gr\u00f6\u00dfter Bedeutung ist.<br \/>\nUm dies zu gew\u00e4hrleisten, bewerten wir alle Aspekte einer potenziellen Verbindung, anstatt die Menschen nur anhand einer Checkliste zusammenzubringen.<br \/>\nMit unserer Aufmerksamkeit f\u00fcr die Pr\u00e4ferenzen beider Parteien und unserer umfangreichen Erfahrung bei der Vermittlung von Leihm\u00fcttern und -v\u00e4tern sind die Voraussetzungen f\u00fcr eine reibungslose und gemeinsame Erfahrung gegeben.  <\/p>\n<p>[\/et_pb_toggle][et_pb_toggle title=&#8221;IHR TREUHANDKONTO ER\u00d6FFNEN&#8221; open_toggle_background_color=&#8221;#F7F7F7&#8243; closed_toggle_background_color=&#8221;#F7F7F7&#8243; icon_color=&#8221;#000000&#8243; toggle_icon=&#8221;&#x50;||divi||400&#8243; open_icon_color=&#8221;#000000&#8243; open_toggle_icon=&#8221;&#x4f;||divi||400&#8243; _builder_version=&#8221;4.24.2&#8243; _module_preset=&#8221;default&#8221; title_level=&#8221;h4&#8243; title_font_size=&#8221;22px&#8221; title_font_size_tablet=&#8221;22px&#8221; title_font_size_phone=&#8221;20px&#8221; title_font_size_last_edited=&#8221;on|phone&#8221; global_colors_info=&#8221;{}&#8221;]<\/p>\n<p>Herzlichen Gl\u00fcckwunsch zu Ihrem Treffer!<br \/>\nJetzt, wo Sie an diesem Punkt angelangt sind, m\u00fcssen Sie Ihr Treuhandkonto er\u00f6ffnen.<br \/>\nShining Light Baby arbeitet mit einem seri\u00f6sen und effizienten Treuhandkonto-Unternehmen zusammen, das wir Ihnen empfehlen werden.<br \/>\nZu diesem Zeitpunkt m\u00fcssen Sie auch eine erste Einzahlung auf Ihr Konto vornehmen.   <\/p>\n<p>[\/et_pb_toggle][et_pb_toggle title=&#8221;SURROGAT MEDIZINISCHE UNTERSUCHUNG&#8221; open_toggle_background_color=&#8221;#F7F7F7&#8243; closed_toggle_background_color=&#8221;#F7F7F7&#8243; icon_color=&#8221;#000000&#8243; toggle_icon=&#8221;&#x50;||divi||400&#8243; open_icon_color=&#8221;#000000&#8243; open_toggle_icon=&#8221;&#x4f;||divi||400&#8243; _builder_version=&#8221;4.24.2&#8243; _module_preset=&#8221;default&#8221; title_level=&#8221;h4&#8243; title_font_size=&#8221;22px&#8221; title_font_size_tablet=&#8221;22px&#8221; title_font_size_phone=&#8221;20px&#8221; title_font_size_last_edited=&#8221;on|phone&#8221; global_colors_info=&#8221;{}&#8221;]<\/p>\n<p>Sobald Sie gefunden sind, wird ein Termin f\u00fcr das medizinische Screening Ihrer Leihmutter bei Ihrem Fruchtbarkeitsarzt bzw. in Ihrer Klinik vereinbart.<br \/>\nWir k\u00fcmmern uns um die Reisevorbereitungen Ihrer Leihmutter und stellen sicher, dass alle Details f\u00fcr die Vorsorgeuntersuchungen Ihrer Leihmutter geregelt sind. <\/p>\n<p>[\/et_pb_toggle][et_pb_toggle title=&#8221;RECHTLICHE VEREINBARUNG&#8221; open_toggle_background_color=&#8221;#F7F7F7&#8243; closed_toggle_background_color=&#8221;#F7F7F7&#8243; icon_color=&#8221;#000000&#8243; toggle_icon=&#8221;&#x50;||divi||400&#8243; open_icon_color=&#8221;#000000&#8243; open_toggle_icon=&#8221;&#x4f;||divi||400&#8243; _builder_version=&#8221;4.24.2&#8243; _module_preset=&#8221;default&#8221; title_level=&#8221;h4&#8243; title_font_size=&#8221;22px&#8221; title_font_size_tablet=&#8221;22px&#8221; title_font_size_phone=&#8221;20px&#8221; title_font_size_last_edited=&#8221;on|phone&#8221; global_colors_info=&#8221;{}&#8221;]<\/p>\n<p>Nach der medizinischen Freigabe der Leihmutterschaft wird die Vereinbarung \u00fcber die direkte Leihmutterschaft aufgesetzt und von allen Parteien unterzeichnet.<br \/>\nAlle Parteien m\u00fcssen von verschiedenen Anw\u00e4lten vertreten werden.<br \/>\nShining Light Baby wird Sie mit einem der Anw\u00e4lte zusammenbringen, mit denen wir zusammenarbeiten und die auf die Reproduktion durch Dritte spezialisiert sind, einschlie\u00dflich der Vertragsverhandlungen und aller rechtlichen Angelegenheiten vor und nach der Geburt.<br \/>\nSie k\u00f6nnen sich auch bereits mit einem Anwalt Ihrer Wahl an unsere Agentur wenden, vorausgesetzt, dieser hat Erfahrung auf dem Gebiet der assistierten Reproduktion.<br \/>\nIn jedem Fall werden wir daf\u00fcr sorgen, dass Sie rechtlich in den besten H\u00e4nden sind und dass die von uns ben\u00f6tigten Informationen rechtzeitig zur Verf\u00fcgung stehen.    <\/p>\n<p>[\/et_pb_toggle][et_pb_toggle title=&#8221;  TREUHANDKONTO, VOLLE FINANZIERUNG&#8221; open_toggle_background_color=&#8221;#F7F7F7&#8243; closed_toggle_background_color=&#8221;#F7F7F7&#8243; icon_color=&#8221;#000000&#8243; toggle_icon=&#8221;&#x50;||divi||400&#8243; open_icon_color=&#8221;#000000&#8243; open_toggle_icon=&#8221;&#x4f;||divi||400&#8243; _builder_version=&#8221;4.24.2&#8243; _module_preset=&#8221;default&#8221; title_level=&#8221;h4&#8243; title_font_size=&#8221;22px&#8221; title_font_size_tablet=&#8221;22px&#8221; title_font_size_phone=&#8221;20px&#8221; title_font_size_last_edited=&#8221;on|phone&#8221; global_colors_info=&#8221;{}&#8221;]<\/p>\n<p>Zu dem Zeitpunkt, an dem Ihre direkte rechtliche Vereinbarung von allen Parteien unterzeichnet wird, m\u00fcssen Sie Ihr Treuhandkonto vollst\u00e4ndig gef\u00fcllt haben.<br \/>\nDieser Schritt muss getan werden, bevor Ihre Leihmutter mit der medikament\u00f6sen Vorbereitung auf den Embryotransfer beginnen kann. <\/p>\n<p>[\/et_pb_toggle][et_pb_toggle title=&#8221;  BEGINN DES MEDIKAMENTENPROTOKOLLS&#8221; open_toggle_background_color=&#8221;#F7F7F7&#8243; closed_toggle_background_color=&#8221;#F7F7F7&#8243; icon_color=&#8221;#000000&#8243; toggle_icon=&#8221;&#x50;||divi||400&#8243; open_icon_color=&#8221;#000000&#8243; open_toggle_icon=&#8221;&#x4f;||divi||400&#8243; _builder_version=&#8221;4.24.2&#8243; _module_preset=&#8221;default&#8221; title_level=&#8221;h4&#8243; title_font_size=&#8221;22px&#8221; title_font_size_tablet=&#8221;22px&#8221; title_font_size_phone=&#8221;20px&#8221; title_font_size_last_edited=&#8221;on|phone&#8221; global_colors_info=&#8221;{}&#8221;]<\/p>\n<p>Sobald Sie und Ihre Leihmutter die direkte Vereinbarung unterzeichnet haben und Ihr Treuhandkonto vollst\u00e4ndig gef\u00fcllt ist, wird Ihre Leihmutter mit dem Medikamentenprotokoll f\u00fcr den Embryotransfer beginnen.<br \/>\nVon dem Zeitpunkt, an dem sie mit dem Protokoll beginnt, bis zu Ihrem Transfer vergehen normalerweise etwa 3,5 &#8211; 4 Wochen. <\/p>\n<p>[\/et_pb_toggle][et_pb_toggle title=&#8221;VERSICHERUNGSFRIST&#8221; open_toggle_background_color=&#8221;#F7F7F7&#8243; closed_toggle_background_color=&#8221;#F7F7F7&#8243; icon_color=&#8221;#000000&#8243; toggle_icon=&#8221;&#x50;||divi||400&#8243; open_icon_color=&#8221;#000000&#8243; open_toggle_icon=&#8221;&#x4f;||divi||400&#8243; _builder_version=&#8221;4.24.2&#8243; _module_preset=&#8221;default&#8221; title_level=&#8221;h4&#8243; title_font_size=&#8221;22px&#8221; title_font_size_tablet=&#8221;22px&#8221; title_font_size_phone=&#8221;20px&#8221; title_font_size_last_edited=&#8221;on|phone&#8221; global_colors_info=&#8221;{}&#8221;]<\/p>\n<p>Wenn Sie eine Krankenversicherung f\u00fcr Ihre Leihmutterschaft abschlie\u00dfen m\u00f6chten, ist es wichtig zu wissen, dass einige Versicherungen voraussetzen, dass die Versicherung bereits vor der Schwangerschaft beantragt wurde &#8211; oder es kann sehr viel teurer sein, die Versicherung erst nach der Schwangerschaft (d.h. nach dem Embryotransfer) abzuschlie\u00dfen.<br \/>\nDeshalb wird Shining Light Baby daf\u00fcr sorgen, dass eine solche Versicherung vor dem Embryotransfer abgeschlossen wird. <\/p>\n<p>[\/et_pb_toggle][et_pb_toggle title=&#8221;  EMBRYOTRANSFER&#8221; open_toggle_background_color=&#8221;#F7F7F7&#8243; closed_toggle_background_color=&#8221;#F7F7F7&#8243; icon_color=&#8221;#000000&#8243; toggle_icon=&#8221;&#x50;||divi||400&#8243; open_icon_color=&#8221;#000000&#8243; open_toggle_icon=&#8221;&#x4f;||divi||400&#8243; _builder_version=&#8221;4.24.2&#8243; _module_preset=&#8221;default&#8221; title_level=&#8221;h4&#8243; title_font_size=&#8221;22px&#8221; title_font_size_tablet=&#8221;22px&#8221; title_font_size_phone=&#8221;20px&#8221; title_font_size_last_edited=&#8221;on|phone&#8221; global_colors_info=&#8221;{}&#8221;]<\/p>\n<p>Nach der Unterzeichnung der Direktvereinbarung beginnt Ihre Leihmutter mit dem Medikamentenprotokoll f\u00fcr Ihren bevorstehenden Embryotransfer.<br \/>\nDas ist eine aufregende Zeit f\u00fcr alle!<br \/>\nZuk\u00fcnftige Eltern, die dazu in der Lage sind, k\u00f6nnen dem Transfer pers\u00f6nlich beiwohnen. Andernfalls k\u00f6nnen Sie per Video \u00fcber FaceTime, Whatsapp, Skype, Zoom o.\u00e4. teilnehmen.  <\/p>\n<p>[\/et_pb_toggle][\/et_pb_column][\/et_pb_row][et_pb_row _builder_version=&#8221;4.25.2&#8243; _module_preset=&#8221;default&#8221; global_colors_info=&#8221;{}&#8221;][et_pb_column type=&#8221;4_4&#8243; _builder_version=&#8221;4.24.2&#8243; _module_preset=&#8221;default&#8221; global_colors_info=&#8221;{}&#8221;][et_pb_button button_url=&#8221;@ET-DC@eyJkeW5hbWljIjp0cnVlLCJjb250ZW50IjoicG9zdF9saW5rX3VybF9wYWdlIiwic2V0dGluZ3MiOnsicG9zdF9pZCI6IjE4ODgifX0=@&#8221; button_text=&#8221;Konsultation anfordern&#8221; button_alignment=&#8221;center&#8221; _builder_version=&#8221;4.26.1&#8243; _dynamic_attributes=&#8221;button_url&#8221; custom_button=&#8221;off&#8221; custom_padding=&#8221;0.3em|2em|0.3em|2em|false|true&#8221; box_shadow_style=&#8221;none&#8221; locked=&#8221;off&#8221; global_colors_info=&#8221;{}&#8221; button_bg_enable_color__hover=&#8221;on&#8221; button_text_color__hover=&#8221;#ec9c5a&#8221; button_border_width__hover_enabled=&#8221;on|hover&#8221; button_text_color__hover_enabled=&#8221;off|desktop&#8221; button_bg_color__hover_enabled=&#8221;on|desktop&#8221;][\/et_pb_button][\/et_pb_column][\/et_pb_row][\/et_pb_section][et_pb_section fb_built=&#8221;1&#8243; custom_padding_last_edited=&#8221;on|phone&#8221; _builder_version=&#8221;4.26.0&#8243; _module_preset=&#8221;default&#8221; min_height=&#8221;500px&#8221; custom_padding=&#8221;||60px||false|false&#8221; custom_padding_tablet=&#8221;||60px||false|false&#8221; custom_padding_phone=&#8221;||20px||false|false&#8221; locked=&#8221;off&#8221; global_colors_info=&#8221;{}&#8221;][et_pb_row column_structure=&#8221;1_2,1_2&#8243; _builder_version=&#8221;4.26.0&#8243; _module_preset=&#8221;default&#8221; global_colors_info=&#8221;{}&#8221;][et_pb_column type=&#8221;1_2&#8243; _builder_version=&#8221;4.26.0&#8243; _module_preset=&#8221;default&#8221; global_colors_info=&#8221;{}&#8221;][et_pb_image src=&#8221;https:\/\/shininglightbaby.com\/wp-content\/uploads\/2022\/06\/8.png&#8221; title_text=&#8221;8&#8243; _builder_version=&#8221;4.26.1&#8243; _module_preset=&#8221;default&#8221; global_colors_info=&#8221;{}&#8221;][\/et_pb_image][\/et_pb_column][et_pb_column type=&#8221;1_2&#8243; _builder_version=&#8221;4.26.0&#8243; _module_preset=&#8221;default&#8221; global_colors_info=&#8221;{}&#8221;][et_pb_heading title=&#8221;Wir w\u00fcrden gerne helfen&#8221; _builder_version=&#8221;4.26.1&#8243; _module_preset=&#8221;default&#8221; title_level=&#8221;h2&#8243; title_font_size=&#8221;32px&#8221; title_line_height=&#8221;1.2em&#8221; global_colors_info=&#8221;{}&#8221;][\/et_pb_heading][et_pb_text _builder_version=&#8221;4.26.0&#8243; _module_preset=&#8221;default&#8221; global_colors_info=&#8221;{}&#8221;]<\/p>\n<p>Bei Shining Light Baby koordinieren und erleichtern wir den gesamten Prozess der Leihmutterschaft.<br \/>\nDazu geh\u00f6ren die Kommunikation zwischen allen Parteien, die endg\u00fcltige medizinische Genehmigung f\u00fcr die Leihmutter, die Koordinierung der Reisen, die Weitergabe von Informationen \u00fcber die Leihmutter und das Honorar an die beteiligten Anw\u00e4lte sowie die Vermittlung eines qualifizierten Treuh\u00e4nders, der die Gelder der Wunscheltern verwaltet und sie gem\u00e4\u00df den Bestimmungen der Leihmutterschaftsvereinbarung an die Leihmutter auszahlt. <\/p>\n<p>[\/et_pb_text][et_pb_button button_url=&#8221;@ET-DC@eyJkeW5hbWljIjp0cnVlLCJjb250ZW50IjoicG9zdF9saW5rX3VybF9wYWdlIiwic2V0dGluZ3MiOnsicG9zdF9pZCI6IjUxODMifX0=@&#8221; button_text=&#8221;Unsere Dienstleistungen&#8221; _builder_version=&#8221;4.26.1&#8243; _dynamic_attributes=&#8221;button_url&#8221; custom_button=&#8221;off&#8221; custom_padding=&#8221;0.3em|2em|0.3em|2em|false|true&#8221; box_shadow_style=&#8221;none&#8221; locked=&#8221;off&#8221; global_colors_info=&#8221;{}&#8221; button_bg_enable_color__hover=&#8221;on&#8221; button_text_color__hover=&#8221;#ec9c5a&#8221; button_border_width__hover_enabled=&#8221;on|hover&#8221; button_text_color__hover_enabled=&#8221;off|desktop&#8221; button_bg_color__hover_enabled=&#8221;on|desktop&#8221;][\/et_pb_button][\/et_pb_column][\/et_pb_row][\/et_pb_section]<\/p>\n","protected":false},"excerpt":{"rendered":"<p>Leihmutterschaft ProzessJede Leihmutterschaft ist eine lebensver\u00e4ndernde Erfahrung, gef\u00fcllt mit Hoffnung, Mitgef\u00fchl und dem Versprechen, eine Familie zu gr\u00fcnden. Wir von Shining Light Baby haben es uns zur Aufgabe gemacht, Sie bei jedem Schritt dieses unglaublichen Prozesses zu begleiten. Unser umfassendes Leihmutterschaftsprogramm soll sicherstellen, dass sich sowohl die Leihmutter als auch die Wunscheltern von der ersten [&hellip;]<\/p>\n","protected":false},"author":17,"featured_media":0,"parent":9940,"menu_order":0,"comment_status":"closed","ping_status":"closed","template":"","meta":{"_et_pb_use_builder":"on","_et_pb_old_content":"","_et_gb_content_width":"","footnotes":""},"class_list":["post-9806","page","type-page","status-publish","hentry"],"_links":{"self":[{"href":"https:\/\/shininglightbaby.com\/de\/wp-json\/wp\/v2\/pages\/9806","targetHints":{"allow":["GET"]}}],"collection":[{"href":"https:\/\/shininglightbaby.com\/de\/wp-json\/wp\/v2\/pages"}],"about":[{"href":"https:\/\/shininglightbaby.com\/de\/wp-json\/wp\/v2\/types\/page"}],"author":[{"embeddable":true,"href":"https:\/\/shininglightbaby.com\/de\/wp-json\/wp\/v2\/users\/17"}],"replies":[{"embeddable":true,"href":"https:\/\/shininglightbaby.com\/de\/wp-json\/wp\/v2\/comments?post=9806"}],"version-history":[{"count":2,"href":"https:\/\/shininglightbaby.com\/de\/wp-json\/wp\/v2\/pages\/9806\/revisions"}],"predecessor-version":[{"id":13037,"href":"https:\/\/shininglightbaby.com\/de\/wp-json\/wp\/v2\/pages\/9806\/revisions\/13037"}],"up":[{"embeddable":true,"href":"https:\/\/shininglightbaby.com\/de\/wp-json\/wp\/v2\/pages\/9940"}],"wp:attachment":[{"href":"https:\/\/shininglightbaby.com\/de\/wp-json\/wp\/v2\/media?parent=9806"}],"curies":[{"name":"wp","href":"https:\/\/api.w.org\/{rel}","templated":true}]}}