{"id":9636,"date":"2024-08-01T15:13:16","date_gmt":"2024-08-01T20:13:16","guid":{"rendered":"https:\/\/shininglightbaby.com\/zeitplan-fuer-leihmutterschaft-fuer-zukuenftige-eltern\/"},"modified":"2026-03-04T09:08:26","modified_gmt":"2026-03-04T15:08:26","slug":"zeitplan-fuer-leihmutterschaft-fuer-zukuenftige-eltern","status":"publish","type":"page","link":"https:\/\/shininglightbaby.com\/de\/wunscheltern\/zeitplan-fuer-leihmutterschaft-fuer-zukuenftige-eltern\/","title":{"rendered":"Zeitplan f\u00fcr Leihmutterschaft f\u00fcr zuk\u00fcnftige Eltern"},"content":{"rendered":"<p>[et_pb_section fb_built=&#8221;1&#8243; custom_padding_last_edited=&#8221;on|desktop&#8221; admin_label=&#8221;Header&#8221; _builder_version=&#8221;4.27.0&#8243; background_image=&#8221;https:\/\/shininglightbaby.com\/wp-content\/uploads\/2024\/07\/2149131616.jpg&#8221; custom_margin=&#8221;0px|0px|0px|0px|false|true&#8221; custom_margin_tablet=&#8221;&#8221; custom_margin_phone=&#8221;0px|0px|0px|0px|false|true&#8221; custom_margin_last_edited=&#8221;on|desktop&#8221; custom_padding=&#8221;40px|0px|40px||false|false&#8221; custom_padding_tablet=&#8221;40px||||false|false&#8221; custom_padding_phone=&#8221;&#8221; hover_enabled=&#8221;0&#8243; border_radii_phone=&#8221;on|20px|20px|20px|20px&#8221; border_radii_last_edited=&#8221;off|desktop&#8221; locked=&#8221;off&#8221; global_colors_info=&#8221;{}&#8221; title_text=&#8221;2149131616&#8243; sticky_enabled=&#8221;0&#8243;][et_pb_row _builder_version=&#8221;4.26.0&#8243; _module_preset=&#8221;default&#8221; background_color=&#8221;rgba(247,247,247,0.72)&#8221; background_enable_image=&#8221;off&#8221; parallax=&#8221;on&#8221; max_width=&#8221;1200px&#8221; custom_padding=&#8221;80px|20px|80px|20px|false|false&#8221; box_shadow_style=&#8221;preset5&#8243; box_shadow_vertical=&#8221;40px&#8221; box_shadow_blur=&#8221;110px&#8221; box_shadow_spread=&#8221;0px&#8221; global_colors_info=&#8221;{}&#8221;][et_pb_column type=&#8221;4_4&#8243; _builder_version=&#8221;4.25.2&#8243; _module_preset=&#8221;default&#8221; global_colors_info=&#8221;{}&#8221;][et_pb_text _builder_version=&#8221;4.26.0&#8243; _module_preset=&#8221;default&#8221; text_font_size=&#8221;32px&#8221; header_font=&#8221;||||||||&#8221; header_font_size=&#8221;65px&#8221; header_line_height=&#8221;1.2em&#8221; max_width=&#8221;800px&#8221; module_alignment=&#8221;center&#8221; custom_margin=&#8221;||||false|false&#8221; custom_padding=&#8221;0px|0px|0px|0px|false|false&#8221; header_font_size_tablet=&#8221;65px&#8221; header_font_size_phone=&#8221;42px&#8221; header_font_size_last_edited=&#8221;on|phone&#8221; global_colors_info=&#8221;{}&#8221;]<\/p>\n<h1 style=\"text-align: center;\">Zeitleiste Leihmutterschaft<\/h1>\n<p>[\/et_pb_text][et_pb_button button_url=&#8221;@ET-DC@eyJkeW5hbWljIjp0cnVlLCJjb250ZW50IjoicG9zdF9saW5rX3VybF9wYWdlIiwic2V0dGluZ3MiOnsicG9zdF9pZCI6IjE4ODgiLCJlbmFibGVfaHRtbCI6Im9mZiJ9fQ==@&#8221; button_text=&#8221;Konsultation anfordern&#8221; button_alignment=&#8221;center&#8221; _builder_version=&#8221;4.26.1&#8243; _dynamic_attributes=&#8221;button_url&#8221; custom_button=&#8221;off&#8221; custom_padding=&#8221;0.3em|2em|0.3em|2em|false|true&#8221; box_shadow_style=&#8221;none&#8221; locked=&#8221;off&#8221; global_colors_info=&#8221;{}&#8221; button_bg_enable_color__hover=&#8221;on&#8221; button_text_color__hover=&#8221;#ec9c5a&#8221; button_border_width__hover_enabled=&#8221;on|hover&#8221; button_text_color__hover_enabled=&#8221;off|desktop&#8221; button_bg_color__hover_enabled=&#8221;on|desktop&#8221;][\/et_pb_button][\/et_pb_column][\/et_pb_row][\/et_pb_section][et_pb_section fb_built=&#8221;1&#8243; _builder_version=&#8221;4.25.2&#8243; _module_preset=&#8221;default&#8221; background_color=&#8221;rgba(42,80,90,0.12)&#8221; background_enable_image=&#8221;off&#8221; custom_padding=&#8221;60px||60px||false|false&#8221; global_colors_info=&#8221;{}&#8221;][et_pb_row _builder_version=&#8221;4.24.2&#8243; _module_preset=&#8221;default&#8221; global_colors_info=&#8221;{}&#8221;][et_pb_column type=&#8221;4_4&#8243; _builder_version=&#8221;4.24.2&#8243; _module_preset=&#8221;default&#8221; global_colors_info=&#8221;{}&#8221;][et_pb_heading title=&#8221;Gesch\u00e4tzter Zeitplan f\u00fcr die Wunscheltern&#8221; _builder_version=&#8221;4.27.0&#8243; _module_preset=&#8221;default&#8221; title_level=&#8221;h2&#8243; title_font_size=&#8221;32px&#8221; global_colors_info=&#8221;{}&#8221;][\/et_pb_heading][et_pb_text _builder_version=&#8221;4.26.1&#8243; _module_preset=&#8221;default&#8221; global_colors_info=&#8221;{}&#8221;]<\/p>\n<p>Der folgende Zeitplan ist eine allgemeine Einsch\u00e4tzung des Leihmutterschaftsprozesses mit Shining Light Baby.<br \/>\nBitte beachten Sie, dass individuelle Umst\u00e4nde den zeitlichen Ablauf der einzelnen Phasen stark beeinflussen k\u00f6nnen.   <\/p>\n<p>Die gesch\u00e4tzte Gesamtdauer der Leihmutterschaft ist wie folgt:<\/p>\n<ul>\n<li style=\"list-style-type: none;\">\n<ul>\n<li>Erstkonsultation<\/li>\n<li>Matching-Prozess: 6-12 Monate<\/li>\n<li>Einrichtung eines Treuhandkontos<\/li>\n<li>Medizinische Freigabe: 2-3 Wochen<\/li>\n<li>Rechtliche Vereinbarungen: 4-6 Wochen<\/li>\n<li>Medikation und \u00dcberwachung: 4-6 Wochen<\/li>\n<li>Embryotransfer &amp; Schwangerschaftsbest\u00e4tigung: 2 Wochen<\/li>\n<li>Herzschlag-Best\u00e4tigung: 8-10 Wochen<\/li>\n<li>Planung des ersten Trimesters: 12 Wochen<\/li>\n<li>Zweites und drittes Trimester Planung: 13-40 Wochen<\/li>\n<li>Entbindung und Nachgeburt<\/li>\n<\/ul>\n<\/li>\n<\/ul>\n<h3>Durchschnittlich gesch\u00e4tzter Zeitrahmen: 18-24 Monate<\/h3>\n<p>Dieser umfassende Zeitplan bietet eine allgemeine Einsch\u00e4tzung f\u00fcr den gesamten Leihmutterschaftsprozess, von der ersten Beratung bis zur Geburt Ihres Kindes.<br \/>\nIndividuelle Umst\u00e4nde k\u00f6nnen die Gesamtdauer beeinflussen, aber dieser Leitfaden gibt Ihnen eine klare Vorstellung davon, was Sie auf Ihrer Leihmutterschaftsreise mit Shining Light Baby erwarten k\u00f6nnen. <\/p>\n<p>[\/et_pb_text][\/et_pb_column][\/et_pb_row][et_pb_row _builder_version=&#8221;4.27.0&#8243; _module_preset=&#8221;default&#8221; global_colors_info=&#8221;{}&#8221;][et_pb_column type=&#8221;4_4&#8243; _builder_version=&#8221;4.27.0&#8243; _module_preset=&#8221;default&#8221; global_colors_info=&#8221;{}&#8221;][et_pb_accordion _builder_version=&#8221;4.27.0&#8243; _module_preset=&#8221;default&#8221; custom_margin=&#8221;||||false|false&#8221; global_colors_info=&#8221;{}&#8221;][et_pb_accordion_item title=&#8221;Erstkonsultation&#8221; open=&#8221;on&#8221; _builder_version=&#8221;4.27.0&#8243; _module_preset=&#8221;default&#8221; global_colors_info=&#8221;{}&#8221; toggle_level=&#8221;h4&#8243; toggle_font_size=&#8221;22px&#8221; toggle_font_size_tablet=&#8221;22px&#8221; toggle_font_size_phone=&#8221;20px&#8221; toggle_font_size_last_edited=&#8221;on|phone&#8221;]<\/p>\n<p>Buchen Sie Ihr pers\u00f6nliches Treffen mit Ihrem Shining Light Baby Journey Koordinator.<br \/>\nW\u00e4hrend dieses Treffens besprechen wir Ihre Ziele f\u00fcr die Leihmutterschaft, beantworten alle Fragen, die Sie haben, und erl\u00e4utern die n\u00e4chsten Schritte des Prozesses.<br \/>\nSie f\u00fcllen den notwendigen Papierkram aus und \u00fcberweisen den Vorschuss von $13.500, womit Ihre Reise mit uns offiziell beginnt.  <\/p>\n<p>[\/et_pb_accordion_item][et_pb_accordion_item title=&#8221;Matching-Prozess  &#8221; _builder_version=&#8221;4.27.0&#8243; _module_preset=&#8221;default&#8221; global_colors_info=&#8221;{}&#8221; toggle_level=&#8221;h4&#8243; toggle_font_size=&#8221;22px&#8221; toggle_font_size_tablet=&#8221;22px&#8221; toggle_font_size_phone=&#8221;20px&#8221; toggle_font_size_last_edited=&#8221;on|phone&#8221; open=&#8221;off&#8221;]<\/p>\n<p><strong>6-12 Monate<\/strong> <\/p>\n<p>Arbeiten Sie mit unserem Matching-Team zusammen, um den perfekten Kandidaten f\u00fcr Sie zu finden.<br \/>\nWir bem\u00fchen uns sehr darum, Sie mit einer Leihmutter zusammenzubringen, die Ihre Werte und Erwartungen teilt.<br \/>\nDie Dauer des Matchings kann je nach Ihren spezifischen Kriterien und Pr\u00e4ferenzen variieren.<br \/>\nSobald ein passender Kandidat gefunden ist, haben Sie die M\u00f6glichkeit, Ihre Leihmutter kennenzulernen, um eine starke und unterst\u00fctzende Beziehung zu gew\u00e4hrleisten.   <\/p>\n<p>[\/et_pb_accordion_item][et_pb_accordion_item title=&#8221;Einrichtung eines Treuhandkontos&#8221; _builder_version=&#8221;4.27.0&#8243; _module_preset=&#8221;default&#8221; global_colors_info=&#8221;{}&#8221; toggle_level=&#8221;h4&#8243; toggle_font_size=&#8221;22px&#8221; toggle_font_size_tablet=&#8221;22px&#8221; toggle_font_size_phone=&#8221;20px&#8221; toggle_font_size_last_edited=&#8221;on|phone&#8221; open=&#8221;off&#8221;]<\/p>\n<p>Er\u00f6ffnen Sie Ihr Treuhandkonto und f\u00fcllen Sie es mit einer ersten Einzahlung von 10.000 $ auf.<br \/>\n\u00dcber dieses Konto werden alle finanziellen Transaktionen im Zusammenhang mit der Leihmutterschaft abgewickelt, um sicherzustellen, dass die Gelder sicher und transparent verwaltet werden.<br \/>\nIn dieser Zeit werden wir auch den Termin f\u00fcr das medizinische Screening Ihrer neuen Leihmutter in der Fruchtbarkeitsklinik Ihrer Wahl vereinbaren, je nach Verf\u00fcgbarkeit.  <\/p>\n<p>[\/et_pb_accordion_item][et_pb_accordion_item title=&#8221;Rechtliche Vereinbarungen  &#8221; _builder_version=&#8221;4.27.0&#8243; _module_preset=&#8221;default&#8221; global_colors_info=&#8221;{}&#8221; toggle_level=&#8221;h4&#8243; toggle_font_size=&#8221;22px&#8221; toggle_font_size_tablet=&#8221;22px&#8221; toggle_font_size_phone=&#8221;20px&#8221; toggle_font_size_last_edited=&#8221;on|phone&#8221; open=&#8221;off&#8221;]<\/p>\n<p><strong>4-6 Wochen<\/strong><\/p>\n<p>Beginnen Sie den Prozess der rechtlichen Vereinbarung mit dem Anwalt Ihrer Wahl.<br \/>\nDie rechtliche Vereinbarung ist ein wichtiger Bestandteil, der die Rechte und Pflichten beider Parteien festlegt.<br \/>\nDieser Prozess dauert in der Regel etwa einen Monat.<br \/>\nNach Abschluss wird die volle Entsch\u00e4digung auf dem Treuhandkonto f\u00e4llig.<br \/>\nUnser Team hilft Ihnen dabei, diese Vereinbarungen zu verstehen und abzuschlie\u00dfen, um alle beteiligten Parteien zu sch\u00fctzen.    <\/p>\n<p>[\/et_pb_accordion_item][et_pb_accordion_item title=&#8221;Medikation und \u00dcberwachung  &#8221; _builder_version=&#8221;4.27.0&#8243; _module_preset=&#8221;default&#8221; global_colors_info=&#8221;{}&#8221; toggle_level=&#8221;h4&#8243; toggle_font_size=&#8221;22px&#8221; toggle_font_size_tablet=&#8221;22px&#8221; toggle_font_size_phone=&#8221;20px&#8221; toggle_font_size_last_edited=&#8221;on|phone&#8221; open=&#8221;off&#8221;]<\/p>\n<p><strong>4-6 Wochen<\/strong><\/p>\n<p>Ihre Leihmutter wird mit dem Medikamentenprotokoll zur Vorbereitung des Embryotransfers beginnen.<br \/>\nZu dieser Phase geh\u00f6ren regelm\u00e4\u00dfige Kontrolltermine, um sicherzustellen, dass ihr K\u00f6rper gut auf die Medikamente anspricht.<br \/>\nIhr Fallmanager wird Ihnen dabei helfen, mindestens drei Kontrolltermine f\u00fcr Ihre Leihmutter zu vereinbaren, um die Fortschritte zu verfolgen und gegebenenfalls Anpassungen vorzunehmen.  <\/p>\n<p>[\/et_pb_accordion_item][et_pb_accordion_item title=&#8221;Embryotransfer&#8221; _builder_version=&#8221;4.27.0&#8243; _module_preset=&#8221;default&#8221; global_colors_info=&#8221;{}&#8221; toggle_level=&#8221;h4&#8243; toggle_font_size=&#8221;22px&#8221; toggle_font_size_tablet=&#8221;22px&#8221; toggle_font_size_phone=&#8221;20px&#8221; toggle_font_size_last_edited=&#8221;on|phone&#8221; open=&#8221;off&#8221;]<\/p>\n<p>Zeit f\u00fcr den Embryotransfer!<br \/>\nIhre Leihmutter wird f\u00fcr den Transfer in die Fruchtbarkeitsklinik reisen.<br \/>\nDies ist ein wichtiger Meilenstein, und Sie k\u00f6nnen auch zu diesem Termin kommen, wenn Sie m\u00f6chten.<br \/>\nBeim Transfer wird der Embryo bzw. werden die Embryonen in die Geb\u00e4rmutter der Leihmutter eingepflanzt, mit dem Ziel, eine erfolgreiche Schwangerschaft zu erreichen.   <\/p>\n<p>[\/et_pb_accordion_item][et_pb_accordion_item title=&#8221;Best\u00e4tigung der Schwangerschaft&#8221; _builder_version=&#8221;4.27.0&#8243; _module_preset=&#8221;default&#8221; global_colors_info=&#8221;{}&#8221; toggle_level=&#8221;h4&#8243; toggle_font_size=&#8221;22px&#8221; toggle_font_size_tablet=&#8221;22px&#8221; toggle_font_size_phone=&#8221;20px&#8221; toggle_font_size_last_edited=&#8221;on|phone&#8221; open=&#8221;off&#8221;]<\/p>\n<p><strong>10 Tage nach dem Embryotransfer<\/strong><\/p>\n<p>Ungef\u00e4hr 10 Tage nach dem Embryotransfer wird Ihre Leihmutter den ersten Schwangerschaftstest machen, um die Schwangerschaft zu best\u00e4tigen.<br \/>\nDies ist eine aufregende und hoffnungsvolle Zeit, in der Sie auf die erste Best\u00e4tigung der Schwangerschaft warten. <\/p>\n<p>[\/et_pb_accordion_item][et_pb_accordion_item title=&#8221;Herzschlag-Best\u00e4tigung&#8221; _builder_version=&#8221;4.27.0&#8243; _module_preset=&#8221;default&#8221; global_colors_info=&#8221;{}&#8221; toggle_level=&#8221;h4&#8243; toggle_font_size=&#8221;22px&#8221; toggle_font_size_tablet=&#8221;22px&#8221; toggle_font_size_phone=&#8221;20px&#8221; toggle_font_size_last_edited=&#8221;on|phone&#8221; open=&#8221;off&#8221;]<\/p>\n<p>Etwa in der 8-10. Schwangerschaftswoche wird ein Ultraschall zur Best\u00e4tigung der Herzt\u00f6ne durchgef\u00fchrt.<br \/>\nDieser Meilenstein zeigt an, dass die Schwangerschaft gut voranschreitet.<br \/>\nSobald der Herzschlag best\u00e4tigt ist, verl\u00e4sst Ihre Leihmutter die Betreuung durch die Fertilit\u00e4tsklinik und wechselt f\u00fcr die weitere pr\u00e4natale Betreuung zu einem Anbieter ihrer Wahl.  <\/p>\n<p>[\/et_pb_accordion_item][et_pb_accordion_item title=&#8221;Planung des ersten Trimesters&#8221; _builder_version=&#8221;4.27.0&#8243; _module_preset=&#8221;default&#8221; global_colors_info=&#8221;{}&#8221; toggle_level=&#8221;h4&#8243; toggle_font_size=&#8221;22px&#8221; toggle_font_size_tablet=&#8221;22px&#8221; toggle_font_size_phone=&#8221;20px&#8221; toggle_font_size_last_edited=&#8221;on|phone&#8221; open=&#8221;off&#8221;]<\/p>\n<p>W\u00e4hrend des ersten Trimesters (12 Wochen) beginnen Sie mit wichtigen Vorbereitungen wie dem Abschluss einer Versicherung f\u00fcr das Neugeborene und dem Abschluss des Elternschaftsvertrags.<br \/>\nIn dieser Phase geht es darum, die Ankunft des Babys zu planen und sicherzustellen, dass alle rechtlichen und logistischen Details geregelt sind. <\/p>\n<p>[\/et_pb_accordion_item][et_pb_accordion_item title=&#8221;Zweites und drittes Trimester Planung  &#8221; _builder_version=&#8221;4.27.0&#8243; _module_preset=&#8221;default&#8221; global_colors_info=&#8221;{}&#8221; toggle_level=&#8221;h4&#8243; toggle_font_size=&#8221;22px&#8221; toggle_font_size_tablet=&#8221;22px&#8221; toggle_font_size_phone=&#8221;20px&#8221; toggle_font_size_last_edited=&#8221;on|phone&#8221; open=&#8221;off&#8221;]<\/p>\n<p>  W\u00e4hrend die Schwangerschaft im zweiten und dritten Trimester (13-40 Wochen) fortschreitet, werden Sie weiter an der Elternschaftsvereinbarung arbeiten und Ihren Geburtsplan fertigstellen.<br \/>\nDazu geh\u00f6ren auch Vorkehrungen f\u00fcr die Entbindung und die Vorbereitung auf die Ankunft Ihres Babys.<br \/>\nRegelm\u00e4\u00dfige Kommunikation mit Ihrer Leihmutter stellt sicher, dass alles nach Plan l\u00e4uft.  <\/p>\n<p>[\/et_pb_accordion_item][et_pb_accordion_item title=&#8221;Entbindung und Nachgeburt  &#8221; _builder_version=&#8221;4.27.0&#8243; _module_preset=&#8221;default&#8221; global_colors_info=&#8221;{}&#8221; toggle_level=&#8221;h4&#8243; toggle_font_size=&#8221;22px&#8221; toggle_font_size_tablet=&#8221;22px&#8221; toggle_font_size_phone=&#8221;20px&#8221; toggle_font_size_last_edited=&#8221;on|phone&#8221; open=&#8221;off&#8221;]<\/p>\n<p>Der Moment, auf den Sie gewartet haben, ist da!<br \/>\nIhr neuer Wonneproppen ist da.<br \/>\nMit der Geburt ist der Prozess der Leihmutterschaft abgeschlossen. Wir helfen Ihnen bei der Bew\u00e4ltigung der Zeit unmittelbar nach der Geburt, einschlie\u00dflich der Beschaffung der notwendigen rechtlichen Dokumente und der Gew\u00e4hrleistung eines reibungslosen \u00dcbergangs f\u00fcr Sie und Ihr Baby.  <\/p>\n<p>[\/et_pb_accordion_item][\/et_pb_accordion][\/et_pb_column][\/et_pb_row][et_pb_row _builder_version=&#8221;4.25.2&#8243; _module_preset=&#8221;default&#8221; global_colors_info=&#8221;{}&#8221;][et_pb_column type=&#8221;4_4&#8243; _builder_version=&#8221;4.24.2&#8243; _module_preset=&#8221;default&#8221; global_colors_info=&#8221;{}&#8221;][et_pb_button button_url=&#8221;@ET-DC@eyJkeW5hbWljIjp0cnVlLCJjb250ZW50IjoicG9zdF9saW5rX3VybF9wYWdlIiwic2V0dGluZ3MiOnsicG9zdF9pZCI6IjE4ODgiLCJlbmFibGVfaHRtbCI6Im9mZiJ9fQ==@&#8221; button_text=&#8221;Konsultation anfordern&#8221; button_alignment=&#8221;center&#8221; _builder_version=&#8221;4.26.1&#8243; _dynamic_attributes=&#8221;button_url&#8221; custom_button=&#8221;off&#8221; custom_padding=&#8221;0.3em|2em|0.3em|2em|false|true&#8221; box_shadow_style=&#8221;none&#8221; locked=&#8221;off&#8221; global_colors_info=&#8221;{}&#8221; button_bg_enable_color__hover=&#8221;on&#8221; button_text_color__hover=&#8221;#ec9c5a&#8221; button_border_width__hover_enabled=&#8221;on|hover&#8221; button_text_color__hover_enabled=&#8221;off|desktop&#8221; button_bg_color__hover_enabled=&#8221;on|desktop&#8221;][\/et_pb_button][\/et_pb_column][\/et_pb_row][\/et_pb_section][et_pb_section fb_built=&#8221;1&#8243; custom_padding_last_edited=&#8221;on|phone&#8221; _builder_version=&#8221;4.26.0&#8243; _module_preset=&#8221;default&#8221; min_height=&#8221;500px&#8221; custom_padding=&#8221;||60px||false|false&#8221; custom_padding_tablet=&#8221;||60px||false|false&#8221; custom_padding_phone=&#8221;||20px||false|false&#8221; locked=&#8221;off&#8221; global_colors_info=&#8221;{}&#8221;][et_pb_row column_structure=&#8221;1_2,1_2&#8243; _builder_version=&#8221;4.26.0&#8243; _module_preset=&#8221;default&#8221; global_colors_info=&#8221;{}&#8221;][et_pb_column type=&#8221;1_2&#8243; _builder_version=&#8221;4.26.0&#8243; _module_preset=&#8221;default&#8221; global_colors_info=&#8221;{}&#8221;][et_pb_image src=&#8221;https:\/\/shininglightbaby.com\/wp-content\/uploads\/2022\/06\/10.png&#8221; title_text=&#8221;10&#8243; align=&#8221;center&#8221; _builder_version=&#8221;4.27.0&#8243; _module_preset=&#8221;default&#8221; hover_enabled=&#8221;0&#8243; global_colors_info=&#8221;{}&#8221; force_fullwidth=&#8221;on&#8221; sticky_enabled=&#8221;0&#8243;][\/et_pb_image][\/et_pb_column][et_pb_column type=&#8221;1_2&#8243; _builder_version=&#8221;4.26.0&#8243; _module_preset=&#8221;default&#8221; global_colors_info=&#8221;{}&#8221;][et_pb_heading title=&#8221;Beginnen Sie Ihre Reise zur Leihmutterschaft  &#8221; _builder_version=&#8221;4.26.1&#8243; _module_preset=&#8221;default&#8221; title_level=&#8221;h2&#8243; title_font_size=&#8221;32px&#8221; title_line_height=&#8221;1.2em&#8221; global_colors_info=&#8221;{}&#8221;][\/et_pb_heading][et_pb_text _builder_version=&#8221;4.26.0&#8243; _module_preset=&#8221;default&#8221; global_colors_info=&#8221;{}&#8221;]<\/p>\n<p>Bei Shining Light Baby begleiten wir Sie durch jeden Schritt des Leihmutterschaftsprozesses und sorgen daf\u00fcr, dass Sie sich w\u00e4hrend des gesamten Prozesses unterst\u00fctzt und informiert f\u00fchlen.<br \/>\nVon der ersten Beratung bis hin zu dem freudigen Moment, in dem Sie Ihr Kind in Empfang nehmen, ist unser engagiertes Team bestrebt, Ihre Erfahrung so reibungslos und erf\u00fcllend wie m\u00f6glich zu gestalten. <\/p>\n<p>Wenn Sie bereit sind, den ersten Schritt in Richtung Familiengr\u00fcndung oder -erweiterung durch Leihmutterschaft zu machen, kontaktieren Sie uns noch heute f\u00fcr ein kostenloses Beratungsgespr\u00e4ch, um Ihre M\u00f6glichkeiten zu besprechen.  <\/p>\n<p>[\/et_pb_text][et_pb_button button_url=&#8221;@ET-DC@eyJkeW5hbWljIjp0cnVlLCJjb250ZW50IjoicG9zdF9saW5rX3VybF9wYWdlIiwic2V0dGluZ3MiOnsicG9zdF9pZCI6IjE4ODgiLCJlbmFibGVfaHRtbCI6Im9mZiJ9fQ==@&#8221; button_text=&#8221;Konsultation anfordern&#8221; _builder_version=&#8221;4.27.0&#8243; _dynamic_attributes=&#8221;button_url&#8221; custom_button=&#8221;off&#8221; custom_padding=&#8221;0.3em|2em|0.3em|2em|false|true&#8221; box_shadow_style=&#8221;none&#8221; locked=&#8221;off&#8221; global_colors_info=&#8221;{}&#8221; button_bg_enable_color__hover=&#8221;on&#8221; button_text_color__hover=&#8221;#ec9c5a&#8221; button_border_width__hover_enabled=&#8221;on|hover&#8221; button_text_color__hover_enabled=&#8221;off|desktop&#8221; button_bg_color__hover_enabled=&#8221;on|desktop&#8221;][\/et_pb_button][\/et_pb_column][\/et_pb_row][\/et_pb_section]<\/p>\n","protected":false},"excerpt":{"rendered":"<p>Zeitleiste LeihmutterschaftDer folgende Zeitplan ist eine allgemeine Einsch\u00e4tzung des Leihmutterschaftsprozesses mit Shining Light Baby. Bitte beachten Sie, dass individuelle Umst\u00e4nde den zeitlichen Ablauf der einzelnen Phasen stark beeinflussen k\u00f6nnen. Die gesch\u00e4tzte Gesamtdauer der Leihmutterschaft ist wie folgt: Erstkonsultation Matching-Prozess: 6-12 Monate Einrichtung eines Treuhandkontos Medizinische Freigabe: 2-3 Wochen Rechtliche Vereinbarungen: 4-6 Wochen Medikation und \u00dcberwachung: [&hellip;]<\/p>\n","protected":false},"author":20,"featured_media":0,"parent":9940,"menu_order":0,"comment_status":"closed","ping_status":"closed","template":"","meta":{"_et_pb_use_builder":"on","_et_pb_old_content":"","_et_gb_content_width":"","footnotes":""},"class_list":["post-9636","page","type-page","status-publish","hentry"],"_links":{"self":[{"href":"https:\/\/shininglightbaby.com\/de\/wp-json\/wp\/v2\/pages\/9636","targetHints":{"allow":["GET"]}}],"collection":[{"href":"https:\/\/shininglightbaby.com\/de\/wp-json\/wp\/v2\/pages"}],"about":[{"href":"https:\/\/shininglightbaby.com\/de\/wp-json\/wp\/v2\/types\/page"}],"author":[{"embeddable":true,"href":"https:\/\/shininglightbaby.com\/de\/wp-json\/wp\/v2\/users\/20"}],"replies":[{"embeddable":true,"href":"https:\/\/shininglightbaby.com\/de\/wp-json\/wp\/v2\/comments?post=9636"}],"version-history":[{"count":2,"href":"https:\/\/shininglightbaby.com\/de\/wp-json\/wp\/v2\/pages\/9636\/revisions"}],"predecessor-version":[{"id":12990,"href":"https:\/\/shininglightbaby.com\/de\/wp-json\/wp\/v2\/pages\/9636\/revisions\/12990"}],"up":[{"embeddable":true,"href":"https:\/\/shininglightbaby.com\/de\/wp-json\/wp\/v2\/pages\/9940"}],"wp:attachment":[{"href":"https:\/\/shininglightbaby.com\/de\/wp-json\/wp\/v2\/media?parent=9636"}],"curies":[{"name":"wp","href":"https:\/\/api.w.org\/{rel}","templated":true}]}}